{"id":10365,"date":"2021-03-18T14:58:49","date_gmt":"2021-03-18T14:58:49","guid":{"rendered":"http:\/\/uvmk.unet.mk\/?page_id=10365"},"modified":"2021-03-23T11:45:50","modified_gmt":"2021-03-23T11:45:50","slug":"rreth-nesh","status":"publish","type":"page","link":"https:\/\/uvmk.gov.mk\/sq\/rreth-nesh\/","title":{"rendered":"Rreth nesh"},"content":{"rendered":"<p><strong>Zyra p\u00ebr udh\u00ebheqje me librat e gjendjes civile<\/strong>&nbsp;(n\u00eb tekstin e m\u00ebtejm\u00eb Zyra) \u00ebsht\u00eb themeluar n\u00eb p\u00ebrputhje me nenin 1 t\u00eb Ligjit p\u00ebr ndryshim dhe plot\u00ebsim t\u00eb Ligjit p\u00ebr Regjistrin e gjendjes civile (Gazeta Zyrtare No.98 \/ 08), e cila ka hyr\u00eb n\u00eb fuqi m\u00eb 12 gusht t\u00eb vitit 2008 , si organ brenda Ministris\u00eb s\u00eb Drejt\u00ebsis\u00eb me status t\u00eb personit juridik. P\u00ebrgjegj\u00ebsia kryesore e Zyr\u00ebs n\u00eb baz\u00eb t\u00eb k\u00ebtij ligji \u00ebsht\u00eb udh\u00ebheqja me regjistrat e lindjeve, martesave dhe vdekjeve (manuale dhe form\u00eb elektronike), mbrojtjen dhe rruajtjen e tyre, l\u00ebshimin e \u00e7ertifikatave, \u00e7ertifikatave t\u00eb lindjes, transkriptave dhe kopjeve t\u00eb bazuara n\u00eb librave e gjendjes civile, udh\u00ebheqjen e procedur\u00ebs dhe p\u00ebrpilimin e t\u00eb dh\u00ebnave p\u00ebr nj\u00eb f\u00ebmij\u00eb t\u00eb gjetur, rikuperimin e librave t\u00eb gjendjes civile, t\u00eb d\u00ebmtuar ose t\u00eb humbur.<\/p>\n\n\n\n<p>N\u00eb regjistrat e lindjeve, martesave dhe vdekjeve evidentohen t\u00eb dh\u00ebnat n\u00eb lidhje me regjistrimin e lindjeve, martesave dhe vdekjeve t\u00eb qytetar\u00ebve t\u00eb Republik\u00ebs s\u00eb Maqedonis\u00eb, pa marr\u00eb parasysh n\u00ebse ata jetojn\u00eb apo jo n\u00eb vend, si dhe t\u00eb dh\u00ebnat n\u00eb lidhje me regjistrimin e lindjeve, martesave dhe vdekjeve t\u00eb t\u00eb huajve dhe personave q\u00eb nuk kan\u00eb shtet\u00ebsi t\u00eb Republik\u00ebs s\u00eb Maqedonis\u00eb dhe q\u00eb kan\u00eb ndodhur n\u00eb territorin e Republik\u00ebs s\u00eb Maqedonis\u00eb. Zyra p\u00ebr udh\u00ebheqje me librat e gjendjes civile drejtohet nga Drejtori, me mandat prej kat\u00ebr vjet\u00ebsh i cili em\u00ebrohet dhe shkarkohet nga Qeveria me propozimin e Ministrit t\u00eb Drejt\u00ebsis\u00eb.<\/p>\n\n\n\n<h2 class=\"wp-block-heading\"><strong>Organizimi<\/strong><\/h2>\n\n\n\n<p>Zyra p\u00ebr udh\u00ebheqje me librat e gjendjes civile ,sipas Rregullores p\u00ebr organizimin e brendsh\u00ebm, \u00ebsht\u00eb e organizuar n\u00eb tre sektor\u00eb, si m\u00eb posht\u00eb:<\/p>\n\n\n\n<p>&#8211;&nbsp;<strong>Sektori p\u00ebr pun\u00eb administrative dhe mbik\u00ebqyr\u00ebse,planifikim dhe analiz\u00eb t\u00eb gjendjes civile, q\u00eb p\u00ebrb\u00ebhet nga 4 departamente (Departamenti p\u00ebr trajtimin e \u00e7\u00ebshtjeve administrative,&nbsp;Departamenti p\u00ebr detyra projektuese, planifikim dhe analiza si dhe bashk\u00ebpunim nd\u00ebrkomb\u00ebtar,&nbsp;Departamenti p\u00ebr mbik\u00ebqyrje t\u00eb gjendjeve civile dhe komunikim me Ministrin\u00eb e Brendshme dhe organe t\u00eb tjera shtet\u00ebrore dhe institucionale,&nbsp;Departamenti p\u00ebr \u00e7\u00ebshtje normative &#8211; juridike dhe \u00e7\u00ebshtje administrative), 8 departamente rajonale, 26 zyrat rajonale t\u00eb departamenteve p\u00ebr udh\u00ebheqje me librat e gjendjes civile dhe 239 zyra lokale p\u00ebr udh\u00ebheqje me librat e gjendjes civile.;<\/strong><\/p>\n\n\n\n<p>&#8211;&nbsp;<strong>Sektori p\u00ebr \u00e7\u00ebshtje financiare<\/strong>, i cili p\u00ebrb\u00ebhet nga 4 departamente:&nbsp;<strong>Departamenti p\u00ebr koordinimin e buxhetit<\/strong>,&nbsp;<strong>Departamenti p\u00ebr kontroll\u00eb t\u00eb buxhetit<\/strong>,&nbsp;<strong>Departamenti i kontabilitetit dhe pagesave<\/strong>&nbsp;dhe&nbsp;<strong>Departamenti i prokurimit publik.<\/strong><\/p>\n\n\n\n<p>&#8211;&nbsp;<strong>Sektori i teknologjis\u00eb informative<\/strong>,i cili ka 2 nj\u00ebsi n\u00eb struktur\u00ebn e saj:&nbsp;<strong>Departamenti p\u00ebr Administrimin e Sistemit dhe Rrjetit<\/strong>&nbsp;dhe&nbsp;<strong>Departamenti p\u00ebr zhvillimin dhe mb\u00ebshtetjen softuerike.<\/strong>.<\/p>\n\n\n\n<p>Brenda struktur\u00ebs organizative t\u00eb Zyr\u00ebs, ekzistojn\u00eb edhe dy departamente:&nbsp;<strong>Departamenti p\u00ebr menaxhim t\u00eb burimeve njer\u00ebzore<\/strong>&nbsp;dhe&nbsp;<strong>Departamenti p\u00ebr revizion t\u00eb brendsh\u00ebm<\/strong>.<\/p>\n\n\n\n<p><a href=\"http:\/\/uvmk.gov.mk\/sq\/te-dhena-te-shkurtera-mbi-kompetencat-e-te-tre-sektoreve\/\" data-type=\"URL\">T\u00cb DH\u00cbNA T\u00cb SHKURT\u00cbRA MBI KOMPETENCAT E T\u00cb TRE SEKTOR\u00cbVE<\/a><\/p>\n\n\n\n<p><a href=\"http:\/\/uvmk.gov.mk\/wp-content\/uploads\/2021\/03\/\u041e\u0420\u0413\u0410\u041d\u041e\u0413\u0420\u0410\u041c-\u0421\u0415\u041a\u0422\u041e\u0420-\u0417\u0410-\u041c\u0410\u0422\u0418\u0427\u041d\u041e-\u0420\u0410\u0411\u041e\u0422\u0415\u040a\u0415.pdf\" target=\"_blank\" rel=\"noreferrer noopener\">Organogrami i Sektorit p\u00ebr \u00e7\u00ebshtje administrative-mbik\u00ebqyr\u00ebse n\u00eb fush\u00ebn e udh\u00ebheqjes me librat e gjendjes civile, planifikimit dhe analiz\u00ebs<\/a><\/p>\n\n\n\n<p><a href=\"http:\/\/uvmk.gov.mk\/wp-content\/uploads\/2021\/03\/\u041e\u0420\u0413\u0410\u041d\u041e\u0413\u0420\u0410\u041c-\u041d\u0410-\u0423\u041f\u0420\u0410\u0412\u0410\u0422\u0410-\u0417\u0410-\u0412\u041e\u0414\u0415\u040a\u0415-\u041d\u0410-\u041c\u0410\u0422\u0418\u0427\u041d\u0418\u0422\u0415-\u041a\u041d\u0418\u0413\u0418.pdf\" target=\"_blank\" rel=\"noreferrer noopener\">Organogrami i Zyr\u00ebs p\u00ebr udh\u00ebheqje me librat e gjendjes civile<\/a><\/p>","protected":false},"excerpt":{"rendered":"<p>Zyra p\u00ebr udh\u00ebheqje me librat e gjendjes civile&nbsp;(n\u00eb tekstin e m\u00ebtejm\u00eb Zyra) \u00ebsht\u00eb themeluar n\u00eb p\u00ebrputhje me nenin 1 t\u00eb Ligjit p\u00ebr ndryshim dhe plot\u00ebsim t\u00eb Ligjit p\u00ebr Regjistrin e gjendjes civile (Gazeta Zyrtare No.98 \/ 08), e cila ka hyr\u00eb n\u00eb fuqi m\u00eb 12 gusht t\u00eb vitit 2008 , si organ brenda Ministris\u00eb s\u00eb [&hellip;]<\/p>","protected":false},"author":1,"featured_media":0,"parent":0,"menu_order":0,"comment_status":"closed","ping_status":"closed","template":"","meta":[],"_links":{"self":[{"href":"https:\/\/uvmk.gov.mk\/sq\/wp-json\/wp\/v2\/pages\/10365"}],"collection":[{"href":"https:\/\/uvmk.gov.mk\/sq\/wp-json\/wp\/v2\/pages"}],"about":[{"href":"https:\/\/uvmk.gov.mk\/sq\/wp-json\/wp\/v2\/types\/page"}],"author":[{"embeddable":true,"href":"https:\/\/uvmk.gov.mk\/sq\/wp-json\/wp\/v2\/users\/1"}],"replies":[{"embeddable":true,"href":"https:\/\/uvmk.gov.mk\/sq\/wp-json\/wp\/v2\/comments?post=10365"}],"version-history":[{"count":5,"href":"https:\/\/uvmk.gov.mk\/sq\/wp-json\/wp\/v2\/pages\/10365\/revisions"}],"predecessor-version":[{"id":10453,"href":"https:\/\/uvmk.gov.mk\/sq\/wp-json\/wp\/v2\/pages\/10365\/revisions\/10453"}],"wp:attachment":[{"href":"https:\/\/uvmk.gov.mk\/sq\/wp-json\/wp\/v2\/media?parent=10365"}],"curies":[{"name":"wp","href":"https:\/\/api.w.org\/{rel}","templated":true}]}}