{"id":10367,"date":"2021-03-18T14:59:33","date_gmt":"2021-03-18T14:59:33","guid":{"rendered":"http:\/\/uvmk.unet.mk\/?page_id=10367"},"modified":"2025-10-09T11:52:20","modified_gmt":"2025-10-09T11:52:20","slug":"kompetencat-e-sektoreve-administrativ","status":"publish","type":"page","link":"https:\/\/uvmk.gov.mk\/sq\/kompetencat-e-sektoreve-administrativ\/","title":{"rendered":"Kompetencat e sektor\u00ebve administrativ"},"content":{"rendered":"<h2 class=\"wp-block-heading\">SEKTORI P\u00cbR PUN\u00cb ADMINISTRATIVE DHE MBIKQYR\u00cb SE N\u00cb FUSH\u00cbN E LIBRIT AM\u00cb , PLANIFIKIMIT DHE ANALIZ\u00cbS<\/h2>\r\n\r\n\r\n\r\n<p>N\u00eb sektorin p\u00ebr pun\u00eb administrative dhe mbik\u00ebqyr\u00ebse n\u00eb fush\u00ebn e librit am\u00eb, planifikimit dhe analiz\u00ebs trajtothen pun\u00eb dhe detyra q\u00eb lidhen me trajtimin e pun\u00ebve administrative nga fusha e librit am\u00eb dhe mbik\u00ebqyrjen e libri am\u00eb n\u00eb t\u00eb gjith\u00eb teritorrin Republik\u00ebs s\u00eb Maqedonis\u00eb s\u00eb Veriut,duke krijuar k\u00ebshtu analiza dhe komunikimi t\u00eb vazhduesh\u00ebm me Ministrin\u00eb e Brendshme , institucionet dhe organet e e saj si dhe zhvillimin dhe promovimin e k\u00ebtij bashkpunimi; Puna e projektit, planifikimi, analiza dhe bashk\u00ebpunimi nd\u00ebrkomb\u00ebtar dhe \u00e7\u00ebshtje t\u00eb tjera q\u00eb kan\u00eb t\u00eb b\u00ebjn\u00eb me zbatimin e ligjeve dhe rregulloreve t\u00eb tjerr\u00eb nga fusha e librit am\u00eb.<\/p>\r\n\r\n\r\n\r\n<h2 class=\"wp-block-heading\">SEKTORI P\u00cbR PUN\u00cb NORMATIVO-LIGJORE, MATERIALE-FINANCIARE DHE ADMINISTRATIVE<\/h2>\r\n\r\n\r\n\r\n<p>N\u00eb sektorin p\u00ebr pun\u00eb normativo-ligjore,materiale-financiare dhe administrative kryhen detyra q\u00eb lidhen me p\u00ebrgatitjen e mendimeve mbi propozimet p\u00ebr fillimin e procedurave, p\u00ebr vler\u00ebsimin e kushtetushm\u00ebris\u00eb dhe ligjshm\u00ebris\u00eb s\u00eb akteve ekzistuese normative-ligjore, rregulloret,udh\u00ebzimet, monitorimi ligjor\u00eb i admnistrat\u00ebs, p\u00ebrgatitja e akteve n\u00ebnligjore,monitorimi i rregulloreve nd\u00ebrkomb\u00ebtare, planet financiare, pun\u00ebt e operacioneve me pages\u00eb, p\u00ebrgatitja e buxhetit t\u00eb Drejtoris\u00eb, menaxhimi i kontabilitetit, operacionet e thesarit, marrjen caktimin dhe d\u00ebrgimin e post\u00ebs, mbajtjen e sh\u00ebnimeve dhe gj\u00ebra t\u00eb tjera.<\/p>\r\n\r\n\r\n\r\n<h2 class=\"wp-block-heading\">SEKTORI P\u00cbR TEKNOLOGJIN\u00cb INFORMATIKE<\/h2>\r\n\r\n\r\n\r\n<p>N\u00eb Sektorin e Teknologjis\u00eb Infomatike kryhen detyrat dhe pun\u00ebt nga rrethi i administrate\u00ebs e cila ka lidhje me teknologjin\u00eb e informacionit, si m\u00eb posht\u00eb:<\/p>\r\n\r\n\r\n\r\n<p>&#8211; \u00e7\u00ebshtjet e monitorimit dhe p\u00ebrpunimit n\u00eb lidhje me organizimin dhe zhvillimin e sistemit t\u00eb informacionit n\u00eb Regjistrin p\u00ebr Regjistrin e Lindjeve dhe propozimin e masave p\u00ebr promovimin e tyre,<br \/>&#8211; planifikimin e zhvillimit t\u00eb sistemit t\u00eb informacionit, rrjetit t\u00eb transmetimit t\u00eb t\u00eb dh\u00ebnave n\u00eb Drejtorin\u00eb,<br \/>&#8211; planifikimin e zhvillimit t\u00eb sistemit t\u00eb informacionit, transferimit e t\u00eb dh\u00ebnave t\u00eb rrjetit n\u00eb administrat\u00eb, monitorimin, p\u00ebrpunimin dhe evoluimin e aplikimit t\u00eb teknologjive t\u00eb reja t\u00eb informacionit n\u00eb fush\u00ebn e sistemit t\u00eb informacionit ,dhe studimin e nevojave p\u00ebr mund\u00ebsin\u00eb e futjes s\u00eb sh\u00ebrbimeve t\u00eb reja t\u00eb informacionit,<br \/>&#8211; koordinimi nd\u00ebrmjet nj\u00ebsive organizative n\u00eb fush\u00ebn e p\u00ebrpunimit automatik dhe pjes\u00ebmarrjes s\u00eb drejtp\u00ebrdrejt\u00eb n\u00eb t\u00eb, duke analizuar nevojat dhe duke propozuar masa p\u00ebr zhvillimin e sistemit t\u00eb informacionit,<br \/>&#8211; p\u00ebrgatitjen e analizave ,informatave dhe dokumenteve t\u00eb tjera p\u00ebr aspekte t\u00eb caktuara t\u00eb sistemit informativ,<br \/>&#8211; zhvillimi i strategjive p\u00ebr zhvillim, p\u00ebrmir\u00ebsim t\u00eb sistemit dhe siguris\u00eb s\u00eb IT;<br \/>&#8211; p\u00ebrgatitjen e projekteve t\u00eb bazuara n\u00eb dokumentet strategjike t\u00eb sektorit t\u00eb IKT;<br \/>&#8211; planifikimi,evulimin, vler\u00ebsimi dhe zbatimin e siguris\u00eb fizike dhe IT;<br \/>&#8211; sigurimin e besueshm\u00ebris\u00eb, sakt\u00ebsis\u00eb dhe p\u00ebrdorshm\u00ebris\u00eb s\u00eb t\u00eb dh\u00ebnave;<br \/>&#8211; P\u00ebrcaktimi dhe mbrojtja e profileve t\u00eb p\u00ebrdoruesit, fjal\u00ebkalimet dhe dosjet back-up p\u00ebr Zyr\u00ebn;<br \/>&#8211; p\u00ebrcaktimi i procedurave t\u00eb back-up kur, n\u00eb \u00e7far\u00eb intervale kohore, dhe n\u00eb cilat vende do t\u00eb mbahen t\u00eb mbrojtur;<br \/>&#8211; organizimi i shk\u00ebmbimit t\u00eb t\u00eb dh\u00ebnave me organet shtet\u00ebrore dhe institucionet dhe subjektet e tjera n\u00eb Republik\u00ebn e Maqedonis\u00eb;<br \/>&#8211; ruajtjen e funksionimit t\u00eb sistemit t\u00eb rrjetit IT, t\u00eb pajisjeve t\u00eb instaluar dhe koordinim me departamentet e autorizuar t\u00eb sh\u00ebrbimit me prodhuesit e pajisjeve,<br \/>&#8211; mir\u00ebmbajtja e funksionalitetit t\u00eb sistemit t\u00eb rrjetit IT t\u00eb Administrat\u00ebs, instalimin e pajisjeve t\u00eb IT dhe koordinimi me nj\u00ebsit\u00eb e autorizuara t\u00eb sh\u00ebrbimit t\u00eb prodhuesit t\u00eb pajisjeve,<br \/>&#8211; mir\u00ebmbajtja e funksionalitetit t\u00eb elementeve t\u00eb hardverit IT n\u00eb dispozicion t\u00eb Drejtoris\u00eb, instalimi i pajisjeve t\u00eb IT dhe koordinimi me nj\u00ebsit\u00eb e autorizuara t\u00eb sh\u00ebrbimit me prodhuesit t\u00eb pajisjeve,<br \/>&#8211; p\u00ebrgatitjen e dokumentacionit teknik p\u00ebr funksionimin e sistemit t\u00eb IT-s\u00eb dhe p\u00ebr t\u00eb gjitha \u00e7\u00ebshtjet e tjera q\u00eb lidhen me teknologjin\u00eb e IT,<br \/>&#8211; p\u00ebrcaktimin e programit, bazave teknike dhe t\u00eb telekomunikacionit t\u00eb sistemit t\u00eb informacionit,<br \/>&#8211; zhvillimin dhe zbatimin e zgjidhjeve softuerike p\u00ebr nevojat e Drejtoris\u00eb<br \/>&#8211; p\u00ebrpunimin e t\u00eb dh\u00ebnave, zbatimin e masave p\u00ebr mbrojtjen dhe sigurin\u00eb e sistemit dhe n\u00ebnsistemit t\u00eb informacionit,<br \/>&#8211; monitorimin e funksionimit aktual dhe p\u00ebrdorimin e burimeve t\u00eb informacionit , ofrimin e propozimeve p\u00ebr zgjerimin, p\u00ebrshtatjen dhe z\u00ebvend\u00ebsimin, duke siguruar kushte optimale p\u00ebr p\u00ebrdorimin e pajisjeve,<br \/>&#8211; trajnimin e personelit informativ dhe p\u00ebrdoruesve t\u00eb sistemit dhe n\u00ebnsistemit t\u00eb informacionit,<br \/>&#8211; p\u00ebrcaktimin dhe zbatimin e masave p\u00ebr mbrojtjen e transmetimit t\u00eb t\u00eb dh\u00ebnave,<br \/>&#8211; lidhja e p\u00ebrdoruesve t\u00eb rinj n\u00eb rrjet,<br \/>&#8211; p\u00ebrgatitja e dokumentacionit teknik p\u00ebr aplikimin dhe projektet tjera, mb\u00ebshtetja e konsumator\u00ebve, koordinimin e pun\u00ebs s\u00eb mir\u00ebmbajtjes s\u00eb pajisjeve,<br \/>&#8211; p\u00ebrgatitjen e e-learning moduleve t\u00eb m\u00ebsimit elektronik p\u00ebr trajnimin profesional t\u00eb t\u00eb pun\u00ebsuarve n\u00eb Drejtorin\u00eb<br \/>&#8211; zhvillimi dhe mir\u00ebmbajtja e faqes s\u00eb internetit t\u00eb Drejtoris\u00eb<br \/>&#8211; duke mb\u00ebshtetur zbatimin e aplikacioneve q\u00eb do t\u00eb p\u00ebrdoreshin n\u00eb m\u00ebnyr\u00eb zhvillimore dhe strategjike n\u00eb pun\u00ebn e Drejtoris\u00eb, te Ministria e Drejt\u00ebsis\u00eb, Ministria e Brendshme dhe n\u00eb institucionet tjera,<br \/>&#8211; organizimi dhe shk\u00ebmbimi i t\u00eb dh\u00ebnave me organet shtet\u00ebrore, institucionet dhe subjektet tjera n\u00eb Republik\u00ebn e Maqedonis\u00eb;<br \/>&#8211; sigurimin e besueshm\u00ebris\u00eb, sakt\u00ebsis\u00eb dhe p\u00ebrdorshm\u00ebris\u00eb s\u00eb t\u00eb dh\u00ebnave;<br \/>&#8211; kryerjen e analizave dhe mbajtjen e statistikave n\u00eb fush\u00ebn e funksionimit t\u00eb Drejtoris\u00eb.<\/p>\r\n\r\n\r\n\r\n<h2 class=\"wp-block-heading\">DEPARTAMENTI P\u00cbR MENAXHIMIN E BURIMEVE NJER\u00cbZORE<\/h2>\r\n\r\n\r\n\r\n<p>Departamenti i Menaxhimit t\u00eb Burimeve Njer\u00ebzore kryen pun\u00ebt dhe detyrat e m\u00ebposhtme:<br \/>&#8211; studimi dhe zbatimi i i ligjeve dhe akteve n\u00ebnligjore n\u00eb lidhje me ushtrimin e t\u00eb drejtave, detyrimeve dhe p\u00ebrgjegj\u00ebsive t\u00eb punonj\u00ebsve;<br \/>&#8211; pjes\u00ebmarrje n\u00eb hartimin e ligjeve dhe akteve n\u00ebnligjore n\u00eb lidhje me ushtrimin e t\u00eb drejtave, detyrimeve dhe p\u00ebrgjegj\u00ebsive t\u00eb n\u00ebpun\u00ebsve civil\u00eb;<br \/>&#8211; hartimin e akteve individuale q\u00eb lidhen me ushtrimin e t\u00eb drejtave, detyrimeve dhe p\u00ebrgjegj\u00ebsive t\u00eb n\u00ebpun\u00ebsve civil\u00eb, dhe punonj\u00ebsve duke dh\u00ebn\u00eb mendime dhe udh\u00ebzime mbi to;<br \/>&#8211; p\u00ebrgatitjen e akteve p\u00ebr organizimin dhe sistematizimin e brendsh\u00ebm;<br \/>&#8211; organizimin dhe zbatimin e procedur\u00ebs s\u00eb pun\u00ebsimit;<br \/>&#8211; planifikimin, regjistrimin dhe monitorimin e trajnimit profesional dhe p\u00ebrmir\u00ebsimit t\u00eb n\u00ebpun\u00ebsve civil\u00eb, punonj\u00ebsit e administrat\u00ebs, dhe t\u00eb dh\u00ebnat tjera t\u00eb p\u00ebrshkruara si detyrim me rregulloret ligjore n\u00eb fush\u00ebn e pun\u00ebs;<br \/>&#8211; mbajtja e evidencave t\u00eb frekuentimit t\u00eb t\u00eb pun\u00ebsuarve dhe p\u00ebrdorimi i orarit t\u00eb pun\u00ebs, p\u00ebrgatitja e raporteve p\u00ebr k\u00ebt\u00eb dhe dor\u00ebzimi i tyre n\u00eb sh\u00ebrbimin profesional p\u00ebr pagimin e rrogave;<br \/>&#8211; kryen regjistrimin dhe shkarkimin e punonj\u00ebsve n\u00eb organet kompetente dhe sh\u00ebrbimet e ekspert\u00ebve,<br \/>&#8211; p\u00ebrgatitjen dhe p\u00ebrpunimin e t\u00eb dh\u00ebnave analitik me q\u00ebllim t\u00eb nd\u00ebrtimit t\u00eb strategjis\u00eb dhe konceptit p\u00ebr pun\u00ebsim n\u00eb Drejtorin\u00eb p\u00ebr regjistrimin e librave dhe sendeve t\u00eb tjera.<\/p>","protected":false},"excerpt":{"rendered":"<p>SEKTORI P\u00cbR PUN\u00cb ADMINISTRATIVE DHE MBIKQYR\u00cb SE N\u00cb FUSH\u00cbN E LIBRIT AM\u00cb , PLANIFIKIMIT DHE ANALIZ\u00cbS N\u00eb sektorin p\u00ebr pun\u00eb administrative dhe mbik\u00ebqyr\u00ebse n\u00eb fush\u00ebn e librit am\u00eb, planifikimit dhe analiz\u00ebs trajtothen pun\u00eb dhe detyra q\u00eb lidhen me trajtimin e pun\u00ebve administrative nga fusha e librit am\u00eb dhe mbik\u00ebqyrjen e libri am\u00eb n\u00eb t\u00eb gjith\u00eb [&hellip;]<\/p>","protected":false},"author":1,"featured_media":0,"parent":0,"menu_order":0,"comment_status":"closed","ping_status":"closed","template":"","meta":[],"_links":{"self":[{"href":"https:\/\/uvmk.gov.mk\/sq\/wp-json\/wp\/v2\/pages\/10367"}],"collection":[{"href":"https:\/\/uvmk.gov.mk\/sq\/wp-json\/wp\/v2\/pages"}],"about":[{"href":"https:\/\/uvmk.gov.mk\/sq\/wp-json\/wp\/v2\/types\/page"}],"author":[{"embeddable":true,"href":"https:\/\/uvmk.gov.mk\/sq\/wp-json\/wp\/v2\/users\/1"}],"replies":[{"embeddable":true,"href":"https:\/\/uvmk.gov.mk\/sq\/wp-json\/wp\/v2\/comments?post=10367"}],"version-history":[{"count":3,"href":"https:\/\/uvmk.gov.mk\/sq\/wp-json\/wp\/v2\/pages\/10367\/revisions"}],"predecessor-version":[{"id":11841,"href":"https:\/\/uvmk.gov.mk\/sq\/wp-json\/wp\/v2\/pages\/10367\/revisions\/11841"}],"wp:attachment":[{"href":"https:\/\/uvmk.gov.mk\/sq\/wp-json\/wp\/v2\/media?parent=10367"}],"curies":[{"name":"wp","href":"https:\/\/api.w.org\/{rel}","templated":true}]}}