{"id":10400,"date":"2021-03-19T09:26:00","date_gmt":"2021-03-19T09:26:00","guid":{"rendered":"http:\/\/uvmk.unet.mk\/?page_id=10400"},"modified":"2021-04-26T10:55:31","modified_gmt":"2021-04-26T10:55:31","slug":"lokacionet-e-zyres","status":"publish","type":"page","link":"https:\/\/uvmk.gov.mk\/sq\/lokacionet-e-zyres\/","title":{"rendered":"Lokacionet e Zyr\u00ebs"},"content":{"rendered":"<h4 class=\"wp-block-heading\">Lokacionet e Zyr\u00ebs p\u00ebr udh\u00ebheqje me librat e gjendjes civile<\/h4>\n\n\n\n<p>T\u00eb nderuar,<br>Institucioni kompetent p\u00ebr l\u00ebshimin e \u00e7ertifikatave t\u00eb lindjes dhe \u00e7ertifikatave t\u00eb dh\u00ebnave t\u00eb gjendjes civile p\u00ebr qytetar\u00ebt e Republik\u00ebs s\u00eb Maqedonis\u00eb \u00ebsht\u00eb Zyra p\u00ebr udh\u00ebheqjen me librat e gjendjes civile &#8211; Ministria e Drejt\u00ebsis\u00eb.<br>Me q\u00ebllim t\u00eb harmonizimit t\u00eb Ligjit p\u00ebr evidentimin e librave t\u00eb gjendjes civile dhe Ligjit p\u00ebr organizimin territorial t\u00eb vet\u00ebqeverisjes lokale t\u00eb Republik\u00ebs s\u00eb Maqedonis\u00eb, mbajtjen e regjistrave prej 01.01.2011 p\u00ebrcakton 178 nj\u00ebsi. Q\u00ebllimi i p\u00ebrcaktimit t\u00eb nj\u00ebsive p\u00ebr udh\u00ebheqje me librat e gjendjes civile \u00ebsht\u00eb funksionimi m\u00eb efikas i tyre bazuar n\u00eb parimet p\u00ebr sh\u00ebrbim ndaj qytetar\u00ebve, efikasitet dhe ekonomik.<br>Si rezultat, ajo p\u00ebrcakton 178 nj\u00ebsi n\u00eb t\u00eb cilat regjistrat e lindjeve dhe regjistrat e vdekjeve t\u00eb udh\u00ebhiqen n\u00eb vendbanimet gjegj\u00ebse. Gjithashtu p\u00ebrcaktohen edhe 178 vendbanime n\u00eb t\u00eb cilat do t\u00eb udh\u00ebhiqet me regjistrat e lidhjeve martesore.<\/p>\n\n\n\n<p>Informacionet mbi lokacionet e nj\u00ebsive p\u00ebr udh\u00ebheqje me librat e gjendjes civile p\u00ebr \u00e7ertifikatat e lindjeve,vdekjeve dhe lidhjeve martesore mund t\u00eb merren n\u00eb Zyr\u00ebn p\u00ebr udh\u00ebheqje me librat e gjendjes civile ose duke shkarkuar&nbsp;<a href=\"https:\/\/www.uvmk.gov.mk\/files\/pdf\/resenie%20za%20novi%20maticni%20podracja_final%201.pdf\" target=\"_blank\" rel=\"noreferrer noopener\">Vendimin p\u00ebr nj\u00ebsi t\u00eb reja<\/a>.<\/p>\n\n\n\n<p>Vendimi i m\u00ebsip\u00ebrm p\u00ebrmban shtesa q\u00eb mund t\u00eb shkarkoni:<br><a href=\"http:\/\/uvmk.gov.mk\/wp-content\/uploads\/2021\/03\/DOPOLNETO_RESENIE_1.pdf\" target=\"_blank\" rel=\"noreferrer noopener\">(Vendimi plot\u00ebsues 1)<\/a>,<br><a href=\"http:\/\/uvmk.gov.mk\/wp-content\/uploads\/2021\/03\/DOPOLNETO_RESENIE_2.pdf\" target=\"_blank\" rel=\"noreferrer noopener\">(Vendimi i ndryshuar 2)<\/a>,<br><a href=\"http:\/\/uvmk.gov.mk\/wp-content\/uploads\/2021\/03\/DOPOLNETO_RESENIE_3.pdf\" target=\"_blank\" rel=\"noreferrer noopener\">(Vendimi Suplementar 3)<\/a>,<br><a href=\"http:\/\/uvmk.gov.mk\/wp-content\/uploads\/2021\/03\/DOPOLNETO_RESENIE_4.pdf\" target=\"_blank\" rel=\"noreferrer noopener\">(Vendimi i ndryshuar 4)<\/a>,<br><a href=\"http:\/\/uvmk.gov.mk\/wp-content\/uploads\/2021\/03\/DOPOLNETO_RESENIE_5.pdf\" target=\"_blank\" rel=\"noreferrer noopener\">(Vendimi plot\u00ebsues 5)<\/a>,<br><a rel=\"noreferrer noopener\" href=\"https:\/\/www.uvmk.gov.mk\/files\/pdf\/procisten_tekst.pdf\" target=\"_blank\">(Teksti i pastruar)<\/a>,<br><a rel=\"noreferrer noopener\" href=\"https:\/\/www.uvmk.gov.mk\/files\/pdf\/DOPOLNETO_RESENIE_6.pdf\" target=\"_blank\">(Vendimi plot\u00ebsues 6)<\/a>,<br><a rel=\"noreferrer noopener\" href=\"https:\/\/www.uvmk.gov.mk\/files\/pdf\/DOPOLNETO_RESENIE_7.pdf\" target=\"_blank\">(Vendimi i ndryshuar 7)<\/a>,<br><a rel=\"noreferrer noopener\" href=\"https:\/\/www.uvmk.gov.mk\/files\/pdf\/DOPOLNETO_RESENIE_8.pdf\" target=\"_blank\">(Vendimi i ndryshuar 8)<\/a>.<br><a href=\"http:\/\/uvmk.gov.mk\/wp-content\/uploads\/2021\/03\/procisten_tekst.pdf\" target=\"_blank\" rel=\"noreferrer noopener\">(Teksti i pastruar)<\/a>,<br><a rel=\"noreferrer noopener\" href=\"http:\/\/uvmk.gov.mk\/wp-content\/uploads\/2021\/03\/DOPOLNETO_RESENIE_9.pdf\" target=\"_blank\">(Vendimi i ndryshuar 9)<\/a>,<br><a rel=\"noreferrer noopener\" href=\"http:\/\/uvmk.gov.mk\/wp-content\/uploads\/2021\/03\/DOPOLNETO_RESENIE_10.pdf\" target=\"_blank\">(Vendimi i ndryshuar 10)<\/a><br><a rel=\"noreferrer noopener\" href=\"http:\/\/uvmk.gov.mk\/wp-content\/uploads\/2021\/03\/DOPOLNETO_RESENIE_11.pdf\" target=\"_blank\">(Vendimi i ndryshuar 11)<\/a>.<\/p>\n\n\n\n<p>Qytetar\u00eb t\u00eb nderuar,<br>Ju informojm\u00eb se n\u00eb baz\u00eb t\u00eb ndryshimeve t\u00eb Ligjit p\u00ebr Evidentimin e gjendjes civile (Gazeta zyrtare num\u00ebr 98\/08) prej 1.01.2010, filloi me pun\u00eb Zyra p\u00ebr udh\u00ebheqje me librat e gjendjes civile si organ n\u00eb kuad\u00ebr t\u00eb Ministris\u00eb s\u00eb Drejt\u00ebsis\u00eb, me status t\u00eb personit juridik.<br>Q\u00eb nga 1 Janari 2010-t\u00ebs, p\u00ebrgjegj\u00ebsia p\u00ebr mbajtjen e sh\u00ebnimeve dhe l\u00ebshimin e \u00e7ertifikatave t\u00eb lindjeve, martesave dhe \u00e7ertifikat\u00ebs dhe vdekjeve, n\u00eb pajtim me Ligjin p\u00ebr Evidentimin e gjendjes civile, e cila deri m\u00eb tani kishte qen\u00eb n\u00ebn juridiksionin e Ministris\u00eb s\u00eb Brendshme, do t\u00eb menaxhohet nga Zyra p\u00ebr udh\u00ebheqje me librat e gjendjes civile p\u00ebrmes 8 departamenteve rajonale, 26 zyrave rajonale dhe 239 zyrave lokale n\u00eb vendbanimet rurale<\/p>\n\n\n\n<p><a href=\"https:\/\/uvmk.gov.mk\/sq\/zyrat-rajonale-dhe-zyrat-rajonale\/\"><strong>M\u00cb SHUM\u00cb INFORMACION P\u00cbR NJ\u00cbSIT\u00cb RAJONALE DHE ZYRAVE RAJONALE<\/strong><\/a><\/p>\n\n\n\n<p>Gjithashtu, ju lutem vini re se llogaria bankare nga 01.01.2010 ku do t\u00eb kryhet pagesa p\u00ebr sh\u00ebrbimet e ofruara nga Zyra p\u00ebr udh\u00ebheqje me librat e gjendjes civile n\u00eb form\u00ebn PP50 \u00ebsht\u00eb si vijon:<\/p>\n\n\n\n<p><strong>Em\u00ebrtimi i pranuesit: Llogaria e thesarit<br>Banka e pranuesit: Banka Komb\u00ebtare e Republik\u00ebs s\u00eb Maqedonis\u00eb (NBRM)<br>Llogaria rrjedh\u00ebse: 100000000063095<br>Llogaria e p\u00ebrdoruesit buxhetor \u2013 numri i p\u00ebrdoruesit:<br>0700361360-631-10<br>Shifra rrjedh\u00ebse dhe programi: 724149-20<\/strong><\/p>\n\n\n\n<p>Qytetar\u00ebt mund t\u00eb marrin m\u00eb shum\u00eb informacione n\u00ebp\u00ebrmjet adres\u00ebs elektronike:&nbsp;<a href=\"mailto:contact@uvmk.gov.mk\">contact@uvmk.gov.mk<\/a><\/p>\n\n\n\n<p>Me respekt,<br>Ministria e Drejt\u00ebsis\u00eb<br>Zyra p\u00ebr udh\u00ebheqje me librat e gjendjes civile<\/p>","protected":false},"excerpt":{"rendered":"<p>Lokacionet e Zyr\u00ebs p\u00ebr udh\u00ebheqje me librat e gjendjes civile T\u00eb nderuar,Institucioni kompetent p\u00ebr l\u00ebshimin e \u00e7ertifikatave t\u00eb lindjes dhe \u00e7ertifikatave t\u00eb dh\u00ebnave t\u00eb gjendjes civile p\u00ebr qytetar\u00ebt e Republik\u00ebs s\u00eb Maqedonis\u00eb \u00ebsht\u00eb Zyra p\u00ebr udh\u00ebheqjen me librat e gjendjes civile &#8211; Ministria e Drejt\u00ebsis\u00eb.Me q\u00ebllim t\u00eb harmonizimit t\u00eb Ligjit p\u00ebr evidentimin e librave t\u00eb [&hellip;]<\/p>","protected":false},"author":1,"featured_media":0,"parent":0,"menu_order":0,"comment_status":"closed","ping_status":"closed","template":"","meta":[],"_links":{"self":[{"href":"https:\/\/uvmk.gov.mk\/sq\/wp-json\/wp\/v2\/pages\/10400"}],"collection":[{"href":"https:\/\/uvmk.gov.mk\/sq\/wp-json\/wp\/v2\/pages"}],"about":[{"href":"https:\/\/uvmk.gov.mk\/sq\/wp-json\/wp\/v2\/types\/page"}],"author":[{"embeddable":true,"href":"https:\/\/uvmk.gov.mk\/sq\/wp-json\/wp\/v2\/users\/1"}],"replies":[{"embeddable":true,"href":"https:\/\/uvmk.gov.mk\/sq\/wp-json\/wp\/v2\/comments?post=10400"}],"version-history":[{"count":3,"href":"https:\/\/uvmk.gov.mk\/sq\/wp-json\/wp\/v2\/pages\/10400\/revisions"}],"predecessor-version":[{"id":10913,"href":"https:\/\/uvmk.gov.mk\/sq\/wp-json\/wp\/v2\/pages\/10400\/revisions\/10913"}],"wp:attachment":[{"href":"https:\/\/uvmk.gov.mk\/sq\/wp-json\/wp\/v2\/media?parent=10400"}],"curies":[{"name":"wp","href":"https:\/\/api.w.org\/{rel}","templated":true}]}}