{"id":10406,"date":"2021-03-19T09:28:07","date_gmt":"2021-03-19T09:28:07","guid":{"rendered":"http:\/\/uvmk.unet.mk\/?page_id=10406"},"modified":"2021-03-19T09:30:38","modified_gmt":"2021-03-19T09:30:38","slug":"sherbimet","status":"publish","type":"page","link":"https:\/\/uvmk.gov.mk\/sq\/sherbimet\/","title":{"rendered":"Sh\u00ebrbimet"},"content":{"rendered":"<div data-elementor-type=\"wp-page\" data-elementor-id=\"10406\" class=\"elementor elementor-10406\" data-elementor-settings=\"[]\">\n\t\t\t\t\t\t\t<div class=\"elementor-section-wrap\">\n\t\t\t\t\t\t\t<section class=\"elementor-section elementor-top-section elementor-element elementor-element-44dc54a elementor-section-boxed elementor-section-height-default elementor-section-height-default\" data-id=\"44dc54a\" data-element_type=\"section\">\n\t\t\t\t\t\t<div class=\"elementor-container elementor-column-gap-default\">\n\t\t\t\t\t<div class=\"elementor-column elementor-col-100 elementor-top-column elementor-element elementor-element-0127845\" data-id=\"0127845\" data-element_type=\"column\">\n\t\t\t<div class=\"elementor-widget-wrap elementor-element-populated\">\n\t\t\t\t\t\t\t\t<div class=\"elementor-element elementor-element-cf31611 elementor-widget elementor-widget-button\" data-id=\"cf31611\" data-element_type=\"widget\" data-widget_type=\"button.default\">\n\t\t\t\t<div class=\"elementor-widget-container\">\n\t\t\t\t\t<div class=\"elementor-button-wrapper\">\n\t\t\t<a href=\"http:\/\/uvmk.gov.mk\/%d1%83%d0%bf%d0%b8%d1%81-%d0%bd%d0%b0-%d0%bd%d0%be%d0%b2%d0%be%d1%80%d0%be%d0%b4%d0%b5%d0%bd%d1%87%d0%b5-%d0%b8-%d0%b8%d0%b7%d0%b4%d0%b0%d0%b2%d0%b0%d1%9a%d0%b5-%d0%bd%d0%b0-%d0%b8%d0%b7%d0%b2%d0%be\/\" class=\"elementor-button-link elementor-button elementor-size-sm\" role=\"button\">\n\t\t\t\t\t\t<span class=\"elementor-button-content-wrapper\">\n\t\t\t\t\t\t<span class=\"elementor-button-text\">REGJISTRIMI I T\u00cb SAPOLINDURVE DHE DOR\u00cbZIMI I \u00c7ERTIFIKAT\u00cbS S\u00cb LINDJES<\/span>\n\t\t<\/span>\n\t\t\t\t\t<\/a>\n\t\t<\/div>\n\t\t\t\t<\/div>\n\t\t\t\t<\/div>\n\t\t\t\t<div class=\"elementor-element elementor-element-f8e62a7 elementor-widget elementor-widget-button\" data-id=\"f8e62a7\" data-element_type=\"widget\" data-widget_type=\"button.default\">\n\t\t\t\t<div class=\"elementor-widget-container\">\n\t\t\t\t\t<div class=\"elementor-button-wrapper\">\n\t\t\t<a href=\"http:\/\/uvmk.gov.mk\/%d1%81%d0%ba%d0%bb%d1%83%d1%87%d1%83%d0%b2%d0%b0%d1%9a%d0%b5-%d0%bd%d0%b0-%d0%b1%d1%80%d0%b0%d0%ba-%d0%b8-%d0%b8%d0%b7%d0%b4%d0%b0%d0%b2%d0%b0%d1%9a%d0%b5-%d0%bd%d0%b0-%d0%b8%d0%b7%d0%b2%d0%be%d0%b4\/\" class=\"elementor-button-link elementor-button elementor-size-sm\" role=\"button\">\n\t\t\t\t\t\t<span class=\"elementor-button-content-wrapper\">\n\t\t\t\t\t\t<span class=\"elementor-button-text\">LIDHJE E MARTES\u00cbS DHE DOR\u00cbZIMI I \u00c7ERTIFIKAT\u00cbS NGA AKTI I MARTES\u00cbS<\/span>\n\t\t<\/span>\n\t\t\t\t\t<\/a>\n\t\t<\/div>\n\t\t\t\t<\/div>\n\t\t\t\t<\/div>\n\t\t\t\t<div class=\"elementor-element elementor-element-99d2f2e elementor-widget elementor-widget-button\" data-id=\"99d2f2e\" data-element_type=\"widget\" data-widget_type=\"button.default\">\n\t\t\t\t<div class=\"elementor-widget-container\">\n\t\t\t\t\t<div class=\"elementor-button-wrapper\">\n\t\t\t<a href=\"http:\/\/uvmk.gov.mk\/%d1%81%d0%ba%d0%bb%d1%83%d1%87%d1%83%d0%b2%d0%b0%d1%9a%d0%b5-%d0%bd%d0%b0-%d0%b1%d1%80%d0%b0%d0%ba-%d0%bd%d0%b0%d0%b4%d0%b2%d0%be%d1%80-%d0%be%d0%b4-%d1%81%d0%bb%d1%83%d0%b6%d0%b1%d0%b5%d0%bd%d0%b8\/\" class=\"elementor-button-link elementor-button elementor-size-sm\" role=\"button\">\n\t\t\t\t\t\t<span class=\"elementor-button-content-wrapper\">\n\t\t\t\t\t\t<span class=\"elementor-button-text\">LIDHJE E MARTES\u00cbS JASHTA HAPSIRAVE T\u00cb DREJTORIS\u00cb S\u00cb GJENDJES CIVILE<\/span>\n\t\t<\/span>\n\t\t\t\t\t<\/a>\n\t\t<\/div>\n\t\t\t\t<\/div>\n\t\t\t\t<\/div>\n\t\t\t\t<div class=\"elementor-element elementor-element-9737553 elementor-widget elementor-widget-button\" data-id=\"9737553\" data-element_type=\"widget\" data-widget_type=\"button.default\">\n\t\t\t\t<div class=\"elementor-widget-container\">\n\t\t\t\t\t<div class=\"elementor-button-wrapper\">\n\t\t\t<a href=\"http:\/\/uvmk.gov.mk\/%d1%81%d0%ba%d0%bb%d1%83%d1%87%d1%83%d0%b2%d0%b0%d1%9a%d0%b5-%d0%bd%d0%b0-%d0%b1%d1%80%d0%b0%d0%ba-%d1%81%d0%be-%d1%81%d1%82%d1%80%d0%b0%d0%bd%d1%81%d0%ba%d0%b8-%d0%b4%d1%80%d0%b6%d0%b0%d0%b2%d1%98\/\" class=\"elementor-button-link elementor-button elementor-size-sm\" role=\"button\">\n\t\t\t\t\t\t<span class=\"elementor-button-content-wrapper\">\n\t\t\t\t\t\t<span class=\"elementor-button-text\">LIDHJE E MARTES\u00cbS ME QYTETAR\u00cb T\u00cb HUAJ<\/span>\n\t\t<\/span>\n\t\t\t\t\t<\/a>\n\t\t<\/div>\n\t\t\t\t<\/div>\n\t\t\t\t<\/div>\n\t\t\t\t<div class=\"elementor-element elementor-element-29b22dc elementor-widget elementor-widget-button\" data-id=\"29b22dc\" data-element_type=\"widget\" data-widget_type=\"button.default\">\n\t\t\t\t<div class=\"elementor-widget-container\">\n\t\t\t\t\t<div class=\"elementor-button-wrapper\">\n\t\t\t<a href=\"http:\/\/uvmk.gov.mk\/%d0%bf%d1%80%d0%b8%d1%98%d0%b0%d0%b2%d1%83%d0%b2%d0%b0%d1%9a%d0%b5-%d0%bd%d0%b0-%d0%b1%d1%80%d0%b0%d0%ba-%d0%ba%d0%be%d1%98-%d0%b5-%d1%81%d0%ba%d0%bb%d1%83%d1%87%d0%b5%d0%bd-%d0%bd%d0%b0%d0%b4%d0%b2\/\" class=\"elementor-button-link elementor-button elementor-size-sm\" role=\"button\">\n\t\t\t\t\t\t<span class=\"elementor-button-content-wrapper\">\n\t\t\t\t\t\t<span class=\"elementor-button-text\">PARAQITJA E MARTES\u00cbS T\u00cb KONKLUDUAR N\u00cb SHTET T\u00cb HUAJ<\/span>\n\t\t<\/span>\n\t\t\t\t\t<\/a>\n\t\t<\/div>\n\t\t\t\t<\/div>\n\t\t\t\t<\/div>\n\t\t\t\t<div class=\"elementor-element elementor-element-eb73517 elementor-widget elementor-widget-button\" data-id=\"eb73517\" data-element_type=\"widget\" data-widget_type=\"button.default\">\n\t\t\t\t<div class=\"elementor-widget-container\">\n\t\t\t\t\t<div class=\"elementor-button-wrapper\">\n\t\t\t<a href=\"http:\/\/uvmk.gov.mk\/%d0%bf%d1%80%d0%b8%d1%98%d0%b0%d0%b2%d1%83%d0%b2%d0%b0%d1%9a%d0%b5-%d0%bd%d0%b0-%d0%bf%d0%be%d1%87%d0%b8%d0%bd%d0%b0%d1%82%d0%be-%d0%bb%d0%b8%d1%86%d0%b5-%d0%b8-%d0%b8%d0%b7%d0%b4%d0%b0%d0%b2%d0%b0\/\" class=\"elementor-button-link elementor-button elementor-size-sm\" role=\"button\">\n\t\t\t\t\t\t<span class=\"elementor-button-content-wrapper\">\n\t\t\t\t\t\t<span class=\"elementor-button-text\">PARAQITJA E PERSONIT T\u00cb VDEKUR DHE DOR\u00cbZIMI I \u00c7ERTIFIKAT\u00cbS S\u00cb AKTIT T\u00cb VDEKJES<\/span>\n\t\t<\/span>\n\t\t\t\t\t<\/a>\n\t\t<\/div>\n\t\t\t\t<\/div>\n\t\t\t\t<\/div>\n\t\t\t\t<div class=\"elementor-element elementor-element-b26b478 elementor-widget elementor-widget-button\" data-id=\"b26b478\" data-element_type=\"widget\" data-widget_type=\"button.default\">\n\t\t\t\t<div class=\"elementor-widget-container\">\n\t\t\t\t\t<div class=\"elementor-button-wrapper\">\n\t\t\t<a href=\"http:\/\/uvmk.gov.mk\/%d0%b8%d0%b7%d0%b4%d0%b0%d0%b2%d0%b0%d1%9a%d0%b5-%d0%bd%d0%b0-%d1%83%d0%b2%d0%b5%d1%80%d0%b5%d0%bd%d0%b8%d0%b5-%d0%b7%d0%b0-%d1%81%d0%bb%d0%be%d0%b1%d0%be%d0%b4%d0%bd%d0%b0-%d0%b1%d1%80%d0%b0%d1%87\/\" class=\"elementor-button-link elementor-button elementor-size-sm\" role=\"button\">\n\t\t\t\t\t\t<span class=\"elementor-button-content-wrapper\">\n\t\t\t\t\t\t<span class=\"elementor-button-text\">DOR\u00cbZIMI I \u00c7ERTIFIKAT\u00cbS P\u00cbR GJENDJE T\u00cb LIR\u00cb MARTESORE<\/span>\n\t\t<\/span>\n\t\t\t\t\t<\/a>\n\t\t<\/div>\n\t\t\t\t<\/div>\n\t\t\t\t<\/div>\n\t\t\t\t<div class=\"elementor-element elementor-element-b2aefce elementor-widget elementor-widget-button\" data-id=\"b2aefce\" data-element_type=\"widget\" data-widget_type=\"button.default\">\n\t\t\t\t<div class=\"elementor-widget-container\">\n\t\t\t\t\t<div class=\"elementor-button-wrapper\">\n\t\t\t<a href=\"http:\/\/uvmk.gov.mk\/%d0%b4%d0%be%d0%bf%d0%be%d0%bb%d0%bd%d0%b8%d1%82%d0%b5%d0%bb%d0%bd%d0%be-%d0%b7%d0%b0%d0%bf%d0%b8%d1%88%d1%83%d0%b2%d0%b0%d1%9a%d0%b5-%d0%bd%d0%b0-%d0%b8%d0%bc%d0%b5\/\" class=\"elementor-button-link elementor-button elementor-size-sm\" role=\"button\">\n\t\t\t\t\t\t<span class=\"elementor-button-content-wrapper\">\n\t\t\t\t\t\t<span class=\"elementor-button-text\">REGJISTRIM SHTES\u00cb I EMRAVE<\/span>\n\t\t<\/span>\n\t\t\t\t\t<\/a>\n\t\t<\/div>\n\t\t\t\t<\/div>\n\t\t\t\t<\/div>\n\t\t\t\t<div class=\"elementor-element elementor-element-658b3e4 elementor-widget elementor-widget-button\" data-id=\"658b3e4\" data-element_type=\"widget\" data-widget_type=\"button.default\">\n\t\t\t\t<div class=\"elementor-widget-container\">\n\t\t\t\t\t<div class=\"elementor-button-wrapper\">\n\t\t\t<a href=\"http:\/\/uvmk.gov.mk\/%d0%b4%d0%be%d0%bf%d0%be%d0%bb%d0%bd%d0%b8%d1%82%d0%b5%d0%bb%d0%bd%d0%be-%d0%b7%d0%b0%d0%bf%d0%b8%d1%88%d1%83%d0%b2%d0%b0%d1%9a%d0%b5-%d0%bd%d0%b0-%d0%bf%d0%be%d1%87%d0%b8%d0%bd%d0%b0%d1%82%d0%be\/\" class=\"elementor-button-link elementor-button elementor-size-sm\" role=\"button\">\n\t\t\t\t\t\t<span class=\"elementor-button-content-wrapper\">\n\t\t\t\t\t\t<span class=\"elementor-button-text\">REGJISTRIM SHTES\u00cb I PERSONAVE T\u00cb VDEKUR<\/span>\n\t\t<\/span>\n\t\t\t\t\t<\/a>\n\t\t<\/div>\n\t\t\t\t<\/div>\n\t\t\t\t<\/div>\n\t\t\t\t<div class=\"elementor-element elementor-element-a1548c5 elementor-widget elementor-widget-button\" data-id=\"a1548c5\" data-element_type=\"widget\" data-widget_type=\"button.default\">\n\t\t\t\t<div class=\"elementor-widget-container\">\n\t\t\t\t\t<div class=\"elementor-button-wrapper\">\n\t\t\t<a href=\"http:\/\/uvmk.gov.mk\/%d0%bf%d1%80%d0%b8%d0%b7%d0%bd%d0%b0%d0%b2%d0%b0%d1%9a%d0%b5-%d0%bd%d0%b0-%d1%82%d0%b0%d1%82%d0%ba%d0%be%d0%b2%d1%81%d1%82%d0%b2%d0%be\/\" class=\"elementor-button-link elementor-button elementor-size-sm\" role=\"button\">\n\t\t\t\t\t\t<span class=\"elementor-button-content-wrapper\">\n\t\t\t\t\t\t<span class=\"elementor-button-text\">KONFIRMIM I AT\u00cbSIS\u00cb<\/span>\n\t\t<\/span>\n\t\t\t\t\t<\/a>\n\t\t<\/div>\n\t\t\t\t<\/div>\n\t\t\t\t<\/div>\n\t\t\t\t\t<\/div>\n\t\t<\/div>\n\t\t\t\t\t\t\t<\/div>\n\t\t<\/section>\n\t\t\t\t\t\t<\/div>\n\t\t\t\t\t<\/div>","protected":false},"excerpt":{"rendered":"<p>REGJISTRIMI I T\u00cb SAPOLINDURVE DHE DOR\u00cbZIMI I \u00c7ERTIFIKAT\u00cbS S\u00cb LINDJES LIDHJE E MARTES\u00cbS DHE DOR\u00cbZIMI I \u00c7ERTIFIKAT\u00cbS NGA AKTI I MARTES\u00cbS LIDHJE E MARTES\u00cbS JASHTA HAPSIRAVE T\u00cb DREJTORIS\u00cb S\u00cb GJENDJES CIVILE LIDHJE E MARTES\u00cbS ME QYTETAR\u00cb T\u00cb HUAJ PARAQITJA E MARTES\u00cbS T\u00cb KONKLUDUAR N\u00cb SHTET T\u00cb HUAJ PARAQITJA E PERSONIT T\u00cb VDEKUR DHE DOR\u00cbZIMI I [&hellip;]<\/p>","protected":false},"author":1,"featured_media":0,"parent":0,"menu_order":0,"comment_status":"closed","ping_status":"closed","template":"","meta":[],"_links":{"self":[{"href":"https:\/\/uvmk.gov.mk\/sq\/wp-json\/wp\/v2\/pages\/10406"}],"collection":[{"href":"https:\/\/uvmk.gov.mk\/sq\/wp-json\/wp\/v2\/pages"}],"about":[{"href":"https:\/\/uvmk.gov.mk\/sq\/wp-json\/wp\/v2\/types\/page"}],"author":[{"embeddable":true,"href":"https:\/\/uvmk.gov.mk\/sq\/wp-json\/wp\/v2\/users\/1"}],"replies":[{"embeddable":true,"href":"https:\/\/uvmk.gov.mk\/sq\/wp-json\/wp\/v2\/comments?post=10406"}],"version-history":[{"count":4,"href":"https:\/\/uvmk.gov.mk\/sq\/wp-json\/wp\/v2\/pages\/10406\/revisions"}],"predecessor-version":[{"id":10410,"href":"https:\/\/uvmk.gov.mk\/sq\/wp-json\/wp\/v2\/pages\/10406\/revisions\/10410"}],"wp:attachment":[{"href":"https:\/\/uvmk.gov.mk\/sq\/wp-json\/wp\/v2\/media?parent=10406"}],"curies":[{"name":"wp","href":"https:\/\/api.w.org\/{rel}","templated":true}]}}