{"id":10424,"date":"2021-03-19T10:20:49","date_gmt":"2021-03-19T10:20:49","guid":{"rendered":"http:\/\/uvmk.unet.mk\/?page_id=10424"},"modified":"2021-03-19T10:23:25","modified_gmt":"2021-03-19T10:23:25","slug":"dokumente","status":"publish","type":"page","link":"https:\/\/uvmk.gov.mk\/sq\/dokumente\/","title":{"rendered":"Dokumente"},"content":{"rendered":"<div data-elementor-type=\"wp-page\" data-elementor-id=\"10424\" class=\"elementor elementor-10424\" data-elementor-settings=\"[]\">\n\t\t\t\t\t\t\t<div class=\"elementor-section-wrap\">\n\t\t\t\t\t\t\t<section class=\"elementor-section elementor-top-section elementor-element elementor-element-0d56cf0 elementor-section-boxed elementor-section-height-default elementor-section-height-default\" data-id=\"0d56cf0\" data-element_type=\"section\">\n\t\t\t\t\t\t<div class=\"elementor-container elementor-column-gap-default\">\n\t\t\t\t\t<div class=\"elementor-column elementor-col-100 elementor-top-column elementor-element elementor-element-b7699ae\" data-id=\"b7699ae\" data-element_type=\"column\">\n\t\t\t<div class=\"elementor-widget-wrap elementor-element-populated\">\n\t\t\t\t\t\t\t\t<div class=\"elementor-element elementor-element-b5c0c01 elementor-widget elementor-widget-heading\" data-id=\"b5c0c01\" data-element_type=\"widget\" data-widget_type=\"heading.default\">\n\t\t\t\t<div class=\"elementor-widget-container\">\n\t\t\t<h4 class=\"elementor-heading-title elementor-size-default\">Format p\u00ebr udh\u00ebheqjen me librat e gjendjes civile:\n<\/h4>\t\t<\/div>\n\t\t\t\t<\/div>\n\t\t\t\t\t<\/div>\n\t\t<\/div>\n\t\t\t\t\t\t\t<\/div>\n\t\t<\/section>\n\t\t\t\t<section class=\"elementor-section elementor-top-section elementor-element elementor-element-a945f95 elementor-section-boxed elementor-section-height-default elementor-section-height-default\" data-id=\"a945f95\" data-element_type=\"section\">\n\t\t\t\t\t\t<div class=\"elementor-container elementor-column-gap-default\">\n\t\t\t\t\t<div class=\"elementor-column elementor-col-100 elementor-top-column elementor-element elementor-element-08daea2\" data-id=\"08daea2\" data-element_type=\"column\">\n\t\t\t<div class=\"elementor-widget-wrap elementor-element-populated\">\n\t\t\t\t\t\t\t\t<div class=\"elementor-element elementor-element-6fe34d9 elementor-widget elementor-widget-button\" data-id=\"6fe34d9\" data-element_type=\"widget\" data-widget_type=\"button.default\">\n\t\t\t\t<div class=\"elementor-widget-container\">\n\t\t\t\t\t<div class=\"elementor-button-wrapper\">\n\t\t\t<a href=\"http:\/\/uvmk.gov.mk\/wp-content\/uploads\/2021\/03\/MKR-NOV-SEVERNA-2-scaled.jpg\" class=\"elementor-button-link elementor-button elementor-size-sm\" role=\"button\">\n\t\t\t\t\t\t<span class=\"elementor-button-content-wrapper\">\n\t\t\t\t\t\t<span class=\"elementor-button-text\">\u00c7ERTIFIKAT\u00cb LINDJE<\/span>\n\t\t<\/span>\n\t\t\t\t\t<\/a>\n\t\t<\/div>\n\t\t\t\t<\/div>\n\t\t\t\t<\/div>\n\t\t\t\t<div class=\"elementor-element elementor-element-007325b elementor-widget elementor-widget-button\" data-id=\"007325b\" data-element_type=\"widget\" data-widget_type=\"button.default\">\n\t\t\t\t<div class=\"elementor-widget-container\">\n\t\t\t\t\t<div class=\"elementor-button-wrapper\">\n\t\t\t<a href=\"http:\/\/uvmk.gov.mk\/wp-content\/uploads\/2021\/03\/MKV-NOV-SEVERNA-2-scaled.jpg\" class=\"elementor-button-link elementor-button elementor-size-sm\" role=\"button\">\n\t\t\t\t\t\t<span class=\"elementor-button-content-wrapper\">\n\t\t\t\t\t\t<span class=\"elementor-button-text\">\u00c7ERTIFIKAT\u00cb NGA AKTI I MARTES\u00cbS<\/span>\n\t\t<\/span>\n\t\t\t\t\t<\/a>\n\t\t<\/div>\n\t\t\t\t<\/div>\n\t\t\t\t<\/div>\n\t\t\t\t<div class=\"elementor-element elementor-element-24116df elementor-widget elementor-widget-button\" data-id=\"24116df\" data-element_type=\"widget\" data-widget_type=\"button.default\">\n\t\t\t\t<div class=\"elementor-widget-container\">\n\t\t\t\t\t<div class=\"elementor-button-wrapper\">\n\t\t\t<a href=\"http:\/\/uvmk.gov.mk\/wp-content\/uploads\/2021\/03\/MKU-NOV-SEVERNA-2-scaled.jpg\" class=\"elementor-button-link elementor-button elementor-size-sm\" role=\"button\">\n\t\t\t\t\t\t<span class=\"elementor-button-content-wrapper\">\n\t\t\t\t\t\t<span class=\"elementor-button-text\">\u00c7ERTIFIKAT\u00cb E VDEKJES<\/span>\n\t\t<\/span>\n\t\t\t\t\t<\/a>\n\t\t<\/div>\n\t\t\t\t<\/div>\n\t\t\t\t<\/div>\n\t\t\t\t<div class=\"elementor-element elementor-element-2786e48 elementor-widget elementor-widget-button\" data-id=\"2786e48\" data-element_type=\"widget\" data-widget_type=\"button.default\">\n\t\t\t\t<div class=\"elementor-widget-container\">\n\t\t\t\t\t<div class=\"elementor-button-wrapper\">\n\t\t\t<a href=\"http:\/\/uvmk.gov.mk\/wp-content\/uploads\/2021\/03\/MKR-NOV-2-SEVERNA-scaled.jpg\" class=\"elementor-button-link elementor-button elementor-size-sm\" role=\"button\">\n\t\t\t\t\t\t<span class=\"elementor-button-content-wrapper\">\n\t\t\t\t\t\t<span class=\"elementor-button-text\">\u00c7ERTIFIKAT\u00cb LINDJE ( DY GJUH\u00cb)<\/span>\n\t\t<\/span>\n\t\t\t\t\t<\/a>\n\t\t<\/div>\n\t\t\t\t<\/div>\n\t\t\t\t<\/div>\n\t\t\t\t<div class=\"elementor-element elementor-element-7dd7527 elementor-widget elementor-widget-button\" data-id=\"7dd7527\" data-element_type=\"widget\" data-widget_type=\"button.default\">\n\t\t\t\t<div class=\"elementor-widget-container\">\n\t\t\t\t\t<div class=\"elementor-button-wrapper\">\n\t\t\t<a href=\"http:\/\/uvmk.gov.mk\/wp-content\/uploads\/2021\/03\/MKV-nov-dvojazicen-severna-scaled.jpg\" class=\"elementor-button-link elementor-button elementor-size-sm\" role=\"button\">\n\t\t\t\t\t\t<span class=\"elementor-button-content-wrapper\">\n\t\t\t\t\t\t<span class=\"elementor-button-text\">\u00c7ERTIFIKAT\u00cb NGA AKTI I MARTES\u00cbS (DY GJUH\u00cb)<\/span>\n\t\t<\/span>\n\t\t\t\t\t<\/a>\n\t\t<\/div>\n\t\t\t\t<\/div>\n\t\t\t\t<\/div>\n\t\t\t\t<div class=\"elementor-element elementor-element-518e10c elementor-widget elementor-widget-button\" data-id=\"518e10c\" data-element_type=\"widget\" data-widget_type=\"button.default\">\n\t\t\t\t<div class=\"elementor-widget-container\">\n\t\t\t\t\t<div class=\"elementor-button-wrapper\">\n\t\t\t<a href=\"http:\/\/uvmk.gov.mk\/wp-content\/uploads\/2021\/03\/mku-dvojazicen-severna-nov-scaled.jpg\" class=\"elementor-button-link elementor-button elementor-size-sm\" role=\"button\">\n\t\t\t\t\t\t<span class=\"elementor-button-content-wrapper\">\n\t\t\t\t\t\t<span class=\"elementor-button-text\">\u00c7ERTIFIKAT\u00cb E VDEKJES (DY GJUH\u00cb)<\/span>\n\t\t<\/span>\n\t\t\t\t\t<\/a>\n\t\t<\/div>\n\t\t\t\t<\/div>\n\t\t\t\t<\/div>\n\t\t\t\t<div class=\"elementor-element elementor-element-d78450c elementor-widget elementor-widget-button\" data-id=\"d78450c\" data-element_type=\"widget\" data-widget_type=\"button.default\">\n\t\t\t\t<div class=\"elementor-widget-container\">\n\t\t\t\t\t<div class=\"elementor-button-wrapper\">\n\t\t\t<a href=\"http:\/\/uvmk.gov.mk\/wp-content\/uploads\/2021\/03\/rod_int.pdf\" class=\"elementor-button-link elementor-button elementor-size-sm\" role=\"button\">\n\t\t\t\t\t\t<span class=\"elementor-button-content-wrapper\">\n\t\t\t\t\t\t<span class=\"elementor-button-text\">\u00c7ERTIFIKAT\u00cb ND\u00cbRKOMB\u00cbTARE E LINDJES<\/span>\n\t\t<\/span>\n\t\t\t\t\t<\/a>\n\t\t<\/div>\n\t\t\t\t<\/div>\n\t\t\t\t<\/div>\n\t\t\t\t<div class=\"elementor-element elementor-element-e746c8a elementor-widget elementor-widget-button\" data-id=\"e746c8a\" data-element_type=\"widget\" data-widget_type=\"button.default\">\n\t\t\t\t<div class=\"elementor-widget-container\">\n\t\t\t\t\t<div class=\"elementor-button-wrapper\">\n\t\t\t<a href=\"http:\/\/uvmk.gov.mk\/wp-content\/uploads\/2021\/03\/ven_int.pdf\" class=\"elementor-button-link elementor-button elementor-size-sm\" role=\"button\">\n\t\t\t\t\t\t<span class=\"elementor-button-content-wrapper\">\n\t\t\t\t\t\t<span class=\"elementor-button-text\">\u00c7ERTIFIKAT\u00cb ND\u00cbRKOMB\u00cbTARE NGA AKTI I MARTES\u00cbS<\/span>\n\t\t<\/span>\n\t\t\t\t\t<\/a>\n\t\t<\/div>\n\t\t\t\t<\/div>\n\t\t\t\t<\/div>\n\t\t\t\t<div class=\"elementor-element elementor-element-139010b elementor-widget elementor-widget-button\" data-id=\"139010b\" data-element_type=\"widget\" data-widget_type=\"button.default\">\n\t\t\t\t<div class=\"elementor-widget-container\">\n\t\t\t\t\t<div class=\"elementor-button-wrapper\">\n\t\t\t<a href=\"http:\/\/uvmk.gov.mk\/wp-content\/uploads\/2021\/03\/umr_int.pdf\" class=\"elementor-button-link elementor-button elementor-size-sm\" role=\"button\">\n\t\t\t\t\t\t<span class=\"elementor-button-content-wrapper\">\n\t\t\t\t\t\t<span class=\"elementor-button-text\">\u00c7ERTIFIKAT\u00cb ND\u00cbRKOMB\u00cbTARE E VDEKJES<\/span>\n\t\t<\/span>\n\t\t\t\t\t<\/a>\n\t\t<\/div>\n\t\t\t\t<\/div>\n\t\t\t\t<\/div>\n\t\t\t\t\t<\/div>\n\t\t<\/div>\n\t\t\t\t\t\t\t<\/div>\n\t\t<\/section>\n\t\t\t\t\t\t<\/div>\n\t\t\t\t\t<\/div>","protected":false},"excerpt":{"rendered":"<p>Format p\u00ebr udh\u00ebheqjen me librat e gjendjes civile: \u00c7ERTIFIKAT\u00cb LINDJE \u00c7ERTIFIKAT\u00cb NGA AKTI I MARTES\u00cbS \u00c7ERTIFIKAT\u00cb E VDEKJES \u00c7ERTIFIKAT\u00cb LINDJE ( DY GJUH\u00cb) \u00c7ERTIFIKAT\u00cb NGA AKTI I MARTES\u00cbS (DY GJUH\u00cb) \u00c7ERTIFIKAT\u00cb E VDEKJES (DY GJUH\u00cb) \u00c7ERTIFIKAT\u00cb ND\u00cbRKOMB\u00cbTARE E LINDJES \u00c7ERTIFIKAT\u00cb ND\u00cbRKOMB\u00cbTARE NGA AKTI I MARTES\u00cbS \u00c7ERTIFIKAT\u00cb ND\u00cbRKOMB\u00cbTARE E VDEKJES<\/p>","protected":false},"author":1,"featured_media":0,"parent":0,"menu_order":0,"comment_status":"closed","ping_status":"closed","template":"","meta":[],"_links":{"self":[{"href":"https:\/\/uvmk.gov.mk\/sq\/wp-json\/wp\/v2\/pages\/10424"}],"collection":[{"href":"https:\/\/uvmk.gov.mk\/sq\/wp-json\/wp\/v2\/pages"}],"about":[{"href":"https:\/\/uvmk.gov.mk\/sq\/wp-json\/wp\/v2\/types\/page"}],"author":[{"embeddable":true,"href":"https:\/\/uvmk.gov.mk\/sq\/wp-json\/wp\/v2\/users\/1"}],"replies":[{"embeddable":true,"href":"https:\/\/uvmk.gov.mk\/sq\/wp-json\/wp\/v2\/comments?post=10424"}],"version-history":[{"count":4,"href":"https:\/\/uvmk.gov.mk\/sq\/wp-json\/wp\/v2\/pages\/10424\/revisions"}],"predecessor-version":[{"id":10428,"href":"https:\/\/uvmk.gov.mk\/sq\/wp-json\/wp\/v2\/pages\/10424\/revisions\/10428"}],"wp:attachment":[{"href":"https:\/\/uvmk.gov.mk\/sq\/wp-json\/wp\/v2\/media?parent=10424"}],"curies":[{"name":"wp","href":"https:\/\/api.w.org\/{rel}","templated":true}]}}