{"id":10442,"date":"2021-03-19T10:59:56","date_gmt":"2021-03-19T10:59:56","guid":{"rendered":"http:\/\/uvmk.unet.mk\/?page_id=10442"},"modified":"2021-03-19T10:59:57","modified_gmt":"2021-03-19T10:59:57","slug":"linqe-te-dobishme","status":"publish","type":"page","link":"https:\/\/uvmk.gov.mk\/sq\/linqe-te-dobishme\/","title":{"rendered":"LINQE T\u00cb DOBISHME"},"content":{"rendered":"<p>QEVERIA E REPUBLIK\u00cbS S\u00cb MAQEDONIS\u00cb<br><a href=\"http:\/\/www.vlada.mk\/\">www.vlada.mk<\/a><\/p>\n\n\n\n<p>PRESIDENTI I REPUBLIK\u00cbS S\u00cb MAQEDONIS\u00cb<br><a href=\"http:\/\/www.president.gov.mk\/\">www.president.gov.mk<\/a><\/p>\n\n\n\n<p>KUVENDI I REPUBLIK\u00cbS S\u00cb MAQEDONIS\u00cb<br><a href=\"http:\/\/www.sobranie.mk\/\">www.sobranie.mk<\/a><\/p>\n\n\n\n<p>MINISTRIA E PUN\u00cbVE T\u00cb JASHTME<br><a href=\"http:\/\/www.mfa.gov.mk\/\">www.mfa.gov.mk<\/a><\/p>\n\n\n\n<p>MINISTRIA E FINANCAVE<br><a href=\"http:\/\/www.finance.gov.mk\/\">www.finance.gov.mk<\/a><\/p>\n\n\n\n<p>MINISTRIA E EKONOMIS\u00cb<br><a href=\"http:\/\/www.economy.gov.mk\/\">www.economy.gov.mk<\/a><\/p>\n\n\n\n<p>MINISTRIA E TRANSPORTIT DHE KOMUNIKIMIT<br><a href=\"http:\/\/www.mtc.gov.mk\/\">www.mtc.gov.mk<\/a><\/p>\n\n\n\n<p>MINISTRIA E KULTUR\u00cbS<br><a href=\"http:\/\/www.kultura.gov.mk\/\">www.kultura.gov.mk<\/a><\/p>\n\n\n\n<p>MINISTRIA E MJEDISIT DHE PLANIFIKIMIT HAP\u00cbSINOR<br><a href=\"http:\/\/www.moe.gov.mk\/\">www.moe.gov.mk<\/a><\/p>\n\n\n\n<p>MINISTRIA E MBROJTJES<br><a href=\"http:\/\/www.www.morm.gov.mk\/\">www.morm.gov.mk<\/a><\/p>\n\n\n\n<p>MINISTRIA E DREJT\u00cbSIS\u00cb<br><a href=\"http:\/\/www.pravda.gov.mk\/\">www.pravda.gov.mk<\/a><\/p>\n\n\n\n<p>MINISTRIA E PUN\u00cbS DHE POLITIK\u00cbS SOCIALE<br><a href=\"http:\/\/www.mtsp.gov.mk\/\">www.mtsp.gov.mk<\/a><\/p>\n\n\n\n<p>MINISTRIA E ARSIMIT DHE SHKENC\u00cbS<br><a href=\"http:\/\/www.mon.gov.mk\/\">www.mon.gov.mk<\/a><\/p>\n\n\n\n<p>MINISTRIA E VET\u00cbQEVERISJES LOKALE<br><a href=\"http:\/\/www.mls.gov.mk\/\">www.mls.gov.mk<\/a><\/p>\n\n\n\n<p>MINISTRIA E SH\u00cbNDET\u00cbSIS\u00cb<br><a href=\"http:\/\/www.zdravstvo.gov.mk\/\">www.zdravstvo.gov.mk<\/a><\/p>\n\n\n\n<p>MINISTRIA E BUJQ\u00cbSIS\u00cb, PYJEVE DHE CIL\u00cbSIS\u00cb T\u00cb UJIT<br><a href=\"http:\/\/www.mzsv.gov.mk\/\">www.mzsv.gov.mk<\/a><\/p>\n\n\n\n<p>MINISTRIA P\u00cbR SHOQ\u00cbRI INFORMATIVE<br><a href=\"http:\/\/www.mio.gov.mk\/\">www.mio.gov.mk<\/a><\/p>","protected":false},"excerpt":{"rendered":"<p>QEVERIA E REPUBLIK\u00cbS S\u00cb MAQEDONIS\u00cbwww.vlada.mk PRESIDENTI I REPUBLIK\u00cbS S\u00cb MAQEDONIS\u00cbwww.president.gov.mk KUVENDI I REPUBLIK\u00cbS S\u00cb MAQEDONIS\u00cbwww.sobranie.mk MINISTRIA E PUN\u00cbVE T\u00cb JASHTMEwww.mfa.gov.mk MINISTRIA E FINANCAVEwww.finance.gov.mk MINISTRIA E EKONOMIS\u00cbwww.economy.gov.mk MINISTRIA E TRANSPORTIT DHE KOMUNIKIMITwww.mtc.gov.mk MINISTRIA E KULTUR\u00cbSwww.kultura.gov.mk MINISTRIA E MJEDISIT DHE PLANIFIKIMIT HAP\u00cbSINORwww.moe.gov.mk MINISTRIA E MBROJTJESwww.morm.gov.mk MINISTRIA E DREJT\u00cbSIS\u00cbwww.pravda.gov.mk MINISTRIA E PUN\u00cbS DHE POLITIK\u00cbS SOCIALEwww.mtsp.gov.mk MINISTRIA E ARSIMIT [&hellip;]<\/p>","protected":false},"author":1,"featured_media":0,"parent":0,"menu_order":0,"comment_status":"closed","ping_status":"closed","template":"","meta":[],"_links":{"self":[{"href":"https:\/\/uvmk.gov.mk\/sq\/wp-json\/wp\/v2\/pages\/10442"}],"collection":[{"href":"https:\/\/uvmk.gov.mk\/sq\/wp-json\/wp\/v2\/pages"}],"about":[{"href":"https:\/\/uvmk.gov.mk\/sq\/wp-json\/wp\/v2\/types\/page"}],"author":[{"embeddable":true,"href":"https:\/\/uvmk.gov.mk\/sq\/wp-json\/wp\/v2\/users\/1"}],"replies":[{"embeddable":true,"href":"https:\/\/uvmk.gov.mk\/sq\/wp-json\/wp\/v2\/comments?post=10442"}],"version-history":[{"count":1,"href":"https:\/\/uvmk.gov.mk\/sq\/wp-json\/wp\/v2\/pages\/10442\/revisions"}],"predecessor-version":[{"id":10443,"href":"https:\/\/uvmk.gov.mk\/sq\/wp-json\/wp\/v2\/pages\/10442\/revisions\/10443"}],"wp:attachment":[{"href":"https:\/\/uvmk.gov.mk\/sq\/wp-json\/wp\/v2\/media?parent=10442"}],"curies":[{"name":"wp","href":"https:\/\/api.w.org\/{rel}","templated":true}]}}