{"id":10504,"date":"2021-03-23T11:39:33","date_gmt":"2021-03-23T11:39:33","guid":{"rendered":"http:\/\/uvmk.unet.mk\/?page_id=10504"},"modified":"2025-10-21T12:51:27","modified_gmt":"2025-10-21T12:51:27","slug":"informimi-publik","status":"publish","type":"page","link":"https:\/\/uvmk.gov.mk\/sq\/informimi-publik\/","title":{"rendered":"Informimi publik"},"content":{"rendered":"<p>Bazuar n\u00eb Ligjin p\u00ebr Qasje t\u00eb Lir\u00eb n\u00eb Informacionin Publik (&#8220;Gazeta Zyrtare e RM nr. 13\/06&#8221;) dhe Nenit 3 t\u00eb Udh\u00ebzuesit p\u00ebr m\u00ebnyr\u00ebn dhe procedur\u00ebn p\u00ebr zbatimin e Ligjit p\u00ebr Qasje t\u00eb Lir\u00eb n\u00eb Informacionin Publik, Zyra p\u00ebr Mbajtjen e librat e regjistrave p\u00ebrgatit\u00ebn sa vijon:<\/p>\r\n\r\n\r\n\r\n<p><strong>LISTA E INFORMACIONIT PUBLIK<\/strong><\/p>\r\n\r\n\r\n\r\n<p>Lista e informacionit publik t\u00eb Zyr\u00ebs s\u00eb Regjistrimit p\u00ebrb\u00ebhet nga dokumentet e m\u00ebposhtme dhe grupet e informacionit:<\/p>\r\n\r\n\r\n\r\n<ul>\r\n<li><a href=\"https:\/\/uvmk.gov.mk\/wp-content\/uploads\/2023\/09\/%D0%BE%D0%B1%D1%83%D0%BA%D0%B8-%D0%B7%D0%B0-%D0%B2%D1%80%D0%B0%D0%B1%D0%BE%D1%82%D0%B5%D0%BD%D0%B8-%D1%83%D0%B2%D0%BC%D0%BA-2023.pdf\">PLANI VJETOR I TRAJNIMEVE<\/a><\/li>\r\n<li><a href=\"https:\/\/uvmk.gov.mk\/wp-content\/uploads\/2023\/10\/p-5.2_2-Politika-za-sprecuvanje-korupcija-1.pdf\">Politika p\u00ebr parandalimin e korrupsionit<\/a><\/li>\r\n<li><a href=\"https:\/\/uvmk.gov.mk\/wp-content\/uploads\/2023\/11\/politika-za-kvalitet-zivotna-sredina-i-bezbednost-na-informacii.pdf\">POLITIKA P\u00cbR CIL\u00cbSI, MJEDIS JET\u00cbSOR DHE SIGURI T\u00cb INFORMACIONEVE<\/a><\/li>\r\n<li><a href=\"https:\/\/uvmk.gov.mk\/wp-content\/uploads\/2023\/09\/%D0%A1%D1%82%D1%80%D0%B0%D1%82%D0%B5%D1%88%D0%BA%D0%B8-%D0%BF%D0%BB%D0%B0%D0%BD-%D0%BD%D0%B0-%D0%A3%D0%92%D0%9C%D0%9A-%D0%B7%D0%B0-2024-2026-%D0%B3%D0%BE%D0%B4%D0%B8%D0%BD%D0%B0.pdf\">PLANI STRATEGJIK I DREJTORIS\u00cb P\u00cbR UDH\u00cbHEQJEN E LIBRAVE AM\u00cb P\u00cbR VITET 2024-2026<\/a><\/li>\r\n<li><a href=\"https:\/\/uvmk.gov.mk\/wp-content\/uploads\/2023\/09\/%D0%A0%D0%B5%D0%B2%D0%B8%D0%B4%D0%B8%D1%80%D0%B0%D0%BD-%D0%B3%D0%BE%D0%B4%D0%B8%D1%88%D0%B5%D0%BD-%D0%BF%D0%BB%D0%B0%D0%BD-%D0%B7%D0%B0-%D0%B2%D1%80%D0%B0%D0%B1%D0%BE%D1%82%D1%83%D0%B2%D0%B0%D1%9A%D0%B5.pdf\">Plani i rishikuar vjetor p\u00ebr pun\u00ebsim<\/a><\/li>\r\n<li><a href=\"http:\/\/uvmk.gov.mk\/wp-content\/uploads\/2021\/03\/strateski-plan-2018-2020.pdf\" target=\"_blank\" rel=\"noreferrer noopener\">PLANI STRATEGJIK I DREJTORIS\u00cb P\u00cbR UDH\u00cbHQJEN E LIBRAVE AM\u00cb P\u00cbR VITET 2018-2020<\/a><\/li>\r\n<li><a href=\"https:\/\/uvmk.gov.mk\/%d0%b8%d0%bd%d1%84%d0%be%d1%80%d0%bc%d0%b0%d1%86%d0%b8%d0%b8-%d0%be%d0%b4-%d1%98%d0%b0%d0%b2%d0%b5%d0%bd-%d0%ba%d0%b0%d1%80%d0%b0%d0%ba%d1%82%d0%b5%d1%80\/%d0%b1%d1%83%d1%9f%d0%b5%d1%82-%d0%bd%d0%b0-%d1%83%d0%bf%d1%80%d0%b0%d0%b2%d0%b0%d1%82%d0%b0-%d0%b7%d0%b0-%d0%b2%d0%be%d0%b4%d0%b5%d1%9a%d0%b5-%d0%bd%d0%b0-%d0%bc%d0%b0%d1%82%d0%b8%d1%87%d0%bd%d0%b8\/\">BUXHETI I DREJTORIS\u00cb P\u00cbR UDH\u00cbHEQJEN E LIBRAVE AM\u00cb<\/a><\/li>\r\n<li><a href=\"https:\/\/www.uvmk.gov.mk\/mk\/javni-nabavki\">RAPORTE T\u00cb MIRATUARA P\u00cbR ZBATIMIN E BUXHETIT<\/a><\/li>\r\n<li><a href=\"http:\/\/uvmk.gov.mk\/%d1%98%d0%b0%d0%b2%d0%bd%d0%b8-%d0%bd%d0%b0%d0%b1%d0%b0%d0%b2%d0%ba%d0%b8\/\">PROKURIME PUBLIKE<\/a><\/li>\r\n<li><a href=\"http:\/\/uvmk.gov.mk\/wp-content\/uploads\/2021\/03\/Pravilnik_organizacija_1.pdf\" target=\"_blank\" rel=\"noreferrer noopener\">RREGULLORJA P\u00cbR ORGANIZIMIN E BRENDSH\u00cbM DHE FUNKSIONIMIN E UVMK-s\u00eb<\/a>\r\n<ul>\r\n<li><a href=\"https:\/\/uvmk.gov.mk\/wp-content\/uploads\/2021\/03\/Pravilnik_organizacija_29.06.2010_ads.pdf\">NDRYSHIME DHE SHTESA \u2013 29.06.2010<\/a><\/li>\r\n<li><a href=\"https:\/\/uvmk.gov.mk\/wp-content\/uploads\/2021\/03\/Pravilnik_organizacija_04.03.2011.pdf\">NDRYSHIME DHE SHTESA \u2013 04.03.2011<\/a><\/li>\r\n<li><a href=\"https:\/\/uvmk.gov.mk\/wp-content\/uploads\/2021\/03\/Pravilnik_organizacija_23.11.2015.pdf\">NDRYSHIME DHE SHTESA \u2013 23.11.2015<\/a><\/li>\r\n<\/ul>\r\n<\/li>\r\n<li><a href=\"http:\/\/uvmk.gov.mk\/wp-content\/uploads\/2021\/03\/%D0%9E%D0%A0%D0%93%D0%90%D0%9D%D0%9E%D0%93%D0%A0%D0%90%D0%9C-%D0%9D%D0%90-%D0%A3%D0%9F%D0%A0%D0%90%D0%92%D0%90%D0%A2%D0%90-%D0%97%D0%90-%D0%92%D0%9E%D0%94%D0%95%D0%8A%D0%95-%D0%9D%D0%90-%D0%9C%D0%90%D0%A2%D0%98%D0%A7%D0%9D%D0%98%D0%A2%D0%95-%D0%9A%D0%9D%D0%98%D0%93%D0%98-1.pdf\" target=\"_blank\" rel=\"noreferrer noopener\">ORGANOGRAMI I DREJTORIS\u00cb P\u00cbR UDH\u00cbHEQJEN E LIBRAVE AM\u00cb<\/a><\/li>\r\n<li><a href=\"https:\/\/uvmk.gov.mk\/wp-content\/uploads\/2021\/03\/Pravilnik_sistematizacija_UVMK-23112015.pdf\">RREGULLORJA P\u00cbR SISTEMATIZIMIN E VENDEVE T\u00cb PUN\u00cbS N\u00cb UVMK<\/a>\r\n<ul>\r\n<li><a href=\"https:\/\/uvmk.gov.mk\/wp-content\/uploads\/2021\/03\/Pravilnik-za-izmenuvanje-i-dopolnuvanje.pdf\">RREGULLORJA P\u00cbR NDRYSHIME DHE SHTESA \u2013 06.06.2017<\/a><\/li>\r\n<\/ul>\r\n<\/li>\r\n<li><a href=\"http:\/\/uvmk.gov.mk\/wp-content\/uploads\/2025\/10\/\u0421\u043f\u0438\u0441\u043e\u043a-\u043e\u0434-\u0412\u0440\u0430\u0431\u043e\u0442\u0435\u043d\u04381.xlsx\" target=\"_blank\" rel=\"noreferrer noopener\">LISTA E T\u00cb PUN\u00cbSUARVE N\u00cb DREJTORIN\u00cb P\u00cbR UDH\u00cbHEQJEN E LIBRAVE AM\u00cb ME POZIT\u00cbN, E-MAILIN ZYRTAR DHE TELEFONIN ZYRTAR<\/a><\/li>\r\n<li><a href=\"http:\/\/uvmk.gov.mk\/%d0%bf%d1%80%d0%b0%d0%b2%d0%bd%d0%b0-%d1%80%d0%b0%d0%bc%d0%ba%d0%b0\/\">LIGJE T\u00cb LIDHURA ME DREJTORIN\u00cb P\u00cbR UDH\u00cbHEQJEN E LIBRAVE AM\u00cb<\/a><\/li>\r\n<li><a href=\"http:\/\/uvmk.gov.mk\/%d0%b4%d0%be%d0%ba%d1%83%d0%bc%d0%b5%d0%bd%d1%82%d0%b8\/\">DOKUMENTE \u2013 FORMULAR\u00cb T\u00cb DREJTORIS\u00cb P\u00cbR UDH\u00cbHEQJEN E LIBRAVE AM\u00cb<\/a><\/li>\r\n<li><a href=\"http:\/\/uvmk.gov.mk\/wp-content\/uploads\/2021\/03\/Tarifnik_za_nadomestoci_na_uslugite_koi_se_izdavaat_vo_UVMK.pdf\" target=\"_blank\" rel=\"noreferrer noopener\">TARIFOR P\u00cbR TARIFAT E SH\u00cbRBIMEVE T\u00cb OFRUARA N\u00cb DREJTORIN\u00cb P\u00cbR MBATJEN E LIBRAVE AM\u00cb<\/a><\/li>\r\n<li><a href=\"https:\/\/uvmk.gov.mk\/sq\/sherbimet\/\">SH\u00cbRBIMET E UVMK-s\u00eb P\u00cbR QYTETAR\u00cbT<\/a><\/li>\r\n<li><a href=\"http:\/\/uvmk.gov.mk\/%d0%bb%d0%be%d0%ba%d0%b0%d1%86%d0%b8%d0%b8-%d0%bd%d0%b0-%d1%83%d0%b2%d0%bc%d0%ba\/\">VENDIM P\u00cbR P\u00cbRCAKTIMIN E ZONAVE T\u00cb LIBRAVE AM\u00cb<\/a><\/li>\r\n<li><a href=\"http:\/\/uvmk.gov.mk\/wp-content\/uploads\/2021\/03\/delovnik_za_rab_na_kom_za_prek.pdf\" target=\"_blank\" rel=\"noreferrer noopener\">RREGULLORJA P\u00cbR FUNKSIONIMIN E KOMISIONIT P\u00cbR TRAJTIMIN E PROCEDURAVE P\u00cbR SHKELJE N\u00cb UVMK<\/a><\/li>\r\n<li><a href=\"http:\/\/uvmk.gov.mk\/wp-content\/uploads\/2021\/03\/Pravilnik_dopolnitelno.pdf\" target=\"_blank\" rel=\"noreferrer noopener\">RREGULLORJA P\u00cbR P\u00cbRCAKTIMIN E FORMATIT DHE P\u00cbRMBATJES S\u00cb FORMULARIT T\u00cb K\u00cbRKES\u00cbS P\u00cbR REGJISTRIM SHTES\u00cb N\u00cb LIBRAT AM\u00cb T\u00cb LINDJES, FORMULARI I K\u00cbRKES\u00cbS P\u00cbR REGJISTRIM SHTES\u00cb N\u00cb LIBRAT AM\u00cb T\u00cb KUROR\u00cbZIMIT &#8230;<\/a><\/li>\r\n<li><a href=\"http:\/\/uvmk.gov.mk\/wp-content\/uploads\/2021\/03\/upatstvo_MK.pdf\" target=\"_blank\" rel=\"noreferrer noopener\">UDH\u00cbZIM P\u00cbR MBATJEN, RUAJTJEN DHE MBROJTJEN E LIBRAVE AM\u00cb<\/a><\/li>\r\n<li><a href=\"http:\/\/uvmk.gov.mk\/wp-content\/uploads\/2021\/03\/Pravilnik_za_razmena_na_dokumenti_po_sl_dolznost.pdf\" target=\"_blank\" rel=\"noreferrer noopener\">RREGULLORJA P\u00cbR K\u00cbMBIMIN E DOKUMENTEVE N\u00cb KUAD\u00cbR T\u00cb DETYR\u00cbS ZYRTARE<\/a><\/li>\r\n<li><a href=\"https:\/\/uvmk.gov.mk\/%d0%b8%d0%bd%d1%84%d0%be%d1%80%d0%bc%d0%b0%d1%86%d0%b8%d0%b8-%d0%be%d0%b4-%d1%98%d0%b0%d0%b2%d0%b5%d0%bd-%d0%ba%d0%b0%d1%80%d0%b0%d0%ba%d1%82%d0%b5%d1%80\/%d0%b7%d0%b0%d0%b2%d1%80%d1%88%d0%bd%d0%b0-%d1%81%d0%bc%d0%b5%d1%82%d0%ba%d0%b0\/\">BILANCI I FUNDIT<\/a><\/li>\r\n<li><a href=\"https:\/\/uvmk.gov.mk\/wp-content\/uploads\/2023\/11\/Pravilnik-za-nacinot-na-vrsenje-video-nadzor-vo-UVMK.pdf\">RREGULLORJA P\u00cbR METODAT E MBIK\u00cbQYRJES ME VIDEO N\u00cb UVMK<\/a><\/li>\r\n<li><a href=\"https:\/\/uvmk.gov.mk\/%d0%b8%d0%bd%d1%84%d0%be%d1%80%d0%bc%d0%b0%d1%86%d0%b8%d0%b8-%d0%be%d0%b4-%d1%98%d0%b0%d0%b2%d0%b5%d0%bd-%d0%ba%d0%b0%d1%80%d0%b0%d0%ba%d1%82%d0%b5%d1%80\/%d0%b3%d0%be%d0%b4%d0%b8%d1%88%d0%b5%d0%bd-%d0%b8%d0%b7%d0%b2%d0%b5%d1%88%d1%82%d0%b0%d1%98\/\">RAPORT VJETOR<\/a><\/li>\r\n<li><a href=\"https:\/\/uvmk.gov.mk\/wp-content\/uploads\/2025\/02\/%D0%9F%D1%80%D0%BE%D1%86%D0%B5%D0%B4%D1%83%D1%80%D0%B0-%D0%B7%D0%B0-%D0%BD%D0%B0%D1%87%D0%B8%D0%BD%D0%BE%D1%82-%D0%BD%D0%B0-%D0%B8%D0%B7%D0%B4%D0%B0%D0%B2%D0%B0%D1%9A%D0%B5-%D0%BD%D0%B0-%D0%B4%D0%BE%D0%BA%D1%83%D0%BC%D0%B5%D0%BD%D1%82%D0%B8-%D0%BE%D0%B4-%D0%BF%D0%BE%D0%B4%D1%80%D0%B0%D1%87%D0%BD%D0%B8%D1%82%D0%B5-%D0%BE%D0%B4%D0%B4%D0%B5%D0%BB%D0%B5%D0%BD%D0%B8%D1%98%D0%B0-%D0%B7%D0%B0-%D0%BC%D0%B0%D1%82%D0%B8%D1%87%D0%BD%D0%BE-%D1%80%D0%B0%D0%B1%D0%BE%D1%82%D0%B5%D1%9A%D0%B5.pdf\">Procedura p\u00ebr m\u00ebnyr\u00ebn e l\u00ebshimit t\u00eb dokumenteve nga deg\u00ebt rajonale p\u00ebr regjistrim<\/a><\/li>\r\n<li><a href=\"https:\/\/uvmk.gov.mk\/wp-content\/uploads\/2025\/10\/%D0%9F%D1%80%D0%BE%D1%86%D0%B5%D0%B4%D1%83%D1%80%D0%B0.pdf\">Procedura p\u00ebr trajtimin e k\u00ebrkesave p\u00ebr qasje t\u00eb lir\u00eb n\u00eb informacionet me karakter publik<\/a><\/li>\r\n<\/ul>\r\n\r\n\r\n\r\n<p>Qytetar\u00ebt e Republik\u00ebs s\u00eb Maqedonis\u00eb s\u00eb Veriut mund t\u00eb marrin informacion me karakter publik t\u00eb p\u00ebrgatitur ose t\u00eb disponuar nga Drejtoria p\u00ebr udh\u00ebheqjen e librave am\u00eb duke plot\u00ebsuar K\u00ebrkes\u00ebn p\u00ebr qasje n\u00eb informacionet me karakter publik, e cila mund t\u00eb merret n\u00eb arkivin e UVMK-s\u00eb ose t\u00eb shkarkohet \u2013 <a href=\"https:\/\/uvmk.gov.mk\/wp-content\/uploads\/2023\/07\/%D0%9E%D0%B1%D1%80%D0%B0%D0%B7%D0%B5%D1%86-%D0%BD%D0%B0-%D0%91%D0%B0%D1%80%D0%B0%D1%9A%D0%B5.pdf\">K\u00ebrkes\u00eb p\u00ebr qasje n\u00eb informacionet me karakter publik<\/a>.<\/p>\r\n<p>Drejtorija p\u00ebr udh\u00ebheqjen e librave am\u00eb, n\u00eb p\u00ebrputhje me Ligjin p\u00ebr qasje t\u00eb lir\u00eb n\u00eb informacionet me karakter publik, ka em\u00ebruar Gjulnas Mursel si person zyrtar p\u00ebr nd\u00ebrmjet\u00ebsim n\u00eb lidhje me informacionet me karakter publik.<\/p>\r\n\r\n\r\n\r\n<p>K\u00ebrkesa p\u00ebr informacion mund t\u00eb paraqitet me shkrim n\u00eb adres\u00ebn e Zyr\u00ebs s\u00eb Regjistrimit &#8211; Blvd.\u00a0Sh\u00ebn\u00a0Cirili dhe Metodi nr. 54 1000 Shkup, me e-mail\u00a0\u00a0<a href=\"mailto:katerina.bitrovska@uvmk.gov.mk\">gulna.mursel@uvmk.gov.mk<\/a>. Qytetar\u00ebt mund t\u00eb informohen p\u00ebr t\u00eb gjitha \u00e7\u00ebshtjet e interesit t\u00eb tyre n\u00eb lidhje me t\u00eb drejt\u00ebn p\u00ebr qasje falas n\u00eb informacion publik dhe n\u00eb telefon 070 328 690.<\/p>\r\n\r\n\r\n\r\n<p>Drejtorija p\u00ebr udh\u00ebheqjen e librave am\u00eb em\u00ebron Kristina Mitevska si oficer p\u00ebr mbrojtjen e t\u00eb dh\u00ebnave personale, me num\u00ebr kontakti 070 328 602 dhe e-mail: <a class=\"decorated-link cursor-pointer\" rel=\"noopener\" data-start=\"153\" data-end=\"169\">ozlp@uvmk.gov.mk<\/a><\/p>\r\n<p data-start=\"0\" data-end=\"178\">Drejtorija p\u00ebr udh\u00ebheqjen e librave am\u00eb e em\u00ebron Kristina Mitevska si p\u00ebrgjegj\u00ebse p\u00ebr luft\u00ebn kund\u00ebr korrupsionit, me num\u00ebr kontakti 070 328 602 dhe e-mail: <a class=\"decorated-link cursor-pointer\" rel=\"noopener\" data-start=\"154\" data-end=\"175\">korupcija@uvmk.gov.mk<\/a>.<\/p>\r\n<p data-start=\"180\" data-end=\"362\" data-is-last-node=\"\" data-is-only-node=\"\">Drejtorija p\u00ebr udh\u00ebheqjen e librave am\u00eb e em\u00ebron Jetmir Feta si p\u00ebrgjegj\u00ebs p\u00ebr pranimin e denoncimeve nga sinjalizuesit, me num\u00ebr kontakti 072 229 173 dhe e-mail: <a class=\"decorated-link cursor-pointer\" rel=\"noopener\" data-start=\"341\" data-end=\"361\">ukazuvac@uvmk.gov.mk<\/a>.<\/p>","protected":false},"excerpt":{"rendered":"<p>Bazuar n\u00eb Ligjin p\u00ebr Qasje t\u00eb Lir\u00eb n\u00eb Informacionin Publik (&#8220;Gazeta Zyrtare e RM nr. 13\/06&#8221;) dhe Nenit 3 t\u00eb Udh\u00ebzuesit p\u00ebr m\u00ebnyr\u00ebn dhe procedur\u00ebn p\u00ebr zbatimin e Ligjit p\u00ebr Qasje t\u00eb Lir\u00eb n\u00eb Informacionin Publik, Zyra p\u00ebr Mbajtjen e librat e regjistrave p\u00ebrgatit\u00ebn sa vijon: LISTA E INFORMACIONIT PUBLIK Lista e informacionit publik t\u00eb [&hellip;]<\/p>","protected":false},"author":1,"featured_media":0,"parent":0,"menu_order":0,"comment_status":"closed","ping_status":"closed","template":"","meta":[],"_links":{"self":[{"href":"https:\/\/uvmk.gov.mk\/sq\/wp-json\/wp\/v2\/pages\/10504"}],"collection":[{"href":"https:\/\/uvmk.gov.mk\/sq\/wp-json\/wp\/v2\/pages"}],"about":[{"href":"https:\/\/uvmk.gov.mk\/sq\/wp-json\/wp\/v2\/types\/page"}],"author":[{"embeddable":true,"href":"https:\/\/uvmk.gov.mk\/sq\/wp-json\/wp\/v2\/users\/1"}],"replies":[{"embeddable":true,"href":"https:\/\/uvmk.gov.mk\/sq\/wp-json\/wp\/v2\/comments?post=10504"}],"version-history":[{"count":11,"href":"https:\/\/uvmk.gov.mk\/sq\/wp-json\/wp\/v2\/pages\/10504\/revisions"}],"predecessor-version":[{"id":11862,"href":"https:\/\/uvmk.gov.mk\/sq\/wp-json\/wp\/v2\/pages\/10504\/revisions\/11862"}],"wp:attachment":[{"href":"https:\/\/uvmk.gov.mk\/sq\/wp-json\/wp\/v2\/media?parent=10504"}],"curies":[{"name":"wp","href":"https:\/\/api.w.org\/{rel}","templated":true}]}}