{"id":10517,"date":"2021-03-23T12:22:14","date_gmt":"2021-03-23T12:22:14","guid":{"rendered":"http:\/\/uvmk.unet.mk\/?page_id=10517"},"modified":"2025-12-25T12:14:52","modified_gmt":"2025-12-25T12:14:52","slug":"kontaktoni","status":"publish","type":"page","link":"https:\/\/uvmk.gov.mk\/sq\/kontaktoni\/","title":{"rendered":"Kontaktoni"},"content":{"rendered":"<p><\/p>\r\n\n<div class=\"wpcf7 no-js\" id=\"wpcf7-f10512-o1\" lang=\"en-US\" dir=\"ltr\">\n<div class=\"screen-reader-response\"><p role=\"status\" aria-live=\"polite\" aria-atomic=\"true\"><\/p> <ul><\/ul><\/div>\n<form action=\"\/sq\/wp-json\/wp\/v2\/pages\/10517#wpcf7-f10512-o1\" method=\"post\" class=\"wpcf7-form init\" aria-label=\"Contact form\" novalidate=\"novalidate\" data-status=\"init\" data-trp-original-action=\"\/sq\/wp-json\/wp\/v2\/pages\/10517#wpcf7-f10512-o1\">\n<div style=\"display: none;\">\n<input type=\"hidden\" name=\"_wpcf7\" value=\"10512\" \/>\n<input type=\"hidden\" name=\"_wpcf7_version\" value=\"5.7.5.1\" \/>\n<input type=\"hidden\" name=\"_wpcf7_locale\" value=\"en_US\" \/>\n<input type=\"hidden\" name=\"_wpcf7_unit_tag\" value=\"wpcf7-f10512-o1\" \/>\n<input type=\"hidden\" name=\"_wpcf7_container_post\" value=\"0\" \/>\n<input type=\"hidden\" name=\"_wpcf7_posted_data_hash\" value=\"\" \/>\n<\/div>\n<p><label> Emri dhe mbiemri<br \/>\n<span class=\"wpcf7-form-control-wrap\" data-name=\"your-name\"><input size=\"40\" class=\"wpcf7-form-control wpcf7-text wpcf7-validates-as-required\" aria-required=\"true\" aria-invalid=\"false\" value=\"\" type=\"text\" name=\"your-name\" \/><\/span> <\/label>\n<\/p>\n<p><label> Adresa e emailit<br \/>\n<span class=\"wpcf7-form-control-wrap\" data-name=\"your-email\"><input size=\"40\" class=\"wpcf7-form-control wpcf7-text wpcf7-email wpcf7-validates-as-required wpcf7-validates-as-email\" aria-required=\"true\" aria-invalid=\"false\" value=\"\" type=\"email\" name=\"your-email\" \/><\/span> <\/label>\n<\/p>\n<p><label> Titulli<br \/>\n<span class=\"wpcf7-form-control-wrap\" data-name=\"your-subject\"><input size=\"40\" class=\"wpcf7-form-control wpcf7-text wpcf7-validates-as-required\" aria-required=\"true\" aria-invalid=\"false\" value=\"\" type=\"text\" name=\"your-subject\" \/><\/span> <\/label>\n<\/p>\n<p><label>P\u00ebrshkrimi<br \/>\n<span class=\"wpcf7-form-control-wrap\" data-name=\"your-message\"><textarea cols=\"40\" rows=\"10\" class=\"wpcf7-form-control wpcf7-textarea\" aria-invalid=\"false\" name=\"your-message\"><\/textarea><\/span> <\/label>\n<\/p>\n<p><input class=\"wpcf7-form-control has-spinner wpcf7-submit\" type=\"submit\" value=\"D\u00ebrgoni\" \/>\n<\/p><div class=\"wpcf7-response-output\" aria-hidden=\"true\"><\/div>\n<input type=\"hidden\" name=\"trp-form-language\" value=\"sq\"\/><\/form>\n<\/div>\n\r\n<p><\/p>\r\n<h3>Kontaktoni<\/h3>\r\n<p>E-mail:\u00a0<a href=\"mailto:contact@uvmk.gov.mk\"><strong>contact@uvmk.gov.mk<\/strong><\/a><br \/><br \/><\/p>\r\n<p>Bul. Sh\u00ebn\u00a0Kirili dhe Metodi 54 1000 Shkup, R.\u00a0Maqedonia<\/p>\r\n<p><iframe loading=\"lazy\" style=\"border: 0;\" src=\"https:\/\/www.google.com\/maps\/embed?pb=!1m18!1m12!1m3!1d11861.219447316758!2d21.414636569775404!3d41.9937324!2m3!1f0!2f0!3f0!3m2!1i1024!2i768!4f13.1!3m3!1m2!1s0x1354144a7b1b2bd9%3A0x577d10348d7c2da6!2z0KPQv9GA0LDQstCwINC30LAg0LLQvtC00LXRmtC1INC90LAg0LzQsNGC0LjRh9C90LjRgtC1INC60L3QuNCz0Lgg0L3QsCDQoNCh0Jw!5e0!3m2!1smk!2smk!4v1615301712382!5m2!1smk!2smk\" width=\"400\" height=\"200\" allowfullscreen=\"allowfullscreen\"><\/iframe><\/p>\r\n<p><strong>\u00a0Zyra rajonale Shkupi<\/strong><br \/>\u00a0Rr.\u00a0Kay Dimitar Vlahov bb<br \/>orari i pun\u00ebs: E h\u00ebn\u00eb &#8211; E premte nga ora 07:30 deri n\u00eb 15:30<br \/><br \/><strong>&#8211; Zyra rajonale Shkup &#8211; Zona e sht\u00ebpis\u00eb Kryetari<\/strong><br \/>\u00a0Rr.\u00a0Hristijan Todorovski Karpos nr. 5 &#8211; Karrige<br \/>orari i pun\u00ebs: E h\u00ebn\u00eb &#8211; E premte nga ora 07:30 deri n\u00eb 15:30<\/p>\r\n<p><br \/><strong>&#8211; Zyra Rajonale Shkup &#8211; Zona e sht\u00ebpis\u00eb Butel<\/strong><br \/>\u00a0Rr.\u00a0Butelska br.4 &#8211;<br \/>orari i pun\u00ebs: E h\u00ebn\u00eb &#8211; E premte nga ora 07:30 deri n\u00eb 15:30<\/p>\r\n<p><br \/><strong>&#8211; Zyra Rajonale Shkup &#8211; Zona kryesore<\/strong><br \/>\u00a0Rruga\u00a0<strong>Aracinovo<\/strong>\u00a0.\u00a014 Nr. 15 &#8211; Ara\u00e7inovo<br \/>orari i pun\u00ebs: E h\u00ebn\u00eb &#8211; E premte nga ora 07:30 deri n\u00eb 15:30<\/p>\r\n<p><br \/><strong>&#8211; Zyra Rajonale Shkup &#8211; Zona e sht\u00ebpis\u00eb<\/strong><br \/>\u00a0Rruga\u00a0<strong>Gazi Baba<\/strong>\u00a0.\u00a0Blagoja Stefkovski bb<br \/>orari i pun\u00ebs: E h\u00ebn\u00eb &#8211; E premte nga ora 07:30 deri n\u00eb 15:30<\/p>\r\n<p><br \/><strong>&#8211; Zyra Rajonale Shkup &#8211; Zona kryesore<\/strong><br \/>\u00a0Rruga\u00a0<strong>Dra\u00e7ev\u00eb<\/strong>\u00a0.\u00a0Petar Deljan br.1<br \/>orari i pun\u00ebs: E h\u00ebn\u00eb &#8211; E premte nga ora 07:30 deri n\u00eb 15:30<\/p>\r\n<p><br \/><strong>&#8211; Zyra Rajonale Shkup &#8211; Zona e sht\u00ebpis\u00eb<\/strong><br \/>\u00a0Rruga\u00a0<strong>Gjorce Petrov<\/strong>\u00a0.\u00a0P\u00ebrmes Ignatia nr. 6<br \/>orari i pun\u00ebs: E h\u00ebn\u00eb &#8211; E premte nga ora 07:30 deri n\u00eb 15:30<\/p>\r\n<p><br \/><strong>&#8211; Zyra Rajonale Shkup &#8211; Sht\u00ebpia<\/strong><br \/>\u00a0Rr.\u00a0<strong>Ilinden<\/strong>\u00a0.\u00a09 bb &#8211; Ilinden<br \/>orari i pun\u00ebs: E h\u00ebn\u00eb &#8211; E premte nga ora 07:30 deri n\u00eb 15:30<\/p>\r\n<p><br \/><strong>&#8211; Zyra Rajonale Shkup &#8211; Sht\u00ebpia<\/strong><br \/>\u00a0Rruga\u00a0<strong>Petrovec<\/strong>\u00a0.\u00a01 bb &#8211; Petrovec<br \/>orari i pun\u00ebs: E h\u00ebn\u00eb &#8211; E premte nga ora 07:30 deri n\u00eb 15:30<\/p>\r\n<p><br \/><strong>&#8211; Zyra Rajonale Shkup &#8211; Zona e sht\u00ebpis\u00eb<\/strong><br \/>\u00a0Rruga\u00a0<strong>Studenicani<\/strong>\u00a0.\u00a01 bb &#8211; Studenichani<br \/>orari i pun\u00ebs: E h\u00ebn\u00eb &#8211; E premte nga ora 07:30 deri n\u00eb 15:30<\/p>\r\n<p><br \/><strong>&#8211; Zyra Rajonale Shkup &#8211; Sht\u00ebpia<\/strong><br \/>\u00a0Rruga\u00a0<strong>Saraj<\/strong>\u00a0.\u00a02 br.bb &#8211; Saraj<br \/>orari i pun\u00ebs: E h\u00ebn\u00eb &#8211; E premte nga ora 07:30 deri n\u00eb 15:30<\/p>\r\n<p><br \/><strong>&#8211; Zyra Rajonale Shkup &#8211; Zona e sht\u00ebpis\u00eb Cucer Sandevo<\/strong><br \/>\u00a0Rr.\u00a04 Nr. 4 &#8211; Ku\u00e7evishte<br \/>orari i pun\u00ebs: E h\u00ebn\u00eb &#8211; E premte nga ora 07:30 deri n\u00eb 15:30<\/p>\r\n<p><br \/><strong>&#8211; Zyra Rajonale Shkup &#8211; Sht\u00ebpia Suto Orizari<\/strong><br \/>\u00a0Rr.\u00a0Hadzi Jovan Shishkov bb<br \/>orari i pun\u00ebs: E h\u00ebn\u00eb &#8211; E premte nga ora 07:30 deri n\u00eb 15:30<\/p>\r\n<p><strong>Departamenti Rajonal Manastir<\/strong><br \/>\u00a0Rruga\u00a0<strong>Manastir\u00a0<\/strong>Stolarska br.3\u00a0<br \/>orari i pun\u00ebs: E h\u00ebn\u00eb &#8211; E premte nga ora 07:30 deri n\u00eb 15:30<br \/><br \/><strong>&#8211; Zyra Rajonale Manastir &#8211; Zona e sht\u00ebpis\u00eb<\/strong><br \/>\u00a0Rruga\u00a0<strong>Novaci<\/strong>\u00a0.\u00a0s.Novaci<\/p>\r\n<p>orari i pun\u00ebs: E h\u00ebn\u00eb &#8211; E premte nga ora 07:30 deri n\u00eb 15:30<\/p>\r\n<p><br \/><strong>&#8211; Departamenti Rajonal Manastir &#8211; Zona e sht\u00ebpis\u00eb<\/strong><br \/>\u00a0Rruga\u00a0<strong>Mogila<\/strong>\u00a0.\u00a0\u0441\u00a0Mogila<\/p>\r\n<p>orari i pun\u00ebs: E h\u00ebn\u00eb &#8211; E premte nga ora 07:30 deri n\u00eb 15:30<\/p>\r\n<p><strong>Departamenti Rajonal Veles<\/strong><br \/>\u00a0Rruga e\u00a0<strong>Velesit\u00a0<\/strong>Blagoj Gjorev nr.1<br \/>orari i pun\u00ebs: E h\u00ebn\u00eb &#8211; E premte nga ora 07:30 deri n\u00eb 15:30<\/p>\r\n<p><br \/><strong>&#8211; Drejtoria Rajonale Veles &#8211; Faqja Gradsko<\/strong><br \/>\u00a0st.\u00a0Marshalli Tito nr<br \/>\u00a0.\u00a084\u00a0<\/p>\r\n<p>orari i pun\u00ebs: E h\u00ebn\u00eb &#8211; E premte nga ora 07:30 deri n\u00eb 15:30<\/p>\r\n<p><br \/><strong>&#8211; Departamenti Rajonal Veles &#8211; Zona kryesore<\/strong><br \/>\u00a0Rruga\u00a0Caska\u00a0.\u00a0s.Caska<\/p>\r\n<p>orari i pun\u00ebs: E h\u00ebn\u00eb &#8211; E premte nga ora 07:30 deri n\u00eb 15:30<\/p>\r\n<p><strong>\u00a0Zyra rajonale Kumanov\u00eb<\/strong><br \/>\u00a0Rruga\u00a0<strong>Kumanov\u00eb<\/strong>\u00a0.\u00a0Goce Delchev bb<br \/>orari i pun\u00ebs: E h\u00ebn\u00eb &#8211; E premte nga ora 07:30 deri n\u00eb 15:30<br \/><br \/><strong>&#8211; Zyra Rajonale Kumanov\u00eb &#8211; Sht\u00ebpia<\/strong><br \/>\u00a0Rruga\u00a0<strong>Lipkovo<\/strong>\u00a0.\u00a0s.Lipkovo<\/p>\r\n<p>orari i pun\u00ebs: E h\u00ebn\u00eb &#8211; E premte nga ora 07:30 deri n\u00eb 15:30<\/p>\r\n<p><br \/><strong>&#8211; Departamenti Rajonal Kumanov\u00eb &#8211; Zona kryesore<\/strong><br \/>\u00a0Rruga\u00a0<strong>Staro Nagoricane<\/strong>\u00a0.\u00a0s.Staro Nagoricane<\/p>\r\n<p>orari i pun\u00ebs: E h\u00ebn\u00eb &#8211; E premte nga ora 07:30 deri n\u00eb 15:30<\/p>\r\n<p><strong>Department Departamenti Rajonal<\/strong><br \/>\u00a0Rruga e\u00a0<strong>Ohrit\u00a0<\/strong>Dimitar Vlahov nr. 57<br \/>orari i pun\u00ebs: E h\u00ebn\u00eb &#8211; E premte nga ora 07:30 deri n\u00eb 15:30<br \/><strong>&#8211; Zyra Rajonale Oh\u00ebr &#8211; Sht\u00ebpia zona e Bel\u00e7isht\u00ebs<\/strong><br \/>\u00a0Rr. .\u00a0s.Belchishta<\/p>\r\n<p>orari i pun\u00ebs: E h\u00ebn\u00eb &#8211; E premte nga ora 07:30 deri n\u00eb 15:30<\/p>\r\n<p><strong>Department Departamenti Rajonal Strumica<\/strong><br \/>\u00a0Rr.\u00a0Svetozar Markovic nr. 2<br \/>orari i pun\u00ebs: E h\u00ebn\u00eb &#8211; E premte nga ora 07:30 deri n\u00eb 15:30<br \/><strong>&#8211; Zyra Rajonale Strumica &#8211; Home Novo Selo<\/strong><br \/>\u00a0Rr.\u00a0Goce Del\u00e7ev nr<br \/>\u00a0.\u00a020<\/p>\r\n<p>orari i pun\u00ebs: E h\u00ebn\u00eb &#8211; E premte nga ora 07:30 deri n\u00eb 15:30<\/p>\r\n<p><br \/><strong>&#8211; Zyra Rajonale Strumica &#8211; Zona kryesore<\/strong><br \/>\u00a0Rruga\u00a0<strong>Vasilevo<\/strong>\u00a0.\u00a0s.Vasilevo<\/p>\r\n<p>orari i pun\u00ebs: E h\u00ebn\u00eb &#8211; E premte nga ora 07:30 deri n\u00eb 15:30<\/p>\r\n<p><br \/><strong>&#8211; Departamenti Rajonal Strumica &#8211; Zona kryesore Bosilovo<\/strong><br \/>\u00a0Rr.\u00a0s.Bosilovo<\/p>\r\n<p>orari i pun\u00ebs: E h\u00ebn\u00eb &#8211; E premte nga ora 07:30 deri n\u00eb 15:30<\/p>\r\n<p><strong>\u041b\u0435\u043d\u0438\u0435 Departamenti Rajonal Tetov\u00eb<\/strong><br \/>\u00a0Rr.\u00a0Ivo Lola Ribar nr. 1<br \/>orari i pun\u00ebs: E h\u00ebn\u00eb &#8211; E premte nga ora 07:30 deri n\u00eb 15:30<\/p>\r\n<p><br \/><strong>&#8211; Zyra Rajonale e Tetov\u00ebs &#8211; Zona e sht\u00ebpis\u00eb Bogovin\u00eb<\/strong><br \/>\u00a0Rr.\u00a0101 bb<\/p>\r\n<p>orari i pun\u00ebs: E h\u00ebn\u00eb &#8211; E premte nga ora 07:30 deri n\u00eb 15:30<\/p>\r\n<p><br \/><strong>&#8211; Zyra rajonale Tetov\u00eb &#8211; Zona kryesore<\/strong><br \/>\u00a0Rruga e\u00a0<strong>Brvenic\u00ebs\u00a0<\/strong>101 bb<\/p>\r\n<p>orari i pun\u00ebs: E h\u00ebn\u00eb &#8211; E premte nga ora 07:30 deri n\u00eb 15:30<\/p>\r\n<p><br \/><strong>&#8211; Zyra rajonale Tetov\u00eb &#8211; Zona kryesore<\/strong><br \/>\u00a0Rruga\u00a0<strong>Jegunovce<\/strong>\u00a0.\u00a0101 bb<\/p>\r\n<p>orari i pun\u00ebs: E h\u00ebn\u00eb &#8211; E premte nga ora 07:30 deri n\u00eb 15:30<\/p>\r\n<p><br \/><strong>&#8211; Zyra Rajonale e Tetov\u00ebs &#8211; Zona kryesore<\/strong><br \/>\u00a0Rruga\u00a0<strong>Tearc\u00eb\u00a0<\/strong>101 bb<\/p>\r\n<p>orari i pun\u00ebs: E h\u00ebn\u00eb &#8211; E premte nga ora 07:30 deri n\u00eb 15:30<\/p>\r\n<p><br \/><strong>&#8211; Zyra rajonale Tetov\u00eb &#8211; Zona kryesore<\/strong><br \/>\u00a0Rruga\u00a0<strong>Zelino<\/strong>\u00a0.\u00a0101 kb<\/p>\r\n<p>orari i pun\u00ebs: E h\u00ebn\u00eb &#8211; E premte nga ora 07:30 deri n\u00eb 15:30<\/p>\r\n<p><strong>Department Departamenti rajonal<\/strong><br \/>\u00a0Rruga\u00a0<strong>Stip\u00a0<\/strong>Vasil Glavinov nr. 4 b<br \/>orari i pun\u00ebs: E h\u00ebn\u00eb &#8211; E premte nga ora 07:30 deri n\u00eb 15:30<\/p>\r\n<p><br \/><strong>&#8211; Departamenti Rajonal Shtip &#8211; Zona e sht\u00ebpis\u00eb Radanje<\/strong><br \/>\u00a0Rr.\u00a0s.Karbinci<\/p>\r\n<p>orari i pun\u00ebs: E h\u00ebn\u00eb &#8211; E premte nga ora 07:30 deri n\u00eb 15:30<\/p>\r\n<p><strong>\u0412\u043e zyra rajonale Berovo<\/strong><br \/>\u00a0Rr.\u00a0Marshalli Tito<br \/>nr.\u00a064\u00a0<br \/>orari i pun\u00ebs: E h\u00ebn\u00eb &#8211; E premte nga ora 07:30 deri n\u00eb 15:30<\/p>\r\n<p><strong>Office Zyra rajonale<\/strong><br \/>\u00a0Rruga\u00a0<strong>Bogdanci\u00a0<\/strong>Marshalli Tito nr. 62<br \/>orari i pun\u00ebs: E h\u00ebn\u00eb &#8211; E premte nga ora 07:30 deri n\u00eb 15:30<\/p>\r\n<p><strong>Office Zyra rajonale<\/strong><br \/>\u00a0Rruga\u00a0<strong>Valandovo\u00a0<\/strong>4 korrik Nr. 1<br \/>orari i pun\u00ebs: E h\u00ebn\u00eb &#8211; E premte nga ora 07:30 deri n\u00eb 15:30<\/p>\r\n<p><strong>\u0412\u0438 Zyra rajonale<\/strong><br \/>\u00a0Rruga\u00a0<strong>Vinica\u00a0<\/strong>Bel Kamen nr. 13<br \/>orari i pun\u00ebs: E h\u00ebn\u00eb &#8211; E premte nga ora 07:30 deri n\u00eb 15:30<\/p>\r\n<p><strong>\u0420\u0430 Zyra Rajonale<\/strong><br \/>\u00a0Rruga\u00a0<strong>Gjevgjeli\u00a0<\/strong>Boris Karapuzov nr. 6<br \/>orari i pun\u00ebs: E h\u00ebn\u00eb &#8211; E premte nga ora 07:30 deri n\u00eb 15:30<\/p>\r\n<p><br \/><strong>&#8211; Zyra Rajonale Gjevgjeli &#8211; Zona e sht\u00ebpis\u00eb Nov Dojran<\/strong><br \/>\u00a0Rr.\u00a0Marshalli Tito nr.45<\/p>\r\n<p>orari i pun\u00ebs: E h\u00ebn\u00eb &#8211; E premte nga ora 07:30 deri n\u00eb 15:30<\/p>\r\n<p><strong>Office Zyra rajonale<\/strong><br \/>\u00a0Rruga\u00a0<strong>Gostivar\u00a0<\/strong>Ivo Lola Ribar nr. 32<br \/>orari i pun\u00ebs: E h\u00ebn\u00eb &#8211; E premte nga ora 07:30 deri n\u00eb 15:30<\/p>\r\n<p><br \/><strong>&#8211; Zyra Rajonale e Gostivarit &#8211; zona e sht\u00ebpis\u00eb Vrapciste<\/strong><br \/>\u00a0Rr.\u00a0Marshalli Tito bb<\/p>\r\n<p>orari i pun\u00ebs: E h\u00ebn\u00eb &#8211; E premte nga ora 07:30 deri n\u00eb 15:30<\/p>\r\n<p><br \/><strong>&#8211; Zyra Rajonale Gostivar &#8211; Zona kryesore Rostuse<\/strong><br \/>\u00a0Rr.\u00a0s.Rostuse<\/p>\r\n<p>orari i pun\u00ebs: E h\u00ebn\u00eb &#8211; E premte nga ora 07:30 deri n\u00eb 15:30<\/p>\r\n<p><br \/><strong>&#8211; Zyra rajonale Gostivar &#8211; zona Main Negotino-Polog<\/strong><br \/>\u00a0Str.\u00a0s.Negotino Polog<\/p>\r\n<p>orari i pun\u00ebs: E h\u00ebn\u00eb &#8211; E premte nga ora 07:30 deri n\u00eb 15:30<\/p>\r\n<p><strong>Office Zyra rajonale<\/strong><br \/>\u00a0Rruga e\u00a0<strong>Dibr\u00ebs\u00a0<\/strong>8-mi Septemvri bb<br \/>orari i pun\u00ebs: E h\u00ebn\u00eb &#8211; E premte nga ora 07:30 deri n\u00eb 15:30<\/p>\r\n<p><br \/><strong>&#8211; Zyra Rajonale Dib\u00ebr &#8211; Zona e sht\u00ebpis\u00eb Centar Zupa<\/strong><br \/>\u00a0Rr.\u00a0s.Centar Zupa<\/p>\r\n<p>orari i pun\u00ebs: E h\u00ebn\u00eb &#8211; E premte nga ora 07:30 deri n\u00eb 15:30<br \/><strong>&#8211; Zyra Rajonale Dib\u00ebr &#8211; Zona kryesore<\/strong><br \/>\u00a0Rruga\u00a0<strong>Kosovrasti<\/strong>\u00a0.\u00a0s.Kosovrasti<\/p>\r\n<p>orari i pun\u00ebs: E h\u00ebn\u00eb &#8211; E premte nga ora 07:30 deri n\u00eb 15:30<\/p>\r\n<p><strong>\u0427\u0435 Zyra Rajonale<\/strong><br \/>\u00a0Rruga\u00a0<strong>Delchevo\u00a0<\/strong>Metodi Mitevski &#8211; Brico<br \/>orari i pun\u00ebs: E h\u00ebn\u00eb &#8211; E premte nga ora 07:30 deri n\u00eb 15:30<\/p>\r\n<p><strong>\u041c\u0438\u0440 Zyra rajonale Demir Kapija<\/strong><br \/>\u00a0Rr.\u00a0Marshalli Tito<br \/>nr. 23\u00a0<br \/>orari i pun\u00ebs: E h\u00ebn\u00eb &#8211; E premte nga ora 07:30 deri n\u00eb 15:30<\/p>\r\n<p><strong>\u041c\u0438\u0440 Zyra rajonale Demir Hisar<\/strong><br \/>\u00a0Rr.\u00a0Manastiri nr.\u00a0bb<br \/>orari i pun\u00ebs: E h\u00ebn\u00eb &#8211; E premte nga ora 07:30 deri n\u00eb 15:30<\/p>\r\n<p><strong>\u0412\u0430 Zyra Rajonale<\/strong><br \/>\u00a0Rruga\u00a0<strong>Kavadarci\u00a0<\/strong>Marshal Tito bb<br \/>orari i pun\u00ebs: E h\u00ebn\u00eb &#8211; E premte nga ora 07:30 deri n\u00eb 15:30<\/p>\r\n<p><br \/><strong>&#8211; Zyra Rajonale e Kavadarcit &#8211; Sht\u00ebpia<\/strong><br \/>\u00a0Rruga\u00a0<strong>Rosoman<\/strong>\u00a0.\u00a0Goce Delchev bb<\/p>\r\n<p>orari i pun\u00ebs: E h\u00ebn\u00eb &#8211; E premte nga ora 07:30 deri n\u00eb 15:30<\/p>\r\n<p><strong>\u0420\u0430 Zyra Rajonale<\/strong><br \/>\u00a0Rruga\u00a0<strong>K\u00ebr\u00e7ov\u00eb<\/strong>\u00a0.\u00a0Bul.\u00a0P\u00ebrjashtimi nr. 39<br \/>orari i pun\u00ebs: E h\u00ebn\u00eb &#8211; E premte nga ora 07:30 deri n\u00eb 15:30<\/p>\r\n<p><br \/><strong>&#8211; Zyra Rajonale e K\u00ebr\u00e7ov\u00ebs &#8211; zona e sht\u00ebpis\u00eb<\/strong><br \/>Rruga\u00a0<strong>Drugovo<\/strong>\u00a0.\u00a0s.Drugovo<\/p>\r\n<p>orari i pun\u00ebs: E h\u00ebn\u00eb &#8211; E premte nga ora 07:30 deri n\u00eb 15:30<\/p>\r\n<p><br \/><strong>&#8211; Zyra Rajonale K\u00ebr\u00e7ov\u00eb &#8211; Zona kryesore<\/strong><br \/>\u00a0Rruga\u00a0<strong>Zajas<\/strong>\u00a0.\u00a0s.Zajas<\/p>\r\n<p>orari i pun\u00ebs: E h\u00ebn\u00eb &#8211; E premte nga ora 07:30 deri n\u00eb 15:30<\/p>\r\n<p><strong>\u0420\u0430 Zyra Rajonale<\/strong><br \/>\u00a0Rruga\u00a0<strong>Kocani\u00a0<\/strong>Dimitar Vlahov nr. 5<br \/>orari i pun\u00ebs: E h\u00ebn\u00eb &#8211; E premte nga ora 07:30 deri n\u00eb 15:30<\/p>\r\n<p><br \/><strong>&#8211; Zyra Rajonale Kocani &#8211; Sht\u00ebpia Zona e Cheshinov\u00ebs<\/strong><br \/>\u00a0Rr .\u00a0Kosta Racin bb<\/p>\r\n<p>orari i pun\u00ebs: E h\u00ebn\u00eb &#8211; E premte nga ora 07:30 deri n\u00eb 15:30<\/p>\r\n<p><br \/><strong>&#8211; Zyra Rajonale Kocani &#8211; Zona kryesore<\/strong><br \/>\u00a0Rruga\u00a0<strong>Zrnovci<\/strong>\u00a0.\u00a0Ilindenska bb<br \/>\u00a0<\/p>\r\n<p>orari i pun\u00ebs: E h\u00ebn\u00eb &#8211; E premte nga ora 07:30 deri n\u00eb 15:30<\/p>\r\n<p><strong>Office Zyra rajonale<\/strong><br \/>\u00a0Rruga\u00a0<strong>Kratovo\u00a0<\/strong>Goce Delchev nr. 78<br \/>orari i pun\u00ebs: E h\u00ebn\u00eb &#8211; E premte nga ora 07:30 deri n\u00eb 15:30<\/p>\r\n<p><strong>\u0412\u0430 Zyra Rajonale Kriva Palanka<\/strong><br \/>\u00a0Rr.\u00a0Sh\u00ebn\u00a0Joakim Osogovski bb<br \/>orari i pun\u00ebs: E h\u00ebn\u00eb &#8211; E premte nga ora 07:30 deri n\u00eb 15:30<\/p>\r\n<p><br \/><strong>&#8211; Zyra Rajonale Kriva Pallanka &#8211; Zona e sht\u00ebpis\u00eb<\/strong><br \/>\u00a0Rruga\u00a0<strong>Rankovce<\/strong>\u00a0.\u00a0s.Rankovce<br \/>\u00a0<\/p>\r\n<p><strong>\u0420\u0430 Zyra Rajonale<\/strong><br \/>\u00a0Rruga\u00a0<strong>Krushevo<\/strong>\u00a0.\u00a0Nikola<br \/>\u043a\u043e\u0432\u0438urkovi \u0431b Tel.<br \/>orari i pun\u00ebs: E h\u00ebn\u00eb &#8211; E premte nga ora 07:30 deri n\u00eb 15:30<\/p>\r\n<p><strong>\u041c\u0430\u043a\u0435\u0434\u043e Zyra Rajonale Makedonska Kamenica<\/strong><br \/>\u00a0Rr.\u00a0Kamenicka nr. 2<br \/>orari i pun\u00ebs: E h\u00ebn\u00eb &#8211; E premte nga ora 07:30 deri n\u00eb 15:30<\/p>\r\n<p><strong>\u041c\u0430\u043a\u0435\u0434\u043e Zyra Rajonale Makedonski Brod<\/strong><br \/>\u00a0Rr.\u00a07 shtator nr. 45<br \/>orari i pun\u00ebs: E h\u00ebn\u00eb &#8211; E premte nga ora 07:30 deri n\u00eb 15:30<\/p>\r\n<p><br \/><strong>&#8211; Zyra Rajonale \u041c\u0430\u043a\u0435\u0434\u043e\u043d\u0441\u043a\u0438 Brod &#8211; Zona e sht\u00ebpis\u00eb<\/strong><br \/>\u00a0Rruga\u00a0<strong>Izishte\u00a0<\/strong>s.Izishte<br \/>\u00a0<\/p>\r\n<p><strong>Office Zyra rajonale<\/strong><br \/>\u00a0Rruga\u00a0<strong>Negotino<\/strong>\u00a0.\u00a0Marshall Tito nr. 1 hyrje 2<br \/>orari i pun\u00ebs: E h\u00ebn\u00eb &#8211; E premte nga ora 07:30 deri n\u00eb 15:30<\/p>\r\n<p><strong>Office Zyra rajonale<\/strong><br \/>\u00a0Rruga\u00a0<strong>Peh\u00e7ev\u00eb\u00a0<\/strong>Boris Kidrich nr. 4 d<br \/>orari i pun\u00ebs: E h\u00ebn\u00eb &#8211; E premte nga ora 07:30 deri n\u00eb 15:30<\/p>\r\n<p><strong>\u041b\u0435\u043f Zyra Rajonale<\/strong><br \/>\u00a0Rruga e\u00a0<strong>Prilepit<\/strong>\u00a0.\u00a0Dimo Narednikot bb &#8211; Nd\u00ebrtesa e pensioneve<br \/>orari i pun\u00ebs: E h\u00ebn\u00eb &#8211; E premte nga ora 07:30 deri n\u00eb 15:30<\/p>\r\n<p><br \/><strong>&#8211; Zyra Rajonale Prilep &#8211; Zona e sht\u00ebpis\u00eb Dolneni<\/strong><br \/>\u00a0Rr.\u00a0s.Dolneni<\/p>\r\n<p>orari i pun\u00ebs: E h\u00ebn\u00eb &#8211; E premte nga ora 07:30 deri n\u00eb 15:30<\/p>\r\n<p><br \/><strong>&#8211; Zyra rajonale Prilep &#8211; Zona kryesore<\/strong><br \/>\u00a0Rruga\u00a0<strong>Krivogashtani\u00a0<\/strong>s.Krivogashtani<br \/><br \/><\/p>\r\n<p>orari i pun\u00ebs: E h\u00ebn\u00eb &#8211; E premte nga ora 07:30 deri n\u00eb 15:30<\/p>\r\n<p><strong>\u0428\u0442\u0438 Zyra rajonale<\/strong><br \/>\u00a0Rr.\u00a0<strong>Probishtipi\u00a0<\/strong>Jakim Stojkovski nr. 1<br \/>orari i pun\u00ebs: E h\u00ebn\u00eb &#8211; E premte nga ora 07:30 deri n\u00eb 15:30<\/p>\r\n<p><strong>\u0414\u043e\u0432\u0438 Zyra Rajonale Radovish<\/strong><br \/>\u00a0Rr.\u00a0Bul.\u00a0Aleksandar Makedonski nr. 2<br \/>orari i pun\u00ebs: E h\u00ebn\u00eb &#8211; E premte nga ora 07:30 deri n\u00eb 15:30<\/p>\r\n<p><br \/><strong>&#8211; Zyra Rajonale Radovish &#8211; Zona e sht\u00ebpis\u00eb Konce<\/strong><br \/>\u00a0Rr .\u00a0s.Konche<br \/>\u00a0<\/p>\r\n<p><strong>\u0420\u0435 Zyra Rajonale<\/strong><br \/>\u00a0Rruga e\u00a0<strong>Resnj\u00ebs\u00a0<\/strong>Sheshi Marshall Tito bb<br \/>orari i pun\u00ebs: E h\u00ebn\u00eb &#8211; E premte nga ora 07:30 deri n\u00eb 15:30<\/p>\r\n<p><strong>\u0412\u0435\u0442\u0438 Zyra rajonale Rruga Sveti Nikole<\/strong><br \/>\u00a0.\u00a0Marshalli Tito nr. 9<br \/>orari i pun\u00ebs: E h\u00ebn\u00eb &#8211; E premte nga ora 07:30 deri n\u00eb 15:30<\/p>\r\n<p><br \/><strong>&#8211; Zyra Rajonale Sveti Nikole &#8211; Zona e sht\u00ebpis\u00eb Lozovo<\/strong><br \/>\u00a0Rr.\u00a0Ilindenska br.5<br \/><br \/><\/p>\r\n<p><strong>\u0421\u0442\u0440\u0443 Zyra Rajonale Struga<\/strong><br \/>\u00a0Rr.\u00a0Brigada Proletare<br \/>orari i pun\u00ebs: E h\u00ebn\u00eb &#8211; E premte nga ora 07:30 deri n\u00eb 15:30<\/p>\r\n<p><br \/><strong>&#8211; Zyra Rajonale Strug\u00eb &#8211; zona e sht\u00ebpis\u00eb<\/strong><br \/>\u00a0Rruga\u00a0<strong>Vev\u00e7ani<\/strong>\u00a0.\u00a0s.Vev\u00e7ani<\/p>\r\n<p>orari i pun\u00ebs: E h\u00ebn\u00eb &#8211; E premte nga ora 07:30 deri n\u00eb 15:30<\/p>\r\n<p><br \/><strong>&#8211; Zyra rajonale Strug\u00eb &#8211; Zona kryesore<\/strong><br \/>\u00a0Rruga\u00a0<strong>Labunista<\/strong>\u00a0.\u00a0s.Labunishta<br \/>\u00a0orari i pun\u00ebs: E h\u00ebn\u00eb &#8211; E premte nga ora 07:30 deri n\u00eb 15:30<\/p>","protected":false},"excerpt":{"rendered":"<p>Kontaktoni E-mail:\u00a0contact@uvmk.gov.mk Bul. Sh\u00ebn\u00a0Kirili dhe Metodi 54 1000 Shkup, R.\u00a0Maqedonia \u00a0Zyra rajonale Shkupi\u00a0Rr.\u00a0Kay Dimitar Vlahov bborari i pun\u00ebs: E h\u00ebn\u00eb &#8211; E premte nga ora 07:30 deri n\u00eb 15:30 &#8211; Zyra rajonale Shkup &#8211; Zona e sht\u00ebpis\u00eb Kryetari\u00a0Rr.\u00a0Hristijan Todorovski Karpos nr. 5 &#8211; Karrigeorari i pun\u00ebs: E h\u00ebn\u00eb &#8211; E premte nga ora 07:30 deri [&hellip;]<\/p>","protected":false},"author":1,"featured_media":0,"parent":0,"menu_order":0,"comment_status":"closed","ping_status":"closed","template":"","meta":[],"_links":{"self":[{"href":"https:\/\/uvmk.gov.mk\/sq\/wp-json\/wp\/v2\/pages\/10517"}],"collection":[{"href":"https:\/\/uvmk.gov.mk\/sq\/wp-json\/wp\/v2\/pages"}],"about":[{"href":"https:\/\/uvmk.gov.mk\/sq\/wp-json\/wp\/v2\/types\/page"}],"author":[{"embeddable":true,"href":"https:\/\/uvmk.gov.mk\/sq\/wp-json\/wp\/v2\/users\/1"}],"replies":[{"embeddable":true,"href":"https:\/\/uvmk.gov.mk\/sq\/wp-json\/wp\/v2\/comments?post=10517"}],"version-history":[{"count":26,"href":"https:\/\/uvmk.gov.mk\/sq\/wp-json\/wp\/v2\/pages\/10517\/revisions"}],"predecessor-version":[{"id":11956,"href":"https:\/\/uvmk.gov.mk\/sq\/wp-json\/wp\/v2\/pages\/10517\/revisions\/11956"}],"wp:attachment":[{"href":"https:\/\/uvmk.gov.mk\/sq\/wp-json\/wp\/v2\/media?parent=10517"}],"curies":[{"name":"wp","href":"https:\/\/api.w.org\/{rel}","templated":true}]}}