{"id":10529,"date":"2021-03-23T13:50:11","date_gmt":"2021-03-23T13:50:11","guid":{"rendered":"http:\/\/uvmk.unet.mk\/?page_id=10529"},"modified":"2021-03-23T13:53:17","modified_gmt":"2021-03-23T13:53:17","slug":"pyetjet-e-bera-me-shpesh","status":"publish","type":"page","link":"https:\/\/uvmk.gov.mk\/sq\/pyetjet-e-bera-me-shpesh\/","title":{"rendered":"Pyetjet e b\u00ebra m\u00eb shpesh"},"content":{"rendered":"<div data-elementor-type=\"wp-page\" data-elementor-id=\"10529\" class=\"elementor elementor-10529\" data-elementor-settings=\"[]\">\n\t\t\t\t\t\t\t<div class=\"elementor-section-wrap\">\n\t\t\t\t\t\t\t<section class=\"elementor-section elementor-top-section elementor-element elementor-element-4ee40b42 elementor-section-boxed elementor-section-height-default elementor-section-height-default\" data-id=\"4ee40b42\" data-element_type=\"section\">\n\t\t\t\t\t\t<div class=\"elementor-container elementor-column-gap-default\">\n\t\t\t\t\t\t\t\t<\/div>\n\t\t<\/section>\n\t\t\t\t<section class=\"elementor-section elementor-top-section elementor-element elementor-element-4367f029 elementor-section-boxed elementor-section-height-default elementor-section-height-default\" data-id=\"4367f029\" data-element_type=\"section\">\n\t\t\t\t\t\t<div class=\"elementor-container elementor-column-gap-default\">\n\t\t\t\t\t<div class=\"elementor-column elementor-col-100 elementor-top-column elementor-element elementor-element-747e498c\" data-id=\"747e498c\" data-element_type=\"column\">\n\t\t\t<div class=\"elementor-widget-wrap elementor-element-populated\">\n\t\t\t\t\t\t\t\t<section class=\"elementor-section elementor-inner-section elementor-element elementor-element-3aa7f938 elementor-section-boxed elementor-section-height-default elementor-section-height-default\" data-id=\"3aa7f938\" data-element_type=\"section\" data-settings=\"{&quot;background_background&quot;:&quot;classic&quot;}\">\n\t\t\t\t\t\t<div class=\"elementor-container elementor-column-gap-default\">\n\t\t\t\t\t<div class=\"elementor-column elementor-col-66 elementor-inner-column elementor-element elementor-element-403bda43\" data-id=\"403bda43\" data-element_type=\"column\" data-settings=\"{&quot;background_background&quot;:&quot;classic&quot;}\">\n\t\t\t<div class=\"elementor-widget-wrap elementor-element-populated\">\n\t\t\t\t\t\t\t\t<div class=\"elementor-element elementor-element-36d42f86 elementor-widget elementor-widget-witr_section_title\" data-id=\"36d42f86\" data-element_type=\"widget\" data-widget_type=\"witr_section_title.default\">\n\t\t\t\t<div class=\"elementor-widget-container\">\n\t\t\t\t\t\t\t\t<!-- title left -->\n\t\t\t\t\t<div class=\"witr_section_title\">\n\t\t\t\t\t\t<div class=\"witr_section_title_inner text-left\">\n\t\t\t\t\t\t\n\t\t\t\t\t\t\t<!-- icon position -->\n\t\t\t\t\t\t\t\t\n\t\t\t\t\t\t\t<!-- end icon position -->\n\t\t\t\t\t\t\n\t\t\t\t\t\t\n\t\t\t\t\t\t\t<!-- title top -->\n\t\t\t\t\t\t\t\n\t\t\t\t\t\t\t<!-- icon position -->\n\t\t\t\t\t\t\t\t\t\t\t\t\t\t\n\t\t\t\t\t\t\t<!-- image -->\n\t\t\t\t\t\t\t\t\t\t\t\t\t\t<!-- icon -->\n\t\t\t\t\t\t\t\t\t\t\t\t\t\t\n\t\t\t\t\t\t\t<!-- bar -->\n\t\t\t\t\t\t\t\n\t\t\t\t\t\t\t\n\t\t\t\t\t\t\t\t\n\t\t\t\t\t\t\t<!-- end icon position -->\n\n\t\t\t\t\t\t\t\n\t\t\t\t\t\t\t<!-- title middle -->\n\t\t\t\t\t\t\t\t\t\t\t\t\t\t\t<h3>Pyetjet e b\u00ebra m\u00eb shpesh<\/h3>\t\t\n\t\t\t\t\t\t\t\t\t\t\t\t\t\t<!-- title bottom -->\n\t\t\t\t\t\t\t\t\t\t\t\t\t\t\n\t\t\t\t\t\t\t<!-- icon position -->\n\t\t\t\t\t\t\t\t\n\t\t\t\t\t\t\t<!-- end icon position -->\n\n\t\t\t\t\t\t\t<!-- content -->\n\t\t\t\t\t\t\t\t\t\t\t\t\t<\/div>\n\t\t\t\t\t\t\t<!-- inner title -->\n\t\t\t\t\t\t\t\t\t\t\t\t\t\n\t\t\t\t\t<\/div>\t\t\t\t\n\t\t\t\t\t\t<\/div>\n\t\t\t\t<\/div>\n\t\t\t\t<div class=\"elementor-element elementor-element-dfdff85 elementor-widget elementor-widget-toggle\" data-id=\"dfdff85\" data-element_type=\"widget\" data-widget_type=\"toggle.default\">\n\t\t\t\t<div class=\"elementor-widget-container\">\n\t\t\t\t\t<div class=\"elementor-toggle\" role=\"tablist\">\n\t\t\t\t\t\t\t<div class=\"elementor-toggle-item\">\n\t\t\t\t\t<div id=\"elementor-tab-title-2341\" class=\"elementor-tab-title\" data-tab=\"1\" role=\"tab\" aria-controls=\"elementor-tab-content-2341\" aria-expanded=\"false\">\n\t\t\t\t\t\t\t\t\t\t\t\t<span class=\"elementor-toggle-icon elementor-toggle-icon-left\" aria-hidden=\"true\">\n\t\t\t\t\t\t\t\t\t\t\t\t\t\t\t<span class=\"elementor-toggle-icon-closed\"><i class=\"fas fa-caret-right\"><\/i><\/span>\n\t\t\t\t\t\t\t\t<span class=\"elementor-toggle-icon-opened\"><i class=\"elementor-toggle-icon-opened fas fa-caret-up\"><\/i><\/span>\n\t\t\t\t\t\t\t\t\t\t\t\t\t<\/span>\n\t\t\t\t\t\t\t\t\t\t\t\t<a href=\"\" class=\"elementor-toggle-title\">1. Cilat jan\u00eb hapat p\u00ebr paraqitjen elektronike t\u00eb k\u00ebrkes\u00ebs p\u00ebr l\u00ebshimin e fragmenteve dhe pages\u00ebs elektronike?<\/a>\n\t\t\t\t\t<\/div>\n\n\t\t\t\t\t<div id=\"elementor-tab-content-2341\" class=\"elementor-tab-content elementor-clearfix\" data-tab=\"1\" role=\"tabpanel\" aria-labelledby=\"elementor-tab-title-2341\"><p><span>1. Dor\u00ebzimi i nj\u00eb k\u00ebrkese t\u00eb p\u00ebrshtatshme p\u00ebr l\u00ebshimin e nj\u00eb deklarate<\/span><\/p>\n<p><span>2. P\u00ebrzgjedhja e llojit t\u00eb pohimit<\/span><\/p>\n<p><span>3. Zgjedhja e nj\u00eb m\u00ebnyre p\u00ebr t\u00eb marr\u00eb deklarat\u00ebn<\/span><\/p>\n<p><span>4. Pagesa elektronike e kompensimit dhe tarif\u00ebs administrative p\u00ebr k\u00ebrkes\u00ebn e paraqitur<\/span><\/p>\n<p><span>5. K\u00ebrkesa p\u00ebrpunohet dhe personi p\u00ebrmes post\u00ebs elektronike dhe n\u00eb portal merr nj\u00eb njoftim se kur dhe ku t\u00eb marr\u00eb deklarat\u00ebn<\/span><\/p><\/div>\n\t\t\t\t<\/div>\n\t\t\t\t\t\t\t<div class=\"elementor-toggle-item\">\n\t\t\t\t\t<div id=\"elementor-tab-title-2342\" class=\"elementor-tab-title\" data-tab=\"2\" role=\"tab\" aria-controls=\"elementor-tab-content-2342\" aria-expanded=\"false\">\n\t\t\t\t\t\t\t\t\t\t\t\t<span class=\"elementor-toggle-icon elementor-toggle-icon-left\" aria-hidden=\"true\">\n\t\t\t\t\t\t\t\t\t\t\t\t\t\t\t<span class=\"elementor-toggle-icon-closed\"><i class=\"fas fa-caret-right\"><\/i><\/span>\n\t\t\t\t\t\t\t\t<span class=\"elementor-toggle-icon-opened\"><i class=\"elementor-toggle-icon-opened fas fa-caret-up\"><\/i><\/span>\n\t\t\t\t\t\t\t\t\t\t\t\t\t<\/span>\n\t\t\t\t\t\t\t\t\t\t\t\t<a href=\"\" class=\"elementor-toggle-title\">2. Cilat lloje t\u00eb aplikacioneve mund t\u00eb paraqiten?<\/a>\n\t\t\t\t\t<\/div>\n\n\t\t\t\t\t<div id=\"elementor-tab-content-2342\" class=\"elementor-tab-content elementor-clearfix\" data-tab=\"2\" role=\"tabpanel\" aria-labelledby=\"elementor-tab-title-2342\"><ul>\n<li><span><span>Certifikate lindje<\/span><\/span>\n<ol>\n<li><span><span>I b\u00ebr\u00eb n\u00eb sht\u00ebpi<\/span><\/span><\/li>\n<li><span><span>Dygjuh\u00ebsh<\/span><\/span><\/li>\n<li><span><span>Nd\u00ebrkomb\u00ebtare<\/span><\/span><\/li>\n<\/ol>\n<\/li>\n<li><span><span>&#8211; Certifikata e martes\u00ebs s\u00eb t\u00eb martuarve<\/span><\/span>\n<ol>\n<li><span><span>I b\u00ebr\u00eb n\u00eb sht\u00ebpi<\/span><\/span><\/li>\n<li><span><span>Dygjuh\u00ebsh<\/span><\/span><\/li>\n<li><span><span>Nd\u00ebrkomb\u00ebtare<\/span><\/span><\/li>\n<\/ol>\n<\/li>\n<li><span><span>&#8211; Certifikata e regjistrit t\u00eb t\u00eb ndjerit<\/span><\/span>\n<ol>\n<li><span><span>I b\u00ebr\u00eb n\u00eb sht\u00ebpi<\/span><\/span><\/li>\n<li><span><span>Dygjuh\u00ebsh<\/span><\/span><\/li>\n<li><span><span>Nd\u00ebrkomb\u00ebtare<\/span><\/span><\/li>\n<\/ol>\n<\/li>\n<li><span><span>&#8211; Certifikata e statusit martesor falas<\/span><\/span><\/li>\n<li>\u00a0<\/li>\n<\/ul><\/div>\n\t\t\t\t<\/div>\n\t\t\t\t\t\t\t<div class=\"elementor-toggle-item\">\n\t\t\t\t\t<div id=\"elementor-tab-title-2343\" class=\"elementor-tab-title\" data-tab=\"3\" role=\"tab\" aria-controls=\"elementor-tab-content-2343\" aria-expanded=\"false\">\n\t\t\t\t\t\t\t\t\t\t\t\t<span class=\"elementor-toggle-icon elementor-toggle-icon-left\" aria-hidden=\"true\">\n\t\t\t\t\t\t\t\t\t\t\t\t\t\t\t<span class=\"elementor-toggle-icon-closed\"><i class=\"fas fa-caret-right\"><\/i><\/span>\n\t\t\t\t\t\t\t\t<span class=\"elementor-toggle-icon-opened\"><i class=\"elementor-toggle-icon-opened fas fa-caret-up\"><\/i><\/span>\n\t\t\t\t\t\t\t\t\t\t\t\t\t<\/span>\n\t\t\t\t\t\t\t\t\t\t\t\t<a href=\"\" class=\"elementor-toggle-title\">3. Cilat jan\u00eb m\u00ebnyrat p\u00ebr t\u00eb marr\u00eb deklarat\u00ebn?<\/a>\n\t\t\t\t\t<\/div>\n\n\t\t\t\t\t<div id=\"elementor-tab-content-2343\" class=\"elementor-tab-content elementor-clearfix\" data-tab=\"3\" role=\"tabpanel\" aria-labelledby=\"elementor-tab-title-2343\"><p><span>1. N\u00eb ambientet e UVMK, mbi banak:<\/span><\/p>\n<ul>\n<li class=\"podtocki\"><span>\u00a0&#8211; certifikata e lindjes mund t\u00eb merret personalisht (p\u00ebr nj\u00eb t\u00eb mitur &#8211; prind \/ kujdestar) duke bashkangjitur nj\u00eb dokument identifikimi personal ose nj\u00eb prokur\u00eb t\u00eb v\u00ebrtetuar nga nj\u00eb noter publik<\/span><\/li>\n<li class=\"podtocki\"><span>&#8211; nj\u00eb certifikat\u00eb martese mund t\u00eb merret nga nj\u00eb prej bashk\u00ebshort\u00ebve personalisht duke bashkangjitur nj\u00eb dokument identifikimi personal ose nga nj\u00eb prokur\u00eb e v\u00ebrtetuar nga nj\u00eb noter publik<\/span><\/li>\n<li class=\"podtocki\"><span>&#8211; shkalla nga regjistri i t\u00eb ndjerit mund t\u00eb merret nga nj\u00eb person nga urdhri i par\u00eb i trash\u00ebguar ose nj\u00eb person i autorizuar nga nj\u00eb prokur\u00eb nga trash\u00ebgimtari i v\u00ebrtetuar nga nj\u00eb noter publik<\/span><\/li>\n<li class=\"podtocki\"><span>&#8211; certifikata e statusit martesor falas ngrihet personalisht duke bashkangjitur nj\u00eb dokument identifikimi personal ose nga nj\u00eb prokur\u00eb e v\u00ebrtetuar nga nj\u00eb noter publik<\/span><\/li>\n<\/ul>\n<p><span>2. Me post\u00eb:<\/span><\/p>\n<ul>\n<li class=\"podtocki\"><span>&#8211; Certifikata e lindjes mund t\u00eb merret personalisht (p\u00ebr nj\u00eb t\u00eb mitur &#8211; prind \/ kujdestar) duke bashkangjitur nj\u00eb dokument identifikimi personal \/ li&gt;<\/span><\/li>\n<li class=\"podtocki\"><span>&#8211; \u00e7ertifikata e martes\u00ebs mund t\u00eb merret nga nj\u00eb prej bashk\u00ebshort\u00ebve personalisht duke bashkangjitur nj\u00eb dokument identifikimi personal<\/span><\/li>\n<li class=\"podtocki\"><span>&#8211; certifikata e statusit martesor falas ngrihet personalisht duke bashkangjitur nj\u00eb dokument identifikimi personal.<\/span><\/li>\n<\/ul>\n<p><span>3. Deklarata elektronike:<\/span><\/p>\n<ul>\n<li class=\"podtocki\"><span>-prodhimi shkarkohet nga portali, duke zgjedhur nga menyja e &#8220;Rishikimi i Rendit&#8221; dhe duke klikuar te &#8220;SHKARKO LIDHJEN&#8221;<\/span><\/li>\n<\/ul><\/div>\n\t\t\t\t<\/div>\n\t\t\t\t\t\t\t<div class=\"elementor-toggle-item\">\n\t\t\t\t\t<div id=\"elementor-tab-title-2344\" class=\"elementor-tab-title\" data-tab=\"4\" role=\"tab\" aria-controls=\"elementor-tab-content-2344\" aria-expanded=\"false\">\n\t\t\t\t\t\t\t\t\t\t\t\t<span class=\"elementor-toggle-icon elementor-toggle-icon-left\" aria-hidden=\"true\">\n\t\t\t\t\t\t\t\t\t\t\t\t\t\t\t<span class=\"elementor-toggle-icon-closed\"><i class=\"fas fa-caret-right\"><\/i><\/span>\n\t\t\t\t\t\t\t\t<span class=\"elementor-toggle-icon-opened\"><i class=\"elementor-toggle-icon-opened fas fa-caret-up\"><\/i><\/span>\n\t\t\t\t\t\t\t\t\t\t\t\t\t<\/span>\n\t\t\t\t\t\t\t\t\t\t\t\t<a href=\"\" class=\"elementor-toggle-title\">4. Fikni bllokuesin e pop-up?<\/a>\n\t\t\t\t\t<\/div>\n\n\t\t\t\t\t<div id=\"elementor-tab-content-2344\" class=\"elementor-tab-content elementor-clearfix\" data-tab=\"4\" role=\"tabpanel\" aria-labelledby=\"elementor-tab-title-2344\"><ul>\n<li><span><span>1. Duke klikuar n\u00eb butonin PAGUAJ dhe Pajtohem me kushtet e pages\u00ebs, duhet t\u00eb hapet nj\u00eb form\u00eb p\u00ebr futjen e t\u00eb dh\u00ebnave nga karta e pages\u00ebs.\u00a0<\/span><span>N\u00ebse hapet nj\u00eb faqe e bardh\u00eb bosh, kjo do t\u00eb thot\u00eb q\u00eb bllokuesi i dritareve duhet t\u00eb shk\u00ebputet nga shfletuesi.<\/span><\/span><\/li>\n<li><span><span>2. Ky udh\u00ebzues shpjegon se si t\u00eb fikni bllokuesin e dritareve n\u00eb Chrome dhe Internet Explorer.<\/span><\/span><\/li>\n<li><span><span>3. Mund ta shkarkoni udh\u00ebzuesin n\u00eb formatin .pdf<\/span><\/span><\/li>\n<li><a class=\"buttonView\" href=\"https:\/\/e-portal.uvmk.gov.mk\/helps\/PopUpBlocker.pdf\" target=\"_blank\" rel=\"noopener\"><img decoding=\"async\" src=\"https:\/\/e-portal.uvmk.gov.mk\/images\/uvmk\/download.png\" alt=\"\" \/><\/a><\/li>\n<\/ul><\/div>\n\t\t\t\t<\/div>\n\t\t\t\t\t\t\t\t<\/div>\n\t\t\t\t<\/div>\n\t\t\t\t<\/div>\n\t\t\t\t\t<\/div>\n\t\t<\/div>\n\t\t\t\t<div class=\"elementor-column elementor-col-33 elementor-inner-column elementor-element elementor-element-3016a810\" data-id=\"3016a810\" data-element_type=\"column\" data-settings=\"{&quot;background_background&quot;:&quot;classic&quot;}\">\n\t\t\t<div class=\"elementor-widget-wrap elementor-element-populated\">\n\t\t\t\t\t\t\t\t<div class=\"elementor-element elementor-element-39e6fcad anxiet-star-rating--align-center elementor-widget elementor-widget-witr_section_apartment\" data-id=\"39e6fcad\" data-element_type=\"widget\" data-widget_type=\"witr_section_apartment.default\">\n\t\t\t\t<div class=\"elementor-widget-container\">\n\t\t\t\n\t\t\t\t\t<div class=\"apartment_area\">\t\t\t\t\n\t\t\t\t\t\t<div class=\"apartment_text\">\t\t\n\t\t\t\t\t\t\t<!-- title -->\n\t\t\t\t\t\t\t\t\t\n\t\t\t\t\t\t\t<!-- content -->\n\t\t\t\t\t\t\t\t\t\t\t\t\t\t\t<p>Bej nje pyetje\n\n <\/p>\t\t\n\t\t\t\t\t\t\t\t\t\t\t\t\t\t\n\t\t\t\t\t\t<\/div>\t\t\n\t\t\t\t\t\t<div class=\"witr_apartment_form\">\n\t\t\t\t\t\t\t\n<div class=\"wpcf7 no-js\" id=\"wpcf7-f10513-o1\" lang=\"en-US\" dir=\"ltr\">\n<div class=\"screen-reader-response\"><p role=\"status\" aria-live=\"polite\" aria-atomic=\"true\"><\/p> <ul><\/ul><\/div>\n<form action=\"\/sq\/wp-json\/wp\/v2\/pages\/10529#wpcf7-f10513-o1\" method=\"post\" class=\"wpcf7-form init\" aria-label=\"Contact form\" novalidate=\"novalidate\" data-status=\"init\" data-trp-original-action=\"\/sq\/wp-json\/wp\/v2\/pages\/10529#wpcf7-f10513-o1\">\n<div style=\"display: none;\">\n<input type=\"hidden\" name=\"_wpcf7\" value=\"10513\" \/>\n<input type=\"hidden\" name=\"_wpcf7_version\" value=\"5.7.5.1\" \/>\n<input type=\"hidden\" name=\"_wpcf7_locale\" value=\"en_US\" \/>\n<input type=\"hidden\" name=\"_wpcf7_unit_tag\" value=\"wpcf7-f10513-o1\" \/>\n<input type=\"hidden\" name=\"_wpcf7_container_post\" value=\"0\" \/>\n<input type=\"hidden\" name=\"_wpcf7_posted_data_hash\" value=\"\" \/>\n<\/div>\n<p><label> Your name<br \/>\n<span class=\"wpcf7-form-control-wrap\" data-name=\"your-name\"><input size=\"40\" class=\"wpcf7-form-control wpcf7-text wpcf7-validates-as-required\" aria-required=\"true\" aria-invalid=\"false\" value=\"\" type=\"text\" name=\"your-name\" \/><\/span> <\/label>\n<\/p>\n<p><label> Pyetje<br \/>\n<span class=\"wpcf7-form-control-wrap\" data-name=\"your-subject\"><input size=\"40\" class=\"wpcf7-form-control wpcf7-text wpcf7-validates-as-required\" aria-required=\"true\" aria-invalid=\"false\" value=\"\" type=\"text\" name=\"your-subject\" \/><\/span> <\/label>\n<\/p>\n<p><label> Adresa juaj e emailit<br \/>\n<span class=\"wpcf7-form-control-wrap\" data-name=\"your-email\"><input size=\"40\" class=\"wpcf7-form-control wpcf7-text wpcf7-email wpcf7-validates-as-required wpcf7-validates-as-email\" aria-required=\"true\" aria-invalid=\"false\" value=\"\" type=\"email\" name=\"your-email\" \/><\/span> <\/label>\n<\/p>\n<p><label>P\u00ebrshkrim<br \/>\n<span class=\"wpcf7-form-control-wrap\" data-name=\"your-message\"><textarea cols=\"40\" rows=\"10\" class=\"wpcf7-form-control wpcf7-textarea\" aria-invalid=\"false\" name=\"your-message\"><\/textarea><\/span> <\/label>\n<\/p>\n<p><input class=\"wpcf7-form-control has-spinner wpcf7-submit\" type=\"submit\" value=\"D\u00ebrgoni\" \/>\n<\/p><div class=\"wpcf7-response-output\" aria-hidden=\"true\"><\/div>\n<input type=\"hidden\" name=\"trp-form-language\" value=\"sq\"\/><\/form>\n<\/div>\n\t\t\t\t\t\t\n\t\t\t\t\t\t<\/div>\t\t\t\t\t\n\t\t\t\t\t<\/div>\t\t\t\t\t\n\t\t\n\t\t\t\t<\/div>\n\t\t\t\t<\/div>\n\t\t\t\t\t<\/div>\n\t\t<\/div>\n\t\t\t\t\t\t\t<\/div>\n\t\t<\/section>\n\t\t\t\t\t<\/div>\n\t\t<\/div>\n\t\t\t\t\t\t\t<\/div>\n\t\t<\/section>\n\t\t\t\t<section class=\"elementor-section elementor-top-section elementor-element elementor-element-6d6c859d elementor-section-boxed elementor-section-height-default elementor-section-height-default\" data-id=\"6d6c859d\" data-element_type=\"section\">\n\t\t\t\t\t\t<div class=\"elementor-container elementor-column-gap-default\">\n\t\t\t\t\t\t\t\t<\/div>\n\t\t<\/section>\n\t\t\t\t\t\t<\/div>\n\t\t\t\t\t<\/div>","protected":false},"excerpt":{"rendered":"<p>Pyetjet e b\u00ebra m\u00eb shpesh 1. Cilat jan\u00eb hapat p\u00ebr paraqitjen elektronike t\u00eb k\u00ebrkes\u00ebs p\u00ebr l\u00ebshimin e fragmenteve dhe pages\u00ebs elektronike? 1. Dor\u00ebzimi i nj\u00eb k\u00ebrkese t\u00eb p\u00ebrshtatshme p\u00ebr l\u00ebshimin e nj\u00eb deklarate 2. P\u00ebrzgjedhja e llojit t\u00eb pohimit 3. Zgjedhja e nj\u00eb m\u00ebnyre p\u00ebr t\u00eb marr\u00eb deklarat\u00ebn 4. Pagesa elektronike e kompensimit dhe tarif\u00ebs [&hellip;]<\/p>","protected":false},"author":1,"featured_media":0,"parent":0,"menu_order":0,"comment_status":"closed","ping_status":"closed","template":"","meta":[],"_links":{"self":[{"href":"https:\/\/uvmk.gov.mk\/sq\/wp-json\/wp\/v2\/pages\/10529"}],"collection":[{"href":"https:\/\/uvmk.gov.mk\/sq\/wp-json\/wp\/v2\/pages"}],"about":[{"href":"https:\/\/uvmk.gov.mk\/sq\/wp-json\/wp\/v2\/types\/page"}],"author":[{"embeddable":true,"href":"https:\/\/uvmk.gov.mk\/sq\/wp-json\/wp\/v2\/users\/1"}],"replies":[{"embeddable":true,"href":"https:\/\/uvmk.gov.mk\/sq\/wp-json\/wp\/v2\/comments?post=10529"}],"version-history":[{"count":4,"href":"https:\/\/uvmk.gov.mk\/sq\/wp-json\/wp\/v2\/pages\/10529\/revisions"}],"predecessor-version":[{"id":10540,"href":"https:\/\/uvmk.gov.mk\/sq\/wp-json\/wp\/v2\/pages\/10529\/revisions\/10540"}],"wp:attachment":[{"href":"https:\/\/uvmk.gov.mk\/sq\/wp-json\/wp\/v2\/media?parent=10529"}],"curies":[{"name":"wp","href":"https:\/\/api.w.org\/{rel}","templated":true}]}}