{"id":10541,"date":"2021-03-23T13:54:28","date_gmt":"2021-03-23T13:54:28","guid":{"rendered":"http:\/\/uvmk.unet.mk\/?page_id=10541"},"modified":"2021-03-30T10:17:29","modified_gmt":"2021-03-30T10:17:29","slug":"formularet","status":"publish","type":"page","link":"https:\/\/uvmk.gov.mk\/sq\/formularet\/","title":{"rendered":"Formular\u00ebt"},"content":{"rendered":"<div data-elementor-type=\"wp-page\" data-elementor-id=\"10541\" class=\"elementor elementor-10541\" data-elementor-settings=\"[]\">\n\t\t\t\t\t\t\t<div class=\"elementor-section-wrap\">\n\t\t\t\t\t\t\t<section class=\"elementor-section elementor-top-section elementor-element elementor-element-b9c2f3a elementor-section-boxed elementor-section-height-default elementor-section-height-default\" data-id=\"b9c2f3a\" data-element_type=\"section\">\n\t\t\t\t\t\t<div class=\"elementor-container elementor-column-gap-default\">\n\t\t\t\t\t<div class=\"elementor-column elementor-col-100 elementor-top-column elementor-element elementor-element-50023903\" data-id=\"50023903\" data-element_type=\"column\">\n\t\t\t<div class=\"elementor-widget-wrap elementor-element-populated\">\n\t\t\t\t\t\t\t\t<div class=\"elementor-element elementor-element-2ce4c64c elementor-widget elementor-widget-button\" data-id=\"2ce4c64c\" data-element_type=\"widget\" data-widget_type=\"button.default\">\n\t\t\t\t<div class=\"elementor-widget-container\">\n\t\t\t\t\t<div class=\"elementor-button-wrapper\">\n\t\t\t<a href=\"http:\/\/uvmk.gov.mk\/wp-content\/uploads\/2021\/03\/baranje_novorodence.pdf\" class=\"elementor-button-link elementor-button elementor-size-sm\" role=\"button\">\n\t\t\t\t\t\t<span class=\"elementor-button-content-wrapper\">\n\t\t\t\t\t\t<span class=\"elementor-button-text\">K\u00ebrkesa p\u00ebr l\u00ebshimin e nj\u00eb certifikate lindje p\u00ebr nj\u00eb t\u00eb porsalindur<\/span>\n\t\t<\/span>\n\t\t\t\t\t<\/a>\n\t\t<\/div>\n\t\t\t\t<\/div>\n\t\t\t\t<\/div>\n\t\t\t\t<div class=\"elementor-element elementor-element-5a14d715 elementor-widget elementor-widget-button\" data-id=\"5a14d715\" data-element_type=\"widget\" data-widget_type=\"button.default\">\n\t\t\t\t<div class=\"elementor-widget-container\">\n\t\t\t\t\t<div class=\"elementor-button-wrapper\">\n\t\t\t<a href=\"http:\/\/uvmk.gov.mk\/wp-content\/uploads\/2021\/03\/baranje_rodeni.pdf\" class=\"elementor-button-link elementor-button elementor-size-sm\" role=\"button\">\n\t\t\t\t\t\t<span class=\"elementor-button-content-wrapper\">\n\t\t\t\t\t\t<span class=\"elementor-button-text\"> K\u00ebrkesa p\u00ebr l\u00ebshimin e nj\u00eb certifikate lindje<\/span>\n\t\t<\/span>\n\t\t\t\t\t<\/a>\n\t\t<\/div>\n\t\t\t\t<\/div>\n\t\t\t\t<\/div>\n\t\t\t\t<div class=\"elementor-element elementor-element-798d361f elementor-widget elementor-widget-button\" data-id=\"798d361f\" data-element_type=\"widget\" data-widget_type=\"button.default\">\n\t\t\t\t<div class=\"elementor-widget-container\">\n\t\t\t\t\t<div class=\"elementor-button-wrapper\">\n\t\t\t<a href=\"http:\/\/uvmk.gov.mk\/wp-content\/uploads\/2021\/03\/baranje_vencani.pdf\" class=\"elementor-button-link elementor-button elementor-size-sm\" role=\"button\">\n\t\t\t\t\t\t<span class=\"elementor-button-content-wrapper\">\n\t\t\t\t\t\t<span class=\"elementor-button-text\"> K\u00ebrkesa p\u00ebr l\u00ebshimin e nj\u00eb certifikate martese<\/span>\n\t\t<\/span>\n\t\t\t\t\t<\/a>\n\t\t<\/div>\n\t\t\t\t<\/div>\n\t\t\t\t<\/div>\n\t\t\t\t<div class=\"elementor-element elementor-element-35cf2bbf elementor-widget elementor-widget-button\" data-id=\"35cf2bbf\" data-element_type=\"widget\" data-widget_type=\"button.default\">\n\t\t\t\t<div class=\"elementor-widget-container\">\n\t\t\t\t\t<div class=\"elementor-button-wrapper\">\n\t\t\t<a href=\"http:\/\/uvmk.gov.mk\/wp-content\/uploads\/2021\/03\/umreni-pdf.pdf\" class=\"elementor-button-link elementor-button elementor-size-sm\" role=\"button\">\n\t\t\t\t\t\t<span class=\"elementor-button-content-wrapper\">\n\t\t\t\t\t\t<span class=\"elementor-button-text\">K\u00ebrkesa p\u00ebr l\u00ebshimin e nj\u00eb certifikate lindje t\u00eb t\u00eb ndjerit<\/span>\n\t\t<\/span>\n\t\t\t\t\t<\/a>\n\t\t<\/div>\n\t\t\t\t<\/div>\n\t\t\t\t<\/div>\n\t\t\t\t<div class=\"elementor-element elementor-element-1f0263e6 elementor-widget elementor-widget-button\" data-id=\"1f0263e6\" data-element_type=\"widget\" data-widget_type=\"button.default\">\n\t\t\t\t<div class=\"elementor-widget-container\">\n\t\t\t\t\t<div class=\"elementor-button-wrapper\">\n\t\t\t<a href=\"http:\/\/uvmk.gov.mk\/wp-content\/uploads\/2021\/03\/baranje_rodeni-dygjuhesi-1.pdf\" class=\"elementor-button-link elementor-button elementor-size-sm\" role=\"button\">\n\t\t\t\t\t\t<span class=\"elementor-button-content-wrapper\">\n\t\t\t\t\t\t<span class=\"elementor-button-text\">K\u00ebrkesa p\u00ebr l\u00ebshimin e certifikat\u00ebs s\u00eb lindjes (dygjuh\u00ebshe)<\/span>\n\t\t<\/span>\n\t\t\t\t\t<\/a>\n\t\t<\/div>\n\t\t\t\t<\/div>\n\t\t\t\t<\/div>\n\t\t\t\t<div class=\"elementor-element elementor-element-7275f400 elementor-widget elementor-widget-button\" data-id=\"7275f400\" data-element_type=\"widget\" data-widget_type=\"button.default\">\n\t\t\t\t<div class=\"elementor-widget-container\">\n\t\t\t\t\t<div class=\"elementor-button-wrapper\">\n\t\t\t<a href=\"http:\/\/uvmk.gov.mk\/wp-content\/uploads\/2021\/03\/baranje_VENCANI-dygjuhe-22.pdf\" class=\"elementor-button-link elementor-button elementor-size-sm\" role=\"button\">\n\t\t\t\t\t\t<span class=\"elementor-button-content-wrapper\">\n\t\t\t\t\t\t<span class=\"elementor-button-text\">K\u00ebrkesa p\u00ebr l\u00ebshimin e nj\u00eb certifikate martese (dygjuh\u00ebshe)<\/span>\n\t\t<\/span>\n\t\t\t\t\t<\/a>\n\t\t<\/div>\n\t\t\t\t<\/div>\n\t\t\t\t<\/div>\n\t\t\t\t<div class=\"elementor-element elementor-element-40842867 elementor-widget elementor-widget-button\" data-id=\"40842867\" data-element_type=\"widget\" data-widget_type=\"button.default\">\n\t\t\t\t<div class=\"elementor-widget-container\">\n\t\t\t\t\t<div class=\"elementor-button-wrapper\">\n\t\t\t<a href=\"http:\/\/uvmk.gov.mk\/wp-content\/uploads\/2021\/03\/umreni-dvojazicen.pdf\" class=\"elementor-button-link elementor-button elementor-size-sm\" role=\"button\">\n\t\t\t\t\t\t<span class=\"elementor-button-content-wrapper\">\n\t\t\t\t\t\t<span class=\"elementor-button-text\">K\u00ebrkesa p\u00ebr l\u00ebshimin e nj\u00eb certifikate lindje (dygjuh\u00ebshe)<\/span>\n\t\t<\/span>\n\t\t\t\t\t<\/a>\n\t\t<\/div>\n\t\t\t\t<\/div>\n\t\t\t\t<\/div>\n\t\t\t\t\t<\/div>\n\t\t<\/div>\n\t\t\t\t\t\t\t<\/div>\n\t\t<\/section>\n\t\t\t\t\t\t<\/div>\n\t\t\t\t\t<\/div>","protected":false},"excerpt":{"rendered":"<p>K\u00ebrkesa p\u00ebr l\u00ebshimin e nj\u00eb certifikate lindje p\u00ebr nj\u00eb t\u00eb porsalindur K\u00ebrkesa p\u00ebr l\u00ebshimin e nj\u00eb certifikate lindje K\u00ebrkesa p\u00ebr l\u00ebshimin e nj\u00eb certifikate martese K\u00ebrkesa p\u00ebr l\u00ebshimin e nj\u00eb certifikate lindje t\u00eb t\u00eb ndjerit K\u00ebrkesa p\u00ebr l\u00ebshimin e certifikat\u00ebs s\u00eb lindjes (dygjuh\u00ebshe) K\u00ebrkesa p\u00ebr l\u00ebshimin e nj\u00eb certifikate martese (dygjuh\u00ebshe) K\u00ebrkesa p\u00ebr l\u00ebshimin e [&hellip;]<\/p>","protected":false},"author":1,"featured_media":0,"parent":0,"menu_order":0,"comment_status":"closed","ping_status":"closed","template":"","meta":[],"_links":{"self":[{"href":"https:\/\/uvmk.gov.mk\/sq\/wp-json\/wp\/v2\/pages\/10541"}],"collection":[{"href":"https:\/\/uvmk.gov.mk\/sq\/wp-json\/wp\/v2\/pages"}],"about":[{"href":"https:\/\/uvmk.gov.mk\/sq\/wp-json\/wp\/v2\/types\/page"}],"author":[{"embeddable":true,"href":"https:\/\/uvmk.gov.mk\/sq\/wp-json\/wp\/v2\/users\/1"}],"replies":[{"embeddable":true,"href":"https:\/\/uvmk.gov.mk\/sq\/wp-json\/wp\/v2\/comments?post=10541"}],"version-history":[{"count":4,"href":"https:\/\/uvmk.gov.mk\/sq\/wp-json\/wp\/v2\/pages\/10541\/revisions"}],"predecessor-version":[{"id":10819,"href":"https:\/\/uvmk.gov.mk\/sq\/wp-json\/wp\/v2\/pages\/10541\/revisions\/10819"}],"wp:attachment":[{"href":"https:\/\/uvmk.gov.mk\/sq\/wp-json\/wp\/v2\/media?parent=10541"}],"curies":[{"name":"wp","href":"https:\/\/api.w.org\/{rel}","templated":true}]}}