{"id":10648,"date":"2021-03-24T08:11:25","date_gmt":"2021-03-24T08:11:25","guid":{"rendered":"http:\/\/uvmk.unet.mk\/?page_id=10648"},"modified":"2021-03-24T08:11:27","modified_gmt":"2021-03-24T08:11:27","slug":"politika-e-cookies","status":"publish","type":"page","link":"https:\/\/uvmk.gov.mk\/sq\/politika-e-cookies\/","title":{"rendered":"Politika e cookies"},"content":{"rendered":"<p><strong>\u00c7far\u00eb jan\u00eb cookies?<\/strong><\/p>\n\n\n\n<p>Cookies jan\u00eb skedar\u00eb t\u00eb vegj\u00ebl me tekst q\u00eb ruhen n\u00eb kompjuterin ose telefonin tuaj celular nga faqet e internetit q\u00eb vizitoni.&nbsp;K\u00ebto skedar\u00eb teksti mund t\u00eb lexohen nga faqet e internetit q\u00eb vizitoni dhe ndihmojn\u00eb n\u00eb identifikimin tuaj kur rihapni faqen n\u00eb internet.&nbsp;K\u00ebto skedar\u00eb teksti mund t\u00eb jen\u00eb &#8220;t\u00eb p\u00ebrhersh\u00ebm&#8221; ose &#8220;t\u00eb p\u00ebrkohsh\u00ebm&#8221;.&nbsp;Cookie-t e vazhdueshme mbeten n\u00eb kompjuterin tuaj edhe kur fikni shfletuesin (dilni jasht\u00eb linje), nd\u00ebrsa ato t\u00eb p\u00ebrkohshmet fshihen sapo t\u00eb mbyllni shfletuesin.&nbsp;Cookies p\u00ebrdoren p\u00ebr shum\u00eb q\u00ebllime, t\u00eb tilla si p\u00ebr t\u00eb kujtuar aktivitetet dhe preferencat tuaja (p\u00ebrfshirjet, preferencat gjuh\u00ebsore, madh\u00ebsia e shkronjave ose m\u00ebnyra se si shfaqet faqja juaj),&nbsp;&nbsp;&nbsp;<\/p>\n\n\n\n<p><strong>Pse p\u00ebrdorim cookies?<\/strong><\/p>\n\n\n\n<p>Ne p\u00ebrdorim cookies n\u00eb k\u00ebt\u00eb faqe n\u00eb internet p\u00ebr arsyet e m\u00ebposhtme:<\/p>\n\n\n\n<ul><li>P\u00ebr funksionimin teknik t\u00eb faqes n\u00eb internet;<\/li><li>P\u00ebr mbledhjen e statistikave agregate dhe anonime;<\/li><li>P\u00ebr t\u00eb kujtuar preferencat tuaja p\u00ebr m\u00ebnyr\u00ebn se si shfaqet faqja (preferencat p\u00ebr parametrat e ekranit), t\u00eb tilla si kontrasti i ngjyr\u00ebs ose madh\u00ebsia e shkronjave;<\/li><li>P\u00ebr t&#8217;ju kujtuar \/ kujtuar, a jeni dakord (apo jo) me p\u00ebrdorimin ton\u00eb t\u00eb cookies n\u00eb k\u00ebt\u00eb faqe n\u00eb internet.<\/li><\/ul>\n\n\n\n<p>Kur vizitoni faqen ton\u00eb t\u00eb internetit, ne mund t\u00eb mbledhim disa informacione nga k\u00ebrkimi juaj, t\u00eb tilla si adresa IP, p\u00ebrmbajtja e faqes n\u00eb internet t\u00eb AZLP q\u00eb keni vizituar, kur e keni vizituar at\u00eb dhe nga cila faqe n\u00eb internet jeni ridrejtuar.<\/p>\n\n\n\n<p>Kur vizitoni faqen ton\u00eb t\u00eb internetit, ne p\u00ebrdorim nj\u00eb sh\u00ebrbim t\u00eb pal\u00ebs s\u00eb tret\u00eb Google Analytics p\u00ebr t\u00eb mbledhur informacione standarde t\u00eb hyrjes dhe detaje t\u00eb sjelljes s\u00eb vizitor\u00ebve, por n\u00eb nj\u00eb m\u00ebnyr\u00eb q\u00eb askush t\u00eb mos identifikohet, dhe as Google nuk lejohet t\u00eb zbuloj\u00eb identitetin e atyre q\u00eb kan\u00eb vizituar faqja jon\u00eb e internetit.<\/p>\n\n\n\n<p><strong>\u00c7far\u00eb lloj cookies p\u00ebrdorim?<\/strong><\/p>\n\n\n\n<p>Ne p\u00ebrdorim cookies t\u00eb vazhdueshme, t\u00eb cilat mbajn\u00eb mend k\u00ebrkimin \/ sesionin kur p\u00ebrdoruesi \u00e7aktivizon shfletuesin, p\u00ebr t\u00eb ruajtur statusin e p\u00ebrdoruesit.<\/p>\n\n\n\n<p><strong>A mund t\u00eb fshini ose kontrolloni cookies?<\/strong><\/p>\n\n\n\n<p>Informacioni i cookies nuk p\u00ebrdoret p\u00ebr identifikimin tuaj personal.&nbsp;Pranimi i k\u00ebtyre cookies nuk \u00ebsht\u00eb i nevojsh\u00ebm p\u00ebr funksionimin e faqes n\u00eb internet, por ato do t&#8217;ju ofrojn\u00eb nj\u00eb p\u00ebrvoj\u00eb m\u00eb t\u00eb mir\u00eb k\u00ebrkimi.&nbsp;N\u00ebse d\u00ebshironi k\u00ebto cookies mund t&#8217;i fshini ose bllokoni, por n\u00ebse b\u00ebni disa karakteristika t\u00eb k\u00ebsaj faqe interneti mund t\u00eb mos funksionojn\u00eb si\u00e7 duhet.<\/p>\n\n\n\n<p>Ju mund t\u00eb fshini t\u00eb gjith\u00eb cookies q\u00eb jan\u00eb tashm\u00eb n\u00eb kompjuterin tuaj dhe mund t\u00eb konfiguroni shumic\u00ebn e shfletuesve p\u00ebr t&#8217;i parandaluar ato.&nbsp;N\u00ebse e b\u00ebni k\u00ebt\u00eb, mund t&#8217;ju duhet t\u00eb rregulloni manualisht preferencat tuaja sa her\u00eb q\u00eb vizitoni nj\u00eb faqe n\u00eb internet, dhe disa sh\u00ebrbime dhe funksionalitete gjithashtu mund t\u00eb mos funksionojn\u00eb.<\/p>","protected":false},"excerpt":{"rendered":"<p>\u00c7far\u00eb jan\u00eb cookies? Cookies jan\u00eb skedar\u00eb t\u00eb vegj\u00ebl me tekst q\u00eb ruhen n\u00eb kompjuterin ose telefonin tuaj celular nga faqet e internetit q\u00eb vizitoni.&nbsp;K\u00ebto skedar\u00eb teksti mund t\u00eb lexohen nga faqet e internetit q\u00eb vizitoni dhe ndihmojn\u00eb n\u00eb identifikimin tuaj kur rihapni faqen n\u00eb internet.&nbsp;K\u00ebto skedar\u00eb teksti mund t\u00eb jen\u00eb &#8220;t\u00eb p\u00ebrhersh\u00ebm&#8221; ose &#8220;t\u00eb p\u00ebrkohsh\u00ebm&#8221;.&nbsp;Cookie-t [&hellip;]<\/p>","protected":false},"author":1,"featured_media":0,"parent":0,"menu_order":0,"comment_status":"closed","ping_status":"closed","template":"","meta":[],"_links":{"self":[{"href":"https:\/\/uvmk.gov.mk\/sq\/wp-json\/wp\/v2\/pages\/10648"}],"collection":[{"href":"https:\/\/uvmk.gov.mk\/sq\/wp-json\/wp\/v2\/pages"}],"about":[{"href":"https:\/\/uvmk.gov.mk\/sq\/wp-json\/wp\/v2\/types\/page"}],"author":[{"embeddable":true,"href":"https:\/\/uvmk.gov.mk\/sq\/wp-json\/wp\/v2\/users\/1"}],"replies":[{"embeddable":true,"href":"https:\/\/uvmk.gov.mk\/sq\/wp-json\/wp\/v2\/comments?post=10648"}],"version-history":[{"count":2,"href":"https:\/\/uvmk.gov.mk\/sq\/wp-json\/wp\/v2\/pages\/10648\/revisions"}],"predecessor-version":[{"id":11545,"href":"https:\/\/uvmk.gov.mk\/sq\/wp-json\/wp\/v2\/pages\/10648\/revisions\/11545"}],"wp:attachment":[{"href":"https:\/\/uvmk.gov.mk\/sq\/wp-json\/wp\/v2\/media?parent=10648"}],"curies":[{"name":"wp","href":"https:\/\/api.w.org\/{rel}","templated":true}]}}