{"id":10911,"date":"2021-04-26T10:54:33","date_gmt":"2021-04-26T10:54:33","guid":{"rendered":"https:\/\/uvmk.gov.mk\/?page_id=10911"},"modified":"2021-04-26T10:54:34","modified_gmt":"2021-04-26T10:54:34","slug":"zyrat-rajonale-dhe-zyrat-rajonale","status":"publish","type":"page","link":"https:\/\/uvmk.gov.mk\/sq\/zyrat-rajonale-dhe-zyrat-rajonale\/","title":{"rendered":"Zyrat rajonale dhe zyrat rajonale"},"content":{"rendered":"<p><strong>&nbsp;Zyra rajonale Shkupi<\/strong><br>&nbsp;Rr.&nbsp;Kay Dimitar Vlahov bb<br>&nbsp;Tel.:&nbsp;<strong>02\/3 125 506<\/strong><br>&nbsp;Faksi:&nbsp;&nbsp;<strong>02\/3 125 506<\/strong><br>orari i pun\u00ebs: E h\u00ebn\u00eb &#8211; E premte nga ora 07:00 deri n\u00eb 19:30<br>\u00e7do t\u00eb shtun\u00eb t\u00eb par\u00eb t\u00eb muajit nga 08:00 deri n\u00eb 16:00<br><strong>&#8211; Zyra rajonale Shkup &#8211; Zona e sht\u00ebpis\u00eb Kryetari<\/strong><br>&nbsp;Rr.&nbsp;Hristijan Todorovski Karpos nr. 5 &#8211; Karrige<br>Tel. \/ Faks: 02\/2 603 032<br>orari i pun\u00ebs: E h\u00ebn\u00eb &#8211; E premte nga ora 08:30 deri n\u00eb 16:30<br><strong>&#8211; Zyra Rajonale Shkup &#8211; Zona e sht\u00ebpis\u00eb Butel<\/strong><br>&nbsp;Rr.&nbsp;Butelska br.4 &#8211;<br>Orari i pun\u00ebs n\u00eb&nbsp;Butel&nbsp;: E h\u00ebn\u00eb &#8211; E premte nga ora 08:30 deri n\u00eb 16:30<br><strong>&#8211; Zyra Rajonale Shkup &#8211; Zona kryesore<\/strong><br>&nbsp;Rruga&nbsp;<strong>Aracinovo<\/strong>&nbsp;.&nbsp;14 Nr. 15 &#8211; Ara\u00e7inovo<br>&nbsp;Tel: 02\/2 570 383<br>orari i pun\u00ebs: E h\u00ebn\u00eb &#8211; E premte nga ora 08:30 deri n\u00eb 16:30<br><strong>&#8211; Zyra Rajonale Shkup &#8211; Zona e sht\u00ebpis\u00eb<\/strong><br>&nbsp;Rruga&nbsp;<strong>Gazi Baba<\/strong>&nbsp;.&nbsp;Blagoja Stefkovski bb<br>Tel.\/Faks: 02\/2 522 280<br>orari i pun\u00ebs: E h\u00ebn\u00eb &#8211; E premte nga ora 08:30 deri n\u00eb 16:30<br><strong>&#8211; Zyra Rajonale Shkup &#8211; Zona kryesore<\/strong><br>&nbsp;Rruga&nbsp;<strong>Dra\u00e7ev\u00eb<\/strong>&nbsp;.&nbsp;Petar Deljan br.17<br>&nbsp;Tel.: 02\/2 791 010<br>orari i pun\u00ebs: E h\u00ebn\u00eb &#8211; E premte nga ora 08:30 deri n\u00eb 16:30<br><strong>&#8211; Zyra Rajonale Shkup &#8211; Zona e sht\u00ebpis\u00eb<\/strong><br>&nbsp;Rruga&nbsp;<strong>Gjorce Petrov<\/strong>&nbsp;.&nbsp;P\u00ebrmes Ignatia nr. 6<br>Tel. \/ Faks: 02\/2 041 497<br>orari i pun\u00ebs: E h\u00ebn\u00eb &#8211; E premte nga ora 08:30 deri n\u00eb 16:30<br><strong>&#8211; Zyra Rajonale Shkup &#8211; Sht\u00ebpia<\/strong><br>&nbsp;Rr.&nbsp;<strong>Ilinden<\/strong>&nbsp;.&nbsp;9 bb &#8211; Ilinden<br>&nbsp;Tel.: 02\/2 571 146<br>orari i pun\u00ebs: E h\u00ebn\u00eb &#8211; E premte nga ora 08:30 deri n\u00eb 16:30<br><strong>&#8211; Zyra Rajonale Shkup &#8211; Sht\u00ebpia<\/strong><br>&nbsp;Rruga&nbsp;<strong>Petrovec<\/strong>&nbsp;.&nbsp;1 bb &#8211; Petrovec<br>&nbsp;Tel: 02\/2 561 341<br>orari i pun\u00ebs: E h\u00ebn\u00eb &#8211; E premte nga ora 08:30 deri n\u00eb 16:30<br><strong>&#8211; Zyra Rajonale Shkup &#8211; Zona e sht\u00ebpis\u00eb<\/strong><br>&nbsp;Rruga&nbsp;<strong>Studenicani<\/strong>&nbsp;.&nbsp;1 bb &#8211; Studenichani<br>&nbsp;Tel: 02\/2 724 600<br>orari i pun\u00ebs: e h\u00ebn\u00eb &#8211; e premte nga ora 08:30 deri n\u00eb 16:30<br><strong>&#8211; Zyra Rajonale Shkup &#8211; Sht\u00ebpia<\/strong><br>&nbsp;Rruga&nbsp;<strong>Saraj<\/strong>&nbsp;.&nbsp;2 br.bb &#8211; Saraj<br>orari i pun\u00ebs: E h\u00ebn\u00eb &#8211; E premte nga ora 08:30 deri n\u00eb 16:30<br><strong>&#8211; Zyra Rajonale Shkup &#8211; Zona e sht\u00ebpis\u00eb Cucer Sandevo<\/strong><br>&nbsp;Rr.&nbsp;4 Nr. 4 &#8211; Ku\u00e7evishte<br>&nbsp;Tel.: 02\/2 666 550<br>orari i pun\u00ebs: e h\u00ebn\u00eb &#8211; e premte nga ora 08:30 deri n\u00eb 16:30<br><strong>&#8211; Zyra Rajonale Shkup &#8211; Sht\u00ebpia Suto Orizari<\/strong><br>&nbsp;Rr.&nbsp;Hadzi Jovan Shishkov bb<br>&nbsp;Tel.: 02\/2 651 707<br>orari i pun\u00ebs: E h\u00ebn\u00eb &#8211; E premte nga ora 08:30 deri n\u00eb 16:30<br><strong>&#8211; Zyra Rajonale Shkup &#8211;<\/strong><br>&nbsp;Rruga&nbsp;<strong>Karposh<\/strong>&nbsp;.&nbsp;Branislav Nusic nr.&nbsp;4 &#8211; Karposh<br>&nbsp;Tel.: 02\/2 742 202<br>orari i pun\u00ebs: e h\u00ebn\u00eb &#8211; e premte nga ora 08:30 deri n\u00eb 16:30<br><strong>&#8211; Zyra Rajonale Shkup &#8211;<\/strong><br>&nbsp;Blvd&nbsp;<strong>Aerodrom.&nbsp;<\/strong>Jane Sandanski nr.&nbsp;109 b &#8211;<br>Orari i pun\u00ebs n\u00eb&nbsp;aeroport&nbsp;: E h\u00ebn\u00eb &#8211; E premte nga ora 08:30 deri n\u00eb 16:30<\/p>\n\n\n\n<p><strong>Departamenti Rajonal \u0411\u0438\u0442\u043e\u043b\u0430<\/strong><br>&nbsp;Rruga&nbsp;<strong>Manastir&nbsp;<\/strong>Stolarska br.3 Tel.\/Faksi<br>: 047\/275 969<br>orari i pun\u00ebs: e h\u00ebn\u00eb &#8211; e premte nga ora 07:00 deri n\u00eb ora 21:30<br>\u00e7do t\u00eb shtun\u00eb t\u00eb par\u00eb t\u00eb muajit nga ora 08:00 deri n\u00eb 16:00<br><strong>&#8211; Zyra Rajonale Manastir &#8211; Zona e sht\u00ebpis\u00eb<\/strong><br>&nbsp;Rruga&nbsp;<strong>Novaci<\/strong>&nbsp;.&nbsp;s.Novaci<br>&nbsp;Tel.: 047\/282 114<br><strong>&#8211; Departamenti Rajonal Manastir &#8211; Zona e sht\u00ebpis\u00eb<\/strong><br>&nbsp;Rruga&nbsp;<strong>Mogila<\/strong>&nbsp;.&nbsp;\u0441&nbsp;Mogila<br>&nbsp;Tel.: 047\/296 340<\/p>\n\n\n\n<p><strong>Departamenti Rajonal \u041b\u0435\u0441<\/strong><br>&nbsp;Rruga e&nbsp;<strong>Velesit&nbsp;<\/strong>Blagoj Gjorev nr.1<br>Tel.\/Fax: 043\/229 820<br>Orari i pun\u00ebs: E h\u00ebn\u00eb &#8211; e premte nga ora 07:00 deri 21:30<br>\u00e7do t\u00eb shtun\u00ebn e par\u00eb t\u00eb muajit 08:00 deri 16:00<br><strong>&#8211; Drejtoria Rajonale Veles &#8211; Faqja Gradsko<\/strong><br>&nbsp;st.&nbsp;Marshalli Tito nr<br>&nbsp;.&nbsp;84&nbsp;Tel.: 043\/251 003<br><strong>&#8211; Departamenti Rajonal Veles &#8211; Zona kryesore<\/strong><br>&nbsp;Rruga&nbsp;Caska&nbsp;.&nbsp;s.Caska<br>&nbsp;Tel.: 043\/241 256<\/p>\n\n\n\n<p><strong>\u041b\u0435\u043d\u0438\u0435 Zyra rajonale<\/strong><br>&nbsp;Rruga&nbsp;<strong>Kumanov\u00eb<\/strong>&nbsp;.&nbsp;Goce Delchev bb<br>Tel.\/Faksi: 031\/464 750<br>or\u00eb pune: E h\u00ebn\u00eb &#8211; E premte nga ora 07:00 deri n\u00eb 21:30<br>\u00e7do t\u00eb shtun\u00eb t\u00eb par\u00eb t\u00eb muajit nga ora 08:00 deri n\u00eb 16:00<br><strong>&#8211; Zyra Rajonale Kumanov\u00eb &#8211; Sht\u00ebpia<\/strong><br>&nbsp;Rruga&nbsp;<strong>Lipkovo<\/strong>&nbsp;.&nbsp;s.Lipkovo<br>&nbsp;Tel.: 031\/462 291<br><strong>&#8211; Departamenti Rajonal Kumanov\u00eb &#8211; Zona kryesore<\/strong><br>&nbsp;Rruga&nbsp;<strong>Staro Nagoricane<\/strong>&nbsp;.&nbsp;s.Staro Nagoricane<br>&nbsp;Tel.: 031\/495 444<\/p>\n\n\n\n<p><strong>Department Departamenti Rajonal<\/strong><br>&nbsp;Rruga e&nbsp;<strong>Ohrit&nbsp;<\/strong>Dimitar Vlahov nr. 57<br>Tel. \/ Faksi: 046\/209 929<br>orari i pun\u00ebs: E h\u00ebn\u00eb &#8211; E premte nga ora 07:00 deri n\u00eb 21:30<br>\u00e7do t\u00eb shtun\u00eb t\u00eb par\u00eb t\u00eb muajit nga 08:00 deri n\u00eb 16:00<br><strong>&#8211; Zyra Rajonale Oh\u00ebr &#8211; Sht\u00ebpia zona e Bel\u00e7isht\u00ebs<\/strong><br>&nbsp;Rr. .&nbsp;s.Belchishta<br>&nbsp;Tel.: 046\/286 215<\/p>\n\n\n\n<p><strong>Department Departamenti Rajonal Strumica<\/strong><br>&nbsp;Rr.&nbsp;Svetozar Markovic nr. 2<br>Tel. \/ Faks: 034\/379 056<br>orari i pun\u00ebs: E h\u00ebn\u00eb &#8211; E premte nga ora 07:00 deri n\u00eb 21:30<br>\u00e7do t\u00eb shtun\u00eb t\u00eb par\u00eb t\u00eb muajit nga 08:00 deri n\u00eb 16:00<br><strong>&#8211; Zyra Rajonale Strumica &#8211; Home Novo Selo<\/strong><br>&nbsp;Rr.&nbsp;Goce Del\u00e7ev nr<br>&nbsp;.&nbsp;20&nbsp;Tel: 034\/388 711<br><strong>&#8211; Zyra Rajonale Strumica &#8211; Zona kryesore<\/strong><br>&nbsp;Rruga&nbsp;<strong>Vasilevo<\/strong>&nbsp;.&nbsp;s.Vasilevo<br>&nbsp;Tel.: 034\/354 054<br><strong>&#8211; Departamenti Rajonal Strumica &#8211; Zona kryesore Bosilovo<\/strong><br>&nbsp;Rr.&nbsp;s.Bosilovo<br>&nbsp;Tel.: 034\/371 145<\/p>\n\n\n\n<p><strong>\u041b\u0435\u043d\u0438\u0435 Departamenti Rajonal Tetov\u00eb<\/strong><br>&nbsp;Rr.&nbsp;Ivo Lola Ribar nr. 1<br>Tel. \/ Faksi: 044\/333 470<br>orari i pun\u00ebs: E h\u00ebn\u00eb &#8211; E premte nga ora 07:00 deri n\u00eb 21:30<br>\u00e7do t\u00eb shtun\u00eb t\u00eb par\u00eb t\u00eb muajit nga ora 08:00 deri n\u00eb 16:00<br><strong>&#8211; Zyra Rajonale e Tetov\u00ebs &#8211; Zona e sht\u00ebpis\u00eb Bogovin\u00eb<\/strong><br>&nbsp;Rr.&nbsp;101 bb<br>&nbsp;Tel: 044\/372 210<br><strong>&#8211; Zyra rajonale Tetov\u00eb &#8211; Zona kryesore<\/strong><br>&nbsp;Rruga e&nbsp;<strong>Brvenic\u00ebs&nbsp;<\/strong>101 bb<br>&nbsp;Tel: 044\/455 021<br><strong>&#8211; Zyra rajonale Tetov\u00eb &#8211; Zona kryesore<\/strong><br>&nbsp;Rruga&nbsp;<strong>Jegunovce<\/strong>&nbsp;.&nbsp;101 bb<br>&nbsp;Tel.: 044\/397 600<br><strong>&#8211; Zyra Rajonale e Tetov\u00ebs &#8211; Zona kryesore<\/strong><br>&nbsp;Rruga&nbsp;<strong>Tearc\u00eb&nbsp;<\/strong>101 bb<br>&nbsp;Tel: 044\/381 014<br><strong>&#8211; Zyra rajonale Tetov\u00eb &#8211; Zona kryesore<\/strong><br>&nbsp;Rruga&nbsp;<strong>Zelino<\/strong>&nbsp;.&nbsp;101 kb<br>&nbsp;Tel: 044\/378 157<\/p>\n\n\n\n<p><strong>Department Departamenti rajonal<\/strong><br>&nbsp;Rruga&nbsp;<strong>Stip&nbsp;<\/strong>Vasil Glavinov nr. 4 b<br>Tel. \/ Faks: 032\/304 318<br>orari i pun\u00ebs: E h\u00ebn\u00eb &#8211; E premte nga ora 07:00 deri n\u00eb 21:30<br>\u00e7do t\u00eb shtun\u00eb t\u00eb par\u00eb t\u00eb muajit nga 08:00 deri n\u00eb 16:00<br><strong>&#8211; Departamenti Rajonal Shtip &#8211; Zona e sht\u00ebpis\u00eb Radanje<\/strong><br>&nbsp;Rr.&nbsp;s.Karbinci<br>&nbsp;Tel.: 032\/300 216<\/p>\n\n\n\n<p><strong>\u0412\u043e zyra rajonale Berovo<\/strong><br>&nbsp;Rr.&nbsp;Marshalli Tito<br>nr.&nbsp;64&nbsp;Tel. \/ Faksi: 033\/470 409<br>orari i pun\u00ebs: e h\u00ebn\u00eb &#8211; e premte nga ora 07:00 deri n\u00eb 21:30<br>\u00e7do t\u00eb shtun\u00eb t\u00eb par\u00eb t\u00eb muajit 08:00 deri n\u00eb 16:00<\/p>\n\n\n\n<p><strong>Office Zyra rajonale<\/strong><br>&nbsp;Rruga&nbsp;<strong>Bogdanci&nbsp;<\/strong>Marshalli Tito nr. 62<br>Tel. \/ Faksi: 034\/221 067<br>orari i pun\u00ebs: e h\u00ebn\u00eb &#8211; e premte nga ora 07:00 deri n\u00eb 21:30<br>\u00e7do t\u00eb shtun\u00eb t\u00eb par\u00eb t\u00eb muajit 08:00 &#8211; 16:00<\/p>\n\n\n\n<p><strong>Office Zyra rajonale<\/strong><br>&nbsp;Rruga&nbsp;<strong>Valandovo&nbsp;<\/strong>4 korrik Nr. 1<br>Tel. \/ Faks: 034\/381 401<br>orari i pun\u00ebs: E h\u00ebn\u00eb &#8211; E premte nga ora 07:00 deri n\u00eb 21:30<br>\u00e7do t\u00eb shtun\u00eb t\u00eb par\u00eb t\u00eb muajit 08:00 &#8211; 16:00<\/p>\n\n\n\n<p><strong>\u0412\u0438 Zyra rajonale<\/strong><br>&nbsp;Rruga&nbsp;<strong>Vinica&nbsp;<\/strong>Bel Kamen nr. 13<br>Tel. \/ Fax: 033\/360 184<br>orari i pun\u00ebs: E h\u00ebn\u00eb &#8211; E premte nga ora 07:00 deri n\u00eb 21:30<br>\u00e7do t\u00eb shtun\u00eb t\u00eb par\u00eb t\u00eb muajit 08:00 &#8211; 16:00<\/p>\n\n\n\n<p><strong>\u0420\u0430 Zyra Rajonale<\/strong><br>&nbsp;Rruga&nbsp;<strong>Gjevgjeli&nbsp;<\/strong>Boris Karapuzov nr. 6<br>Tel. \/ Faks: 034\/217 239<br>or\u00eb pune: E h\u00ebn\u00eb &#8211; E premte nga ora 07:00 deri n\u00eb 21:30<br>\u00e7do t\u00eb shtun\u00eb t\u00eb par\u00eb t\u00eb muajit nga 08:00 deri n\u00eb 16:00<br><strong>&#8211; Zyra Rajonale Gjevgjeli &#8211; Zona e sht\u00ebpis\u00eb Nov Dojran<\/strong><br>&nbsp;Rr.&nbsp;Marshalli Tito nr.45<br>&nbsp;Tel.: 034\/227 236<\/p>\n\n\n\n<p><strong>Office Zyra rajonale<\/strong><br>&nbsp;Rruga&nbsp;<strong>Gostivar&nbsp;<\/strong>Ivo Lola Ribar nr. 32<br>Tel. \/ Faksi: 042\/210 972<br>orari i pun\u00ebs: e h\u00ebn\u00eb &#8211; e premte nga ora 07:00 deri n\u00eb 21:30<br>\u00e7do t\u00eb shtun\u00eb t\u00eb par\u00eb t\u00eb muajit nga ora 08:00 deri n\u00eb 16:00<br><strong>&#8211; Zyra Rajonale e Gostivarit &#8211; zona e sht\u00ebpis\u00eb Vrapciste<\/strong><br>&nbsp;Rr.&nbsp;Marshalli Tito bb<br>&nbsp;Tel.: 042\/332 361<br><strong>&#8211; Zyra Rajonale Gostivar &#8211; Zona kryesore Rostuse<\/strong><br>&nbsp;Rr.&nbsp;s.Rostuse<br>&nbsp;Tel: 042\/478 027.<br><strong>&#8211; Zyra rajonale Gostivar &#8211; zona Main Negotino-Polog<\/strong><br>&nbsp;Str.&nbsp;s.Negotino Polog<br>&nbsp;Tel.: 042\/311 002<\/p>\n\n\n\n<p><strong>Office Zyra rajonale<\/strong><br>&nbsp;Rruga e&nbsp;<strong>Dibr\u00ebs&nbsp;<\/strong>8-mi Septemvri bb<br>Tel.\/Faksi: 046\/838 545<br>orari i pun\u00ebs: E h\u00ebn\u00eb &#8211; E premte nga ora 07:00 deri n\u00eb 21:30<br>\u00e7do t\u00eb shtun\u00eb t\u00eb par\u00eb t\u00eb muajit nga ora 08:00 deri n\u00eb 16:00<br><strong>&#8211; Zyra Rajonale Dib\u00ebr &#8211; Zona e sht\u00ebpis\u00eb Centar Zupa<\/strong><br>&nbsp;Rr.&nbsp;s.Centar Zupa<br>&nbsp;Tel.: 046\/844 407<br><strong>&#8211; Zyra Rajonale Dib\u00ebr &#8211; Zona kryesore<\/strong><br>&nbsp;Rruga&nbsp;<strong>Kosovrasti<\/strong>&nbsp;.&nbsp;s.Kosovrasti<br>&nbsp;Tel.: 046\/834 542<\/p>\n\n\n\n<p><strong>\u0427\u0435 Zyra Rajonale<\/strong><br>&nbsp;Rruga&nbsp;<strong>Delchevo&nbsp;<\/strong>Metodi Mitevski &#8211; Brico<br>nr.&nbsp;40&nbsp;Tel. \/ Faks: 033\/410 023<br>orari i pun\u00ebs: e h\u00ebn\u00eb &#8211; e premte nga ora 08:30 deri n\u00eb 16:30<br>\u00e7do t\u00eb shtun\u00eb t\u00eb par\u00eb t\u00eb muajit 08:00 &#8211; 16:00<\/p>\n\n\n\n<p><strong>\u041c\u0438\u0440 Zyra rajonale Demir Kapija<\/strong><br>&nbsp;Rr.&nbsp;Marshalli Tito<br>nr. 23 Tel. \/ Faksi: 043\/366 219<br>orari i pun\u00ebs: e h\u00ebn\u00eb &#8211; e premte nga ora 07:00 deri n\u00eb 21:30<br>\u00e7do t\u00eb shtun\u00eb t\u00eb par\u00eb t\u00eb muajit 08:00 &#8211; 16:00<\/p>\n\n\n\n<p><strong>\u041c\u0438\u0440 Zyra rajonale Demir Hisar<\/strong><br>&nbsp;Rr.&nbsp;Manastiri nr.&nbsp;bb<br>Tel.\/Fax: 047\/271 546<br>orari i pun\u00ebs: e h\u00ebn\u00eb &#8211; e premte nga ora 07:00 deri n\u00eb 21:30<br>\u00e7do t\u00eb shtun\u00eb t\u00eb par\u00eb t\u00eb muajit 08:00 &#8211; 16:00<\/p>\n\n\n\n<p><strong>\u0412\u0430 Zyra Rajonale<\/strong><br>&nbsp;Rruga&nbsp;<strong>Kavadarci&nbsp;<\/strong>Marshal Tito bb<br>Tel.\/Fax: 043\/413 292<br>orari i pun\u00ebs: E h\u00ebn\u00eb &#8211; E premte nga ora 07:00 deri n\u00eb 21:30<br>\u00e7do t\u00eb shtun\u00eb t\u00eb par\u00eb t\u00eb muajit nga ora 08:00 deri n\u00eb 16:00<br><strong>&#8211; Zyra Rajonale e Kavadarcit &#8211; Sht\u00ebpia<\/strong><br>&nbsp;Rruga&nbsp;<strong>Rosoman<\/strong>&nbsp;.&nbsp;Goce Delchev bb<br>&nbsp;Tel.: 043\/441 803<\/p>\n\n\n\n<p><strong>\u0420\u0430 Zyra Rajonale<\/strong><br>&nbsp;Rruga&nbsp;<strong>K\u00ebr\u00e7ov\u00eb<\/strong>&nbsp;.&nbsp;Bul.&nbsp;P\u00ebrjashtimi nr. 39<br>Tel.\/Faks: 045\/257 620<br>or\u00eb pune: E h\u00ebn\u00eb &#8211; E premte nga ora 07:00 deri n\u00eb 21:30<br>\u00e7do t\u00eb shtun\u00eb t\u00eb par\u00eb t\u00eb muajit nga ora 08:00 deri n\u00eb 16:00<br><strong>&#8211; Zyra Rajonale e K\u00ebr\u00e7ov\u00ebs &#8211; zona e sht\u00ebpis\u00eb<\/strong><br>Rruga&nbsp;<strong>Drugovo<\/strong>&nbsp;.&nbsp;s.Drugovo<br>&nbsp;Tel.: 045\/266 188<br><strong>&#8211; Zyra Rajonale K\u00ebr\u00e7ov\u00eb &#8211; Zona kryesore<\/strong><br>&nbsp;Rruga&nbsp;<strong>Zajas<\/strong>&nbsp;.&nbsp;s.Zajas<br>&nbsp;Tel.: 045\/251 121<\/p>\n\n\n\n<p><strong>\u0420\u0430 Zyra Rajonale<\/strong><br>&nbsp;Rruga&nbsp;<strong>Kocani&nbsp;<\/strong>Dimitar Vlahov nr. 5<br>Tel. \/ Faksi: 033\/291 297<br>orari i pun\u00ebs: E h\u00ebn\u00eb &#8211; E premte nga ora 07:00 deri n\u00eb 21:30<br>\u00e7do t\u00eb shtun\u00eb t\u00eb par\u00eb t\u00eb muajit nga 08:00 deri n\u00eb 16:00<br><strong>&#8211; Zyra Rajonale Kocani &#8211; Sht\u00ebpia Zona e Cheshinov\u00ebs<\/strong><br>&nbsp;Rr .&nbsp;Kosta Racin bb<br>&nbsp;Tel: 033\/355 161<br><strong>&#8211; Zyra Rajonale Kocani &#8211; Zona kryesore<\/strong><br>&nbsp;Rruga&nbsp;<strong>Zrnovci<\/strong>&nbsp;.&nbsp;Ilindenska bb<br>&nbsp;Tel.: 033\/353 128<\/p>\n\n\n\n<p><strong>Office Zyra rajonale<\/strong><br>&nbsp;Rruga&nbsp;<strong>Kratovo&nbsp;<\/strong>Goce Delchev nr. 78<br>Tel. \/ Faksi: 031\/377 127<br>orari i pun\u00ebs: e h\u00ebn\u00eb &#8211; e premte nga ora 07:00 deri n\u00eb 21:30<br>\u00e7do t\u00eb shtun\u00eb t\u00eb par\u00eb t\u00eb muajit 08:00 &#8211; 16:00<\/p>\n\n\n\n<p><strong>\u0412\u0430 Zyra Rajonale Kriva Palanka<\/strong><br>&nbsp;Rr.&nbsp;Sh\u00ebn&nbsp;Joakim Osogovski bb<br>Tel.\/Faksi: 031\/429 734<br>orari i pun\u00ebs: E h\u00ebn\u00eb &#8211; E premte nga ora 07:00 deri n\u00eb 21:30<br>\u00e7do t\u00eb shtun\u00eb t\u00eb par\u00eb t\u00eb muajit nga 08:00 deri n\u00eb 16:00<br><strong>&#8211; Zyra Rajonale Kriva Pallanka &#8211; Zona e sht\u00ebpis\u00eb<\/strong><br>&nbsp;Rruga&nbsp;<strong>Rankovce<\/strong>&nbsp;.&nbsp;s.Rankovce<br>&nbsp;Tel.: 031\/380 170<\/p>\n\n\n\n<p><strong>\u0420\u0430 Zyra Rajonale<\/strong><br>&nbsp;Rruga&nbsp;<strong>Krushevo<\/strong>&nbsp;.&nbsp;Nikola<br>\u043a\u043e\u0432\u0438urkovi \u0431b Tel.\/Faksi: 048\/404 266<br>orari i pun\u00ebs: e h\u00ebn\u00eb &#8211; e premte nga ora 07:00 deri n\u00eb 21:30<br>\u00e7do t\u00eb shtun\u00eb t\u00eb par\u00eb t\u00eb muajit nga ora 08:00 deri n\u00eb 16:00<\/p>\n\n\n\n<p><strong>\u041c\u0430\u043a\u0435\u0434\u043e Zyra Rajonale Makedonska Kamenica<\/strong><br>&nbsp;Rr.&nbsp;Kamenicka nr. 2<br>Tel. \/ Fax: 033\/431 217<br>orari i pun\u00ebs: E h\u00ebn\u00eb &#8211; E premte nga ora 07:00 deri n\u00eb 21:30<br>\u00e7do t\u00eb shtun\u00eb t\u00eb par\u00eb t\u00eb muajit 08:00 &#8211; 16:00<\/p>\n\n\n\n<p><strong>\u041c\u0430\u043a\u0435\u0434\u043e Zyra Rajonale Makedonski Brod<\/strong><br>&nbsp;Rr.&nbsp;7 shtator nr. 45<br>Tel. \/ Faks: 045\/279 126<br>orari i pun\u00ebs: e h\u00ebn\u00eb &#8211; e premte nga ora 07:00 deri n\u00eb 21:30<br>\u00e7do t\u00eb shtun\u00eb t\u00eb par\u00eb t\u00eb muajit nga ora 08:00 deri n\u00eb 16:00<br><strong>&#8211; Zyra Rajonale \u041c\u0430\u043a\u0435\u0434\u043e\u043d\u0441\u043a\u0438 Brod &#8211; Zona e sht\u00ebpis\u00eb<\/strong><br>&nbsp;Rruga&nbsp;<strong>Izishte&nbsp;<\/strong>s.Izishte<br>&nbsp;Tel.: 045\/287 311<\/p>\n\n\n\n<p><strong>Office Zyra rajonale<\/strong><br>&nbsp;Rruga&nbsp;<strong>Negotino<\/strong>&nbsp;.&nbsp;Marshall Tito nr. 1 hyrje 2<br>Tel.\/Faks: 043\/371 099<br>orari i pun\u00ebs: e h\u00ebn\u00eb &#8211; e premte nga ora 07:00 deri n\u00eb 21:30<br>\u00e7do t\u00eb shtun\u00eb t\u00eb par\u00eb t\u00eb muajit 08:00 &#8211; 16:00<\/p>\n\n\n\n<p><strong>Office Zyra rajonale<\/strong><br>&nbsp;Rruga&nbsp;<strong>Peh\u00e7ev\u00eb&nbsp;<\/strong>Boris Kidrich nr. 4 d<br>Tel. \/ Faks: 033\/441 147<br>or\u00eb pune: E h\u00ebn\u00eb &#8211; E premte nga ora 07:00 deri n\u00eb 21:30<br>\u00e7do t\u00eb shtun\u00eb t\u00eb par\u00eb t\u00eb muajit 08:00 &#8211; 16:00<\/p>\n\n\n\n<p><strong>\u041b\u0435\u043f Zyra Rajonale<\/strong><br>&nbsp;Rruga e&nbsp;<strong>Prilepit<\/strong>&nbsp;.&nbsp;Dimo Narednikot bb &#8211; Nd\u00ebrtesa e pensioneve<br>Tel.\/Faks: 048\/434 993<br>orari i pun\u00ebs: e h\u00ebn\u00eb &#8211; e premte nga ora 07:00 deri n\u00eb 21:30<br>\u00e7do t\u00eb shtun\u00eb t\u00eb par\u00eb t\u00eb muajit nga ora 08:00 deri n\u00eb 16:00<br><strong>&#8211; Zyra Rajonale Prilep &#8211; Zona e sht\u00ebpis\u00eb Dolneni<\/strong><br>&nbsp;Rr.&nbsp;s.Dolneni<br>&nbsp;Tel: 048\/453 700<br><strong>&#8211; Zyra rajonale Prilep &#8211; Zona kryesore<\/strong><br>&nbsp;Rruga&nbsp;<strong>Krivogashtani&nbsp;<\/strong>s.Krivogashtani<br>&nbsp;Tel.: 048\/471 144<\/p>\n\n\n\n<p><strong>\u0428\u0442\u0438 Zyra rajonale<\/strong><br>&nbsp;Rr.&nbsp;<strong>Probishtipi&nbsp;<\/strong>Jakim Stojkovski nr. 1<br>Tel. \/ Faks: 032\/493 285<br>orari i pun\u00ebs: e h\u00ebn\u00eb &#8211; e premte nga ora 07:00 deri n\u00eb 21:30<br>\u00e7do t\u00eb shtun\u00eb t\u00eb par\u00eb t\u00eb muajit 08:00 &#8211; 16:00<\/p>\n\n\n\n<p><strong>\u0414\u043e\u0432\u0438 Zyra Rajonale Radovish<\/strong><br>&nbsp;Rr.&nbsp;Bul.&nbsp;Aleksandar Makedonski nr. 2<br>Tel. \/ Faks: 032\/641 019<br>orari i pun\u00ebs: E h\u00ebn\u00eb &#8211; E premte nga ora 07:00 deri n\u00eb 21:30<br>\u00e7do t\u00eb shtun\u00eb t\u00eb par\u00eb t\u00eb muajit nga 08:00 deri n\u00eb 16:00<br><strong>&#8211; Zyra Rajonale Radovish &#8211; Zona e sht\u00ebpis\u00eb Konce<\/strong><br>&nbsp;Rr .&nbsp;s.Konche<br>&nbsp;Tel&nbsp;.: 032\/649&nbsp;240<\/p>\n\n\n\n<p><strong>\u0420\u0435 Zyra Rajonale<\/strong><br>&nbsp;Rruga e&nbsp;<strong>Resnj\u00ebs&nbsp;<\/strong>Sheshi Marshall Tito bb<br>Tel.\/Faksi: 047\/289 010<br>orari i pun\u00ebs: e h\u00ebn\u00eb &#8211; e premte nga ora 07:00 deri n\u00eb 21:30<br>\u00e7do t\u00eb shtun\u00eb t\u00eb par\u00eb t\u00eb muajit nga ora 08:00 deri n\u00eb 16:00<\/p>\n\n\n\n<p><strong>\u0412\u0435\u0442\u0438 Zyra rajonale Rruga Sveti Nikole<\/strong><br>&nbsp;.&nbsp;Marshalli Tito nr. 9<br>Tel. \/ Faksi: 032\/459 840<br>or\u00eb pune: E h\u00ebn\u00eb &#8211; E premte nga ora 07:00 deri n\u00eb 21:30<br>\u00e7do t\u00eb shtun\u00eb t\u00eb par\u00eb t\u00eb muajit nga ora 08:00 deri n\u00eb 16:00<br><strong>&#8211; Zyra Rajonale Sveti Nikole &#8211; Zona e sht\u00ebpis\u00eb Lozovo<\/strong><br>&nbsp;Rr.&nbsp;Ilindenska br.5<br>&nbsp;Tel.: 032\/458 840<\/p>\n\n\n\n<p><strong>\u0421\u0442\u0440\u0443 Zyra Rajonale Struga<\/strong><br>&nbsp;Rr.&nbsp;Brigada Proletare<br>nr.62 Tel.\/Faksi: 046\/840 977<br>orari i pun\u00ebs: e h\u00ebn\u00eb &#8211; e premte nga ora 07:00 deri n\u00eb 21:30<br>\u00e7do t\u00eb shtun\u00eb t\u00eb par\u00eb t\u00eb muajit nga ora 08:00 deri n\u00eb 16:00<br><strong>&#8211; Zyra Rajonale Strug\u00eb &#8211; zona e sht\u00ebpis\u00eb<\/strong><br>&nbsp;Rruga&nbsp;<strong>Vev\u00e7ani<\/strong>&nbsp;.&nbsp;s.Vev\u00e7ani<br>&nbsp;Tel.: 046\/798 275<br><strong>&#8211; Zyra rajonale Strug\u00eb &#8211; Zona kryesore<\/strong><br>&nbsp;Rruga&nbsp;<strong>Labunista<\/strong>&nbsp;.&nbsp;s.Labunishta<br>&nbsp;Tel.: 046\/792 058<\/p>","protected":false},"excerpt":{"rendered":"<p>&nbsp;Zyra rajonale Shkupi&nbsp;Rr.&nbsp;Kay Dimitar Vlahov bb&nbsp;Tel.:&nbsp;02\/3 125 506&nbsp;Faksi:&nbsp;&nbsp;02\/3 125 506orari i pun\u00ebs: E h\u00ebn\u00eb &#8211; E premte nga ora 07:00 deri n\u00eb 19:30\u00e7do t\u00eb shtun\u00eb t\u00eb par\u00eb t\u00eb muajit nga 08:00 deri n\u00eb 16:00&#8211; Zyra rajonale Shkup &#8211; Zona e sht\u00ebpis\u00eb Kryetari&nbsp;Rr.&nbsp;Hristijan Todorovski Karpos nr. 5 &#8211; KarrigeTel. \/ Faks: 02\/2 603 032orari i pun\u00ebs: [&hellip;]<\/p>","protected":false},"author":1,"featured_media":0,"parent":0,"menu_order":0,"comment_status":"closed","ping_status":"closed","template":"","meta":[],"_links":{"self":[{"href":"https:\/\/uvmk.gov.mk\/sq\/wp-json\/wp\/v2\/pages\/10911"}],"collection":[{"href":"https:\/\/uvmk.gov.mk\/sq\/wp-json\/wp\/v2\/pages"}],"about":[{"href":"https:\/\/uvmk.gov.mk\/sq\/wp-json\/wp\/v2\/types\/page"}],"author":[{"embeddable":true,"href":"https:\/\/uvmk.gov.mk\/sq\/wp-json\/wp\/v2\/users\/1"}],"replies":[{"embeddable":true,"href":"https:\/\/uvmk.gov.mk\/sq\/wp-json\/wp\/v2\/comments?post=10911"}],"version-history":[{"count":1,"href":"https:\/\/uvmk.gov.mk\/sq\/wp-json\/wp\/v2\/pages\/10911\/revisions"}],"predecessor-version":[{"id":10912,"href":"https:\/\/uvmk.gov.mk\/sq\/wp-json\/wp\/v2\/pages\/10911\/revisions\/10912"}],"wp:attachment":[{"href":"https:\/\/uvmk.gov.mk\/sq\/wp-json\/wp\/v2\/media?parent=10911"}],"curies":[{"name":"wp","href":"https:\/\/api.w.org\/{rel}","templated":true}]}}