{"id":11449,"date":"2023-11-17T14:25:43","date_gmt":"2023-11-17T14:25:43","guid":{"rendered":"https:\/\/uvmk.gov.mk\/?page_id=11449"},"modified":"2023-11-17T14:25:43","modified_gmt":"2023-11-17T14:25:43","slug":"raporto-korrupsionin","status":"publish","type":"page","link":"https:\/\/uvmk.gov.mk\/sq\/raporto-korrupsionin\/","title":{"rendered":"Raporto korrupsionin"},"content":{"rendered":"<div class=\"wpcf7 no-js\" id=\"wpcf7-f11450-o1\" lang=\"mk-MK\" dir=\"ltr\">\n<div class=\"screen-reader-response\"><p role=\"status\" aria-live=\"polite\" aria-atomic=\"true\"><\/p> <ul><\/ul><\/div>\n<form action=\"\/sq\/wp-json\/wp\/v2\/pages\/11449#wpcf7-f11450-o1\" method=\"post\" class=\"wpcf7-form init\" aria-label=\"Contact form\" novalidate=\"novalidate\" data-status=\"init\" data-trp-original-action=\"\/sq\/wp-json\/wp\/v2\/pages\/11449#wpcf7-f11450-o1\">\n<div style=\"display: none;\">\n<input type=\"hidden\" name=\"_wpcf7\" value=\"11450\" \/>\n<input type=\"hidden\" name=\"_wpcf7_version\" value=\"5.7.5.1\" \/>\n<input type=\"hidden\" name=\"_wpcf7_locale\" value=\"mk_MK\" \/>\n<input type=\"hidden\" name=\"_wpcf7_unit_tag\" value=\"wpcf7-f11450-o1\" \/>\n<input type=\"hidden\" name=\"_wpcf7_container_post\" value=\"0\" \/>\n<input type=\"hidden\" name=\"_wpcf7_posted_data_hash\" value=\"\" \/>\n<\/div>\n<p>T\u00eb dh\u00ebnat nga formulari nuk do t\u00eb p\u00ebrdoren n\u00eb m\u00ebnyr\u00eb q\u00eb do t\u00eb d\u00ebmtonte p\u0430raqit\u00ebsin, do t\u00eb p\u00ebrdoren vet\u00ebm p\u00ebr q\u00ebllime t\u00eb brendshme n\u00eb kuad\u00ebr t\u00eb projektit dhe nuk do t\u00eb publikohen t\u00eb dh\u00ebna personale nga p\u0430raqit\u00ebsi.\n<\/p>\n<p>1. P\u00ebrshkrimi i rastit, veprim korruptiv *<br \/>\n<span class=\"wpcf7-form-control-wrap\" data-name=\"opisnaslucajot\"><textarea cols=\"40\" rows=\"10\" class=\"wpcf7-form-control wpcf7-textarea wpcf7-validates-as-required\" aria-required=\"true\" aria-invalid=\"false\" name=\"opisnaslucajot\"><\/textarea><\/span>\n<\/p>\n<p>2. N\u00eb cil\u00ebn fush\u00eb\/sektor do ta kategorizonit veprimin korruptiv? *<br \/>\n<span class=\"wpcf7-form-control-wrap\" data-name=\"oblast-sektor\"><span class=\"wpcf7-form-control wpcf7-radio\"><span class=\"wpcf7-list-item first\"><input type=\"radio\" name=\"oblast-sektor\" value=\"Pun\u00eb me librat Am\u00eb\" \/><span class=\"wpcf7-list-item-label\">Pun\u00eb me librat Am\u00eb<\/span><\/span><span class=\"wpcf7-list-item\"><input type=\"radio\" name=\"oblast-sektor\" value=\"Pun\u00ebsim\" \/><span class=\"wpcf7-list-item-label\">Pun\u00ebsim<\/span><\/span><span class=\"wpcf7-list-item\"><input type=\"radio\" name=\"oblast-sektor\" value=\"Prokurime publike\" \/><span class=\"wpcf7-list-item-label\">Prokurime publike<\/span><\/span><span class=\"wpcf7-list-item last\"><input type=\"radio\" name=\"oblast-sektor\" value=\"T\u00eb tjera\" \/><span class=\"wpcf7-list-item-label\">T\u00eb tjera<\/span><\/span><\/span><\/span><br \/>\n<span class=\"wpcf7-form-control-wrap\" data-name=\"oblast-drugo\"><input size=\"40\" class=\"wpcf7-form-control wpcf7-text\" aria-invalid=\"false\" value=\"\" type=\"text\" name=\"oblast-drugo\" \/><\/span>\n<\/p>\n<p>3. Ku ka ndodhur akti korruptiv apo keni dijeni q\u00eb do t\u00eb ndodh\u00eb? *<br \/>\nQyteti\/Komuna:<br \/>\n<span class=\"wpcf7-form-control-wrap\" data-name=\"GradOpshtina\"><input size=\"40\" class=\"wpcf7-form-control wpcf7-text wpcf7-validates-as-required\" aria-required=\"true\" aria-invalid=\"false\" value=\"\" type=\"text\" name=\"GradOpshtina\" \/><\/span><br \/>\nVendndodhja:<br \/>\n<span class=\"wpcf7-form-control-wrap\" data-name=\"Lokacija\"><input size=\"40\" class=\"wpcf7-form-control wpcf7-text wpcf7-validates-as-required\" aria-required=\"true\" aria-invalid=\"false\" value=\"\" type=\"text\" name=\"Lokacija\" \/><\/span>\n<\/p>\n<p>4. Kur ka ndodhur, apo keni dijeni se veprimi korruptiv do t\u00eb ndodh\u00eb (n\u00ebse \u00ebsht\u00eb e nevojshme t\u00eb reagohet brenda nj\u00eb afati kohor t\u00eb caktuar)? *<br \/>\n<span class=\"wpcf7-form-control-wrap\" data-name=\"kogaseslucilo\"><textarea cols=\"40\" rows=\"10\" class=\"wpcf7-form-control wpcf7-textarea wpcf7-validates-as-required\" aria-required=\"true\" aria-invalid=\"false\" name=\"kogaseslucilo\"><\/textarea><\/span>\n<\/p>\n<p>5. A \u00ebsht\u00eb person publik i p\u00ebrfshir\u00eb n\u00eb rastin q\u00eb po raportoni (zyrtar politik, zyrtar shtet\u00ebror, person tjet\u00ebr nga sfera publike - si iniciator i veprimit korruptiv, viktim\u00eb, d\u00ebshmitar dhe\/ose \u00ebsht\u00eb i p\u00ebrfshir\u00eb n\u00eb m\u00ebnyr\u00eb indirekte n\u00eb veprim korruptiv? *<br \/>\n<span class=\"wpcf7-form-control-wrap\" data-name=\"javnaLicnost\"><span class=\"wpcf7-form-control wpcf7-radio\"><span class=\"wpcf7-list-item first\"><input type=\"radio\" name=\"javnaLicnost\" value=\"Po\" \/><span class=\"wpcf7-list-item-label\">Po<\/span><\/span><span class=\"wpcf7-list-item last\"><input type=\"radio\" name=\"javnaLicnost\" value=\"\u0408\u043e\" \/><span class=\"wpcf7-list-item-label\">\u0408\u043e<\/span><\/span><\/span><\/span>\n<\/p>\n<p>6. N\u00eb rastin q\u00eb po raportoni, a mendoni se jeni: *<br \/>\n<span class=\"wpcf7-form-control-wrap\" data-name=\"Daliste\"><span class=\"wpcf7-form-control wpcf7-radio\"><span class=\"wpcf7-list-item first\"><input type=\"radio\" name=\"Daliste\" value=\"Viktim\u00eb\" \/><span class=\"wpcf7-list-item-label\">Viktim\u00eb<\/span><\/span><span class=\"wpcf7-list-item\"><input type=\"radio\" name=\"Daliste\" value=\"D\u00ebshmitar\" \/><span class=\"wpcf7-list-item-label\">D\u00ebshmitar<\/span><\/span><span class=\"wpcf7-list-item\"><input type=\"radio\" name=\"Daliste\" value=\"Paraqit\u00ebs\" \/><span class=\"wpcf7-list-item-label\">Paraqit\u00ebs<\/span><\/span><span class=\"wpcf7-list-item last\"><input type=\"radio\" name=\"Daliste\" value=\"Paraqit\u00ebs\" \/><span class=\"wpcf7-list-item-label\">Paraqit\u00ebs<\/span><\/span><\/span><\/span>\n<\/p>\n<p>7. A ka ndodhur rasti q\u00eb po raportoni (apo keni njohuri se do t\u00eb ndodh\u00eb) brenda institucionit ku punoni? *<br \/>\n<span class=\"wpcf7-form-control-wrap\" data-name=\"daliseslucil\"><span class=\"wpcf7-form-control wpcf7-radio\"><span class=\"wpcf7-list-item first\"><input type=\"radio\" name=\"daliseslucil\" value=\"Po\" \/><span class=\"wpcf7-list-item-label\">Po<\/span><\/span><span class=\"wpcf7-list-item last\"><input type=\"radio\" name=\"daliseslucil\" value=\"\u0408\u043e\" \/><span class=\"wpcf7-list-item-label\">\u0408\u043e<\/span><\/span><\/span><\/span>\n<\/p>\n<p>8. A keni prova n\u00eb lidhje me aktin korruptiv (incizim video, regjistrim audio, foto, mesazhe me tekst, lidhje dhe forma t\u00eb tjera t\u00eb p\u00ebrmbajtjes q\u00eb konsideroni se do t\u00eb ishin relevante si material d\u00ebshmues?<br \/>\n<span class=\"wpcf7-form-control-wrap\" data-name=\"Dokazi\"><textarea cols=\"40\" rows=\"10\" class=\"wpcf7-form-control wpcf7-textarea\" aria-invalid=\"false\" name=\"Dokazi\"><\/textarea><\/span>\n<\/p>\n<p>9. Keni ndonj\u00eb gj\u00eb p\u00ebr t\u00eb shtuar, apo na jepni informacion shtes\u00eb?<br \/>\n<span class=\"wpcf7-form-control-wrap\" data-name=\"dodadiDopolnitelno\"><textarea cols=\"40\" rows=\"10\" class=\"wpcf7-form-control wpcf7-textarea\" aria-invalid=\"false\" name=\"dodadiDopolnitelno\"><\/textarea><\/span>\n<\/p>\n<h4>Ju lutemi regjistroni informacionet tuaja t\u00eb kontaktit (n\u00ebse d\u00ebshironi t\u00eb mbeteni anonim, ne nuk do t\u00eb jemi n\u00eb gjendje t'ju kontaktojm\u00eb m\u00eb tej, as t'ju informojm\u00eb p\u00ebr rrjedh\u00ebn e procedur\u00ebs)\n<\/h4>\n<p>(Theksojm\u00eb se t\u00eb nj\u00ebjtat nuk do t\u00eb p\u00ebrdoren jasht\u00eb korniz\u00ebs s\u00eb organizat\u00ebs pa miratimin Tuaj).\n<\/p>\n<p>Emri<br \/>\n<span class=\"wpcf7-form-control-wrap\" data-name=\"Ime\"><input size=\"40\" class=\"wpcf7-form-control wpcf7-text\" aria-invalid=\"false\" value=\"\" type=\"text\" name=\"Ime\" \/><\/span><br \/>\nMbiemri<br \/>\n<span class=\"wpcf7-form-control-wrap\" data-name=\"Prezime\"><input size=\"40\" class=\"wpcf7-form-control wpcf7-text\" aria-invalid=\"false\" value=\"\" type=\"text\" name=\"Prezime\" \/><\/span><br \/>\nNumri i telefonit kontaktues:<br \/>\n<span class=\"wpcf7-form-control-wrap\" data-name=\"tel-84\"><input size=\"40\" class=\"wpcf7-form-control wpcf7-text wpcf7-tel wpcf7-validates-as-tel\" aria-invalid=\"false\" value=\"\" type=\"tel\" name=\"tel-84\" \/><\/span><br \/>\nE-mail adresa:<br \/>\n<span class=\"wpcf7-form-control-wrap\" data-name=\"email-668\"><input size=\"40\" class=\"wpcf7-form-control wpcf7-text wpcf7-email wpcf7-validates-as-email\" aria-invalid=\"false\" value=\"\" type=\"email\" name=\"email-668\" \/><\/span>\n<\/p>\n<p><input class=\"wpcf7-form-control has-spinner wpcf7-submit\" type=\"submit\" value=\"D\u00cbRGONI\" \/>\n<\/p><div class=\"wpcf7-response-output\" aria-hidden=\"true\"><\/div>\n<input type=\"hidden\" name=\"trp-form-language\" value=\"sq\"\/><\/form>\n<\/div>","protected":false},"excerpt":{"rendered":"","protected":false},"author":3,"featured_media":0,"parent":0,"menu_order":0,"comment_status":"closed","ping_status":"closed","template":"","meta":[],"_links":{"self":[{"href":"https:\/\/uvmk.gov.mk\/sq\/wp-json\/wp\/v2\/pages\/11449"}],"collection":[{"href":"https:\/\/uvmk.gov.mk\/sq\/wp-json\/wp\/v2\/pages"}],"about":[{"href":"https:\/\/uvmk.gov.mk\/sq\/wp-json\/wp\/v2\/types\/page"}],"author":[{"embeddable":true,"href":"https:\/\/uvmk.gov.mk\/sq\/wp-json\/wp\/v2\/users\/3"}],"replies":[{"embeddable":true,"href":"https:\/\/uvmk.gov.mk\/sq\/wp-json\/wp\/v2\/comments?post=11449"}],"version-history":[{"count":1,"href":"https:\/\/uvmk.gov.mk\/sq\/wp-json\/wp\/v2\/pages\/11449\/revisions"}],"predecessor-version":[{"id":11451,"href":"https:\/\/uvmk.gov.mk\/sq\/wp-json\/wp\/v2\/pages\/11449\/revisions\/11451"}],"wp:attachment":[{"href":"https:\/\/uvmk.gov.mk\/sq\/wp-json\/wp\/v2\/media?parent=11449"}],"curies":[{"name":"wp","href":"https:\/\/api.w.org\/{rel}","templated":true}]}}