{"id":11488,"date":"2023-11-21T12:16:40","date_gmt":"2023-11-21T12:16:40","guid":{"rendered":"https:\/\/uvmk.gov.mk\/?page_id=11488"},"modified":"2023-11-21T12:16:40","modified_gmt":"2023-11-21T12:16:40","slug":"raport-nga-sinjalizuesit","status":"publish","type":"page","link":"https:\/\/uvmk.gov.mk\/sq\/raport-nga-sinjalizuesit\/","title":{"rendered":"RAPORT NGA SINJALIZUESIT"},"content":{"rendered":"<div class=\"wpcf7 no-js\" id=\"wpcf7-f11487-o1\" lang=\"mk-MK\" dir=\"ltr\">\n<div class=\"screen-reader-response\"><p role=\"status\" aria-live=\"polite\" aria-atomic=\"true\"><\/p> <ul><\/ul><\/div>\n<form action=\"\/sq\/wp-json\/wp\/v2\/pages\/11488#wpcf7-f11487-o1\" method=\"post\" class=\"wpcf7-form init\" aria-label=\"Contact form\" novalidate=\"novalidate\" data-status=\"init\" data-trp-original-action=\"\/sq\/wp-json\/wp\/v2\/pages\/11488#wpcf7-f11487-o1\">\n<div style=\"display: none;\">\n<input type=\"hidden\" name=\"_wpcf7\" value=\"11487\" \/>\n<input type=\"hidden\" name=\"_wpcf7_version\" value=\"5.7.5.1\" \/>\n<input type=\"hidden\" name=\"_wpcf7_locale\" value=\"mk_MK\" \/>\n<input type=\"hidden\" name=\"_wpcf7_unit_tag\" value=\"wpcf7-f11487-o1\" \/>\n<input type=\"hidden\" name=\"_wpcf7_container_post\" value=\"0\" \/>\n<input type=\"hidden\" name=\"_wpcf7_posted_data_hash\" value=\"\" \/>\n<\/div>\n<p>Fushat e sh\u00ebnuara me * jan\u00eb t\u00eb obligueshme.\n<\/p>\n<h3>T\u00cb DH\u00cbNAT P\u00cbR SINJALIZUESIN\n<\/h3>\n<p>Emri dhe mbiemri i sinjalizuesit<br \/>\n<span class=\"wpcf7-form-control-wrap\" data-name=\"imePrezime\"><input size=\"40\" class=\"wpcf7-form-control wpcf7-text\" aria-invalid=\"false\" value=\"\" type=\"text\" name=\"imePrezime\" \/><\/span>\n<\/p>\n<p>Data dhe vendi:<br \/>\n<span class=\"wpcf7-form-control-wrap\" data-name=\"datum\"><input size=\"40\" class=\"wpcf7-form-control wpcf7-text\" aria-invalid=\"false\" value=\"\" type=\"text\" name=\"datum\" \/><\/span>\n<\/p>\n<p>Pozita, nga e cila raporton*<br \/>\n<span class=\"wpcf7-form-control-wrap\" data-name=\"svojstvokoePrijavuva\"><span class=\"wpcf7-form-control wpcf7-checkbox wpcf7-validates-as-required\"><span class=\"wpcf7-list-item first\"><label><input type=\"checkbox\" name=\"svojstvokoePrijavuva[]\" value=\"person q\u00eb ka themeluar mar\u00ebdh\u00ebnie pune n\u00eb afat t\u00eb caktuar apo t\u00eb pacaktuar n\u00eb DULA;\" \/><span class=\"wpcf7-list-item-label\">person q\u00eb ka themeluar mar\u00ebdh\u00ebnie pune n\u00eb afat t\u00eb caktuar apo t\u00eb pacaktuar n\u00eb DULA;<\/span><\/label><\/span><span class=\"wpcf7-list-item\"><label><input type=\"checkbox\" name=\"svojstvokoePrijavuva[]\" value=\"kandidat p\u00ebr pun\u00ebsim, kandidat vullnetar apo praktikant n\u00eb DULA ;\" \/><span class=\"wpcf7-list-item-label\">kandidat p\u00ebr pun\u00ebsim, kandidat vullnetar apo praktikant n\u00eb DULA ;<\/span><\/label><\/span><span class=\"wpcf7-list-item\"><label><input type=\"checkbox\" name=\"svojstvokoePrijavuva[]\" value=\"personi q\u00eb ka qen\u00eb vullnetar apo  praktikant n\u00eb DULA ;\" \/><span class=\"wpcf7-list-item-label\">personi q\u00eb ka qen\u00eb vullnetar apo  praktikant n\u00eb DULA ;<\/span><\/label><\/span><span class=\"wpcf7-list-item\"><label><input type=\"checkbox\" name=\"svojstvokoePrijavuva[]\" value=\"personi q\u00eb n\u00eb \u00e7far\u00ebdo lloj baze \u00ebsht\u00eb apo ka qen\u00eb i angazhuar p\u00ebr kryerjen e pun\u00ebs nga DULA ;\" \/><span class=\"wpcf7-list-item-label\">personi q\u00eb n\u00eb \u00e7far\u00ebdo lloj baze \u00ebsht\u00eb apo ka qen\u00eb i angazhuar p\u00ebr kryerjen e pun\u00ebs nga DULA ;<\/span><\/label><\/span><span class=\"wpcf7-list-item\"><label><input type=\"checkbox\" name=\"svojstvokoePrijavuva[]\" value=\"person, i cili n\u00eb \u00e7far\u00ebdolloj baze \u00ebsht\u00eb apo ka qen\u00eb n\u00eb mar\u00ebdh\u00ebnie afariste apo marr\u00ebdh\u00ebnie tjet\u00ebr t\u00eb bashk\u00ebpunimit me DULA ;\" \/><span class=\"wpcf7-list-item-label\">person, i cili n\u00eb \u00e7far\u00ebdolloj baze \u00ebsht\u00eb apo ka qen\u00eb n\u00eb mar\u00ebdh\u00ebnie afariste apo marr\u00ebdh\u00ebnie tjet\u00ebr t\u00eb bashk\u00ebpunimit me DULA ;<\/span><\/label><\/span><span class=\"wpcf7-list-item last\"><label><input type=\"checkbox\" name=\"svojstvokoePrijavuva[]\" value=\"person q\u00eb p\u00ebrdor apo ka p\u00ebrdorur sh\u00ebrbime n\u00eb DULA ;\" \/><span class=\"wpcf7-list-item-label\">person q\u00eb p\u00ebrdor apo ka p\u00ebrdorur sh\u00ebrbime n\u00eb DULA ;<\/span><\/label><\/span><\/span><\/span>\n<\/p>\n<p>Numri i telefonit p\u00ebr kontakt<br \/>\n<span class=\"wpcf7-form-control-wrap\" data-name=\"tel-786\"><input size=\"40\" class=\"wpcf7-form-control wpcf7-text wpcf7-tel wpcf7-validates-as-tel\" aria-invalid=\"false\" value=\"\" type=\"tel\" name=\"tel-786\" \/><\/span>\n<\/p>\n<p>Posta elektronike<br \/>\n<span class=\"wpcf7-form-control-wrap\" data-name=\"email-213\"><input size=\"40\" class=\"wpcf7-form-control wpcf7-text wpcf7-email wpcf7-validates-as-email\" aria-invalid=\"false\" value=\"\" type=\"email\" name=\"email-213\" \/><\/span>\n<\/p>\n<p>M\u00ebnyra e preferuar e komunikimit<br \/>\n<span class=\"wpcf7-form-control-wrap\" data-name=\"nacinKomunikacija\"><span class=\"wpcf7-form-control wpcf7-checkbox\"><span class=\"wpcf7-list-item first\"><label><input type=\"checkbox\" name=\"nacinKomunikacija[]\" value=\"Telefoni\" \/><span class=\"wpcf7-list-item-label\">Telefoni<\/span><\/label><\/span><span class=\"wpcf7-list-item\"><label><input type=\"checkbox\" name=\"nacinKomunikacija[]\" value=\"Posta elektronike\" \/><span class=\"wpcf7-list-item-label\">Posta elektronike<\/span><\/label><\/span><span class=\"wpcf7-list-item last\"><label><input type=\"checkbox\" name=\"nacinKomunikacija[]\" value=\"t\u00eb tjera (em\u00ebrto)\" \/><span class=\"wpcf7-list-item-label\">t\u00eb tjera (em\u00ebrto)<\/span><\/label><\/span><\/span><\/span>\n<\/p>\n<p><span class=\"wpcf7-form-control-wrap\" data-name=\"nacinKomunikacijaDrugo\"><input size=\"40\" class=\"wpcf7-form-control wpcf7-text\" aria-invalid=\"false\" placeholder=\"t\u00eb tjera\" value=\"\" type=\"text\" name=\"nacinKomunikacijaDrugo\" \/><\/span>\n<\/p>\n<p>K\u00ebrkes\u00eb p\u00ebr besueshm\u00ebri*<br \/>\n<span class=\"wpcf7-form-control-wrap\" data-name=\"Doverlivost\"><input size=\"40\" class=\"wpcf7-form-control wpcf7-text wpcf7-validates-as-required\" aria-required=\"true\" aria-invalid=\"false\" value=\"\" type=\"text\" name=\"Doverlivost\" \/><\/span>\n<\/p>\n<h3>T\u00cb DH\u00cbNAT P\u00cbR SUBJEKTIN, KUND\u00cbR T\u00cb CILIT PARASHTROHET RAPORTI\n<\/h3>\n<p>Emri i personit, gjegj\u00ebsisht i subjektit, kund\u00ebr t\u00eb cilit sinjalizuesi raporton<br \/>\n<span class=\"wpcf7-form-control-wrap\" data-name=\"ImeProtivkogo\"><input size=\"40\" class=\"wpcf7-form-control wpcf7-text\" aria-invalid=\"false\" value=\"\" type=\"text\" name=\"ImeProtivkogo\" \/><\/span>\n<\/p>\n<p>Numri i telefonit p\u00ebr kontakt<br \/>\n<span class=\"wpcf7-form-control-wrap\" data-name=\"telProtiv\"><input size=\"40\" class=\"wpcf7-form-control wpcf7-text wpcf7-tel wpcf7-validates-as-tel\" aria-invalid=\"false\" value=\"\" type=\"tel\" name=\"telProtiv\" \/><\/span>\n<\/p>\n<p>Posta elektronike<br \/>\n<span class=\"wpcf7-form-control-wrap\" data-name=\"emailProtiv\"><input size=\"40\" class=\"wpcf7-form-control wpcf7-text wpcf7-email wpcf7-validates-as-email\" aria-invalid=\"false\" value=\"\" type=\"email\" name=\"emailProtiv\" \/><\/span>\n<\/p>\n<p><b>Na e transmetoni dyshimin Tuaj t\u00eb arsyesh\u00ebm apo zbulimin se \u00ebsht\u00eb kryer, \u00ebsht\u00eb n\u00eb kryerje e sip\u00ebr apo me gjas\u00eb do t\u00eb kryhet vep\u00ebr penale, joetike apo ndonj\u00eb vep\u00ebr tjet\u00ebr e paligjshme apo e palejuar, me t\u00eb cil\u00ebn l\u00ebndohet apo rrezikohet interesi publik. Na shpjegoni se kush, si, ku dhe n\u00eb \u00e7far\u00eb m\u00ebnyre e ka l\u00ebnduar apo rrezikuar interesin publik. <\/b>\n<\/p>\n<p>1.\tP\u00ebr \u00e7far\u00eb veprimi, q\u00eb n\u00ebnkupton l\u00ebndim apo rrezikim t\u00eb interesit publik keni dyshim apo njohuri t\u00eb<br \/>\narsyeshme?*<br \/>\nNa e shpjegoni detajisht vepr\u00ebn, me t\u00eb cil\u00ebn besoni se jan\u00eb l\u00ebnduar t\u00eb drejtat Tuaja, n\u00eb rast se keni qen\u00eb d\u00ebshmitar apo person q\u00eb ka informata t\u00eb besueshme n\u00eb lidhje me vepr\u00ebn , e cila mund t\u00eb jet\u00eb penale, e paligjshme, e palejuar apo joetike, me t\u00eb cil\u00ebn rrezikohet apo l\u00ebndohet interesi publik (p.sh. keqp\u00ebrdorimi i pozit\u00ebs dhe i autorizimeve zyrtare, pun\u00eb e pand\u00ebrgjegjshme n\u00eb Drejtorin\u00eb, marrja apo dh\u00ebnia e ryshfetit, mashtrime n\u00eb sh\u00ebrbime dhe vepra t\u00eb tjera t\u00eb ngjashme t\u00eb natyr\u00ebs korruptive, si dhe informata p\u00ebr tendere, konkurse publike t\u00eb rregulluara etj.<br \/>\n<span class=\"wpcf7-form-control-wrap\" data-name=\"prvo\"><textarea cols=\"40\" rows=\"10\" class=\"wpcf7-form-control wpcf7-textarea wpcf7-validates-as-required\" aria-required=\"true\" aria-invalid=\"false\" name=\"prvo\"><\/textarea><\/span>\n<\/p>\n<p>2.\tKush ka vepruar n\u00eb kund\u00ebrshtim me q\u00ebndrimin zyrtar dhe autorizimeve,pun\u00eb t\u00eb pakujdesshme dhe t\u00eb tjera n\u00eb Drejtorin\u00eb?*<br \/>\nNa e tregoni personin\/subjektin, p\u00ebr t\u00eb cilin keni dyshime apo njohuri se ka kryer vepr\u00ebn, q\u00eb e paraqitni n\u00eb raport.<br \/>\n<span class=\"wpcf7-form-control-wrap\" data-name=\"vtoro\"><textarea cols=\"40\" rows=\"10\" class=\"wpcf7-form-control wpcf7-textarea\" aria-invalid=\"false\" name=\"vtoro\"><\/textarea><\/span>\n<\/p>\n<p>3.\tKur ka ndodhur vepra q\u00eb e raportoni dhe si e zbuluat Ju t\u00eb nj\u00ebjt\u00ebn?*<br \/>\n<span class=\"wpcf7-form-control-wrap\" data-name=\"treto\"><textarea cols=\"40\" rows=\"10\" class=\"wpcf7-form-control wpcf7-textarea wpcf7-validates-as-required\" aria-required=\"true\" aria-invalid=\"false\" name=\"treto\"><\/textarea><\/span>\n<\/p>\n<p>4.\tKu ka ndodhur veprimi?*<br \/>\n<span class=\"wpcf7-form-control-wrap\" data-name=\"cetvrt\"><textarea cols=\"40\" rows=\"10\" class=\"wpcf7-form-control wpcf7-textarea wpcf7-validates-as-required\" aria-required=\"true\" aria-invalid=\"false\" name=\"cetvrt\"><\/textarea><\/span>\n<\/p>\n<p>5.\tA keni d\u00ebshmi, q\u00eb v\u00ebrtetojn\u00eb dyshimin apo dijenin\u00eb Tuaj? (n\u00ebse ka fakte do ti japi n\u00eb shtojc\u00eb t\u00eb raportit)<br \/>\n<span class=\"wpcf7-form-control-wrap\" data-name=\"pet\"><textarea cols=\"40\" rows=\"10\" class=\"wpcf7-form-control wpcf7-textarea\" aria-invalid=\"false\" name=\"pet\"><\/textarea><\/span>\n<\/p>\n<p>6.\tN\u00eb veprim, a jan\u00eb p\u00ebrfshir\u00eb edhe pal\u00eb t\u00eb tjera, p\u00ebrve\u00e7 subjektit, kund\u00ebr t\u00eb cilit \u00ebsht\u00eb parashtruar k\u00ebrkesa? Ju lutemi, sqaroeni.<br \/>\n<span class=\"wpcf7-form-control-wrap\" data-name=\"sest\"><textarea cols=\"40\" rows=\"10\" class=\"wpcf7-form-control wpcf7-textarea\" aria-invalid=\"false\" name=\"sest\"><\/textarea><\/span>\n<\/p>\n<p>7.\tA d\u00ebshironi t\u00eb shtoni di\u00e7ka tjet\u00ebr n\u00eb shtojc\u00eb t\u00eb raportit (qart\u00ebsoni \u00e7far\u00eb mund t\u00eb jet\u00eb si shtojc\u00eb,dhe do t\u00eb jet\u00eb n\u00eb interes t\u00eb veprimit, p.sh. kontrata, dokumente t\u00eb tjera, fotografi, deklarata dhe t\u00eb ngjashme?)<br \/>\n<span class=\"wpcf7-form-control-wrap\" data-name=\"sedum\"><textarea cols=\"40\" rows=\"10\" class=\"wpcf7-form-control wpcf7-textarea\" aria-invalid=\"false\" name=\"sedum\"><\/textarea><\/span>\n<\/p>\n<p><input class=\"wpcf7-form-control has-spinner wpcf7-submit\" type=\"submit\" value=\"D\u00cbRGONI\" \/>\n<\/p><div class=\"wpcf7-response-output\" aria-hidden=\"true\"><\/div>\n<input type=\"hidden\" name=\"trp-form-language\" value=\"sq\"\/><\/form>\n<\/div>","protected":false},"excerpt":{"rendered":"","protected":false},"author":3,"featured_media":0,"parent":0,"menu_order":0,"comment_status":"closed","ping_status":"closed","template":"","meta":[],"_links":{"self":[{"href":"https:\/\/uvmk.gov.mk\/sq\/wp-json\/wp\/v2\/pages\/11488"}],"collection":[{"href":"https:\/\/uvmk.gov.mk\/sq\/wp-json\/wp\/v2\/pages"}],"about":[{"href":"https:\/\/uvmk.gov.mk\/sq\/wp-json\/wp\/v2\/types\/page"}],"author":[{"embeddable":true,"href":"https:\/\/uvmk.gov.mk\/sq\/wp-json\/wp\/v2\/users\/3"}],"replies":[{"embeddable":true,"href":"https:\/\/uvmk.gov.mk\/sq\/wp-json\/wp\/v2\/comments?post=11488"}],"version-history":[{"count":1,"href":"https:\/\/uvmk.gov.mk\/sq\/wp-json\/wp\/v2\/pages\/11488\/revisions"}],"predecessor-version":[{"id":11489,"href":"https:\/\/uvmk.gov.mk\/sq\/wp-json\/wp\/v2\/pages\/11488\/revisions\/11489"}],"wp:attachment":[{"href":"https:\/\/uvmk.gov.mk\/sq\/wp-json\/wp\/v2\/media?parent=11488"}],"curies":[{"name":"wp","href":"https:\/\/api.w.org\/{rel}","templated":true}]}}