{"id":11754,"date":"2025-04-23T12:27:21","date_gmt":"2025-04-23T12:27:21","guid":{"rendered":"https:\/\/uvmk.gov.mk\/?page_id=11754"},"modified":"2025-04-23T12:27:21","modified_gmt":"2025-04-23T12:27:21","slug":"njoftim","status":"publish","type":"page","link":"https:\/\/uvmk.gov.mk\/sq\/lajme\/njoftim\/","title":{"rendered":"Njoftim"},"content":{"rendered":"<div class=\"xdj266r x11i5rnm xat24cr x1mh8g0r x1vvkbs x126k92a\">\n<div dir=\"auto\">\u0418\u0437\u0432\u0435\u0441\u0442\u0443\u0432\u0430\u045a\u0435 !<\/div>\n<div dir=\"auto\">\u041f\u043e\u0447\u0438\u0442\u0443\u0432\u0430\u043d\u0438 \u0433\u0440\u0430\u0453\u0430\u043d\u0438 ,<\/div>\n<div dir=\"auto\">\u0412\u0435 \u0438\u043d\u0444\u043e\u0440\u043c\u0438\u0440\u0430\u043c\u0435 \u0434\u0435\u043a\u0430 \u0437\u0430\u0440\u0430\u0434\u0438 \u0438\u0441\u043f\u0438\u0442\u0443\u0432\u0430\u045a\u0435 \u043d\u0430 \u0433\u043b\u0430\u0432\u0435\u043d \u043a\u0430\u0431\u0435\u043b \u0437\u0430 \u0434\u043e\u0432\u043e\u0434 \u043d\u0430 \u0441\u0442\u0440\u0443\u0458\u0430 \u0434\u043e \u0433\u043b\u0430\u0432\u043d\u0430 \u0440\u0430\u0437\u0432\u043e\u0434\u043d\u0430 \u0442\u0430\u0431\u043b\u0430 \u0432\u043e \u043f\u043e\u0440\u0430\u043d\u0435\u0448\u043d\u0438\u043e\u0442 \u043e\u0431\u0458\u0435\u043a\u0442 \u043d\u0430 \u041a\u043e\u043c\u0435\u0440\u0446\u0438\u0458\u0430\u043d\u0430 \u0411\u0430\u043d\u043a\u0430, \u0421\u043b\u0443\u0436\u0431\u0430\u0442\u0430 \u0437\u0430 \u043e\u043f\u0448\u0442\u0438 \u0438 \u0437\u0430\u0435\u0434\u043d\u0438\u0447\u043a\u0438 \u0440\u0430\u0431\u043e\u0442\u0438 \u043d\u0430 \u0412\u043b\u0430\u0434\u0430\u0442\u0430 \u043d\u0430 \u0420\u0435\u043f\u0443\u0431\u043b\u0438\u043a\u0430 \u0421\u0435\u0432\u0435\u0440\u043d\u0430 \u041c\u0430\u043a\u0435\u0434\u043e\u043d\u0438\u0458\u0430, \u0438\u0437\u0432\u0435\u0441\u0442\u0443\u0432\u0430 \u0434\u0435\u043a\u0430 \u043d\u0430 \u0434\u0435\u043d 25.04.2025 \u0433\u043e\u0434\u0438\u043d\u0430 \u043e\u0434 08:00 \u0434\u043e 12:00 \u0447\u0430\u0441\u043e\u0442 \u043d\u0435\u043c\u0430 \u0434\u0430 \u0438\u043c\u0430 \u0441\u0442\u0440\u0443\u0458\u0430 \u0432\u043e \u0423\u043f\u0440\u0430\u0432\u0430\u0442\u0430 \u0437\u0430 \u0432\u043e\u0434\u0435\u045a\u0435 \u043d\u0430 \u043c\u0430\u0442\u0438\u0447\u043d\u0438 \u043a\u043d\u0438\u0433\u0438-\u041f\u043e\u0434\u0440\u0430\u0447\u043d\u043e \u043e\u0434\u0434\u0435\u043b\u0435\u043d\u0438\u0435 \u0421\u043a\u043e\u043f\u0458\u0435.<\/div>\n<\/div>\n<div class=\"x11i5rnm xat24cr x1mh8g0r x1vvkbs xtlvy1s x126k92a\">\n<div dir=\"auto\">\u0421\u043e \u043f\u043e\u0447\u0438\u0442 \u0423\u0412\u041c\u041a,<\/div>\n<div dir=\"auto\">&#8212;&#8212;&#8212;&#8212;&#8212;&#8212;&#8212;&#8212;&#8212;&#8212;&#8212;&#8212;&#8212;&#8212;&#8212;&#8212;&#8212;&#8212;&#8212;&#8212;&#8212;<\/div>\n<div dir=\"auto\">Njoftim !<\/div>\n<div dir=\"auto\">T\u00eb nderuar qytetar\u00eb,<\/div>\n<div dir=\"auto\">Ju njoftojm\u00eb se Sh\u00ebrbimi p\u00ebr \u00c7\u00ebshtje t\u00eb P\u00ebrgjithshme dhe t\u00eb P\u00ebrbashk\u00ebta t\u00eb Qeveris\u00eb s\u00eb Republik\u00ebs s\u00eb Maqedonis\u00eb s\u00eb Veriut, p\u00ebr shkak t\u00eb ekzaminimit t\u00eb kabllit kryesor t\u00eb furnizimit me energji elektrike n\u00eb centralin kryesor n\u00eb ish objektin e Bank\u00ebs Komercijale, njofton se me dat\u00eb 25.04.2025 nga ora 08:00 deri n\u00eb ora 12:00 nuk do t\u00eb ket\u00eb rrym\u00eb elektrike n\u00eb Drejtorin\u00eb p\u00ebr Udh\u00ebheqje me Librat Am\u00eb \u2013 Nj\u00ebsia Rajonale Shkup.<\/div>\n<\/div>\n<div class=\"x11i5rnm xat24cr x1mh8g0r x1vvkbs xtlvy1s x126k92a\">\n<div dir=\"auto\">Me respekt DULA,<\/div>\n<\/div>","protected":false},"excerpt":{"rendered":"<p>\u0418\u0437\u0432\u0435\u0441\u0442\u0443\u0432\u0430\u045a\u0435 ! \u041f\u043e\u0447\u0438\u0442\u0443\u0432\u0430\u043d\u0438 \u0433\u0440\u0430\u0453\u0430\u043d\u0438 , \u0412\u0435 \u0438\u043d\u0444\u043e\u0440\u043c\u0438\u0440\u0430\u043c\u0435 \u0434\u0435\u043a\u0430 \u0437\u0430\u0440\u0430\u0434\u0438 \u0438\u0441\u043f\u0438\u0442\u0443\u0432\u0430\u045a\u0435 \u043d\u0430 \u0433\u043b\u0430\u0432\u0435\u043d \u043a\u0430\u0431\u0435\u043b \u0437\u0430 \u0434\u043e\u0432\u043e\u0434 \u043d\u0430 \u0441\u0442\u0440\u0443\u0458\u0430 \u0434\u043e \u0433\u043b\u0430\u0432\u043d\u0430 \u0440\u0430\u0437\u0432\u043e\u0434\u043d\u0430 \u0442\u0430\u0431\u043b\u0430 \u0432\u043e \u043f\u043e\u0440\u0430\u043d\u0435\u0448\u043d\u0438\u043e\u0442 \u043e\u0431\u0458\u0435\u043a\u0442 \u043d\u0430 \u041a\u043e\u043c\u0435\u0440\u0446\u0438\u0458\u0430\u043d\u0430 \u0411\u0430\u043d\u043a\u0430, \u0421\u043b\u0443\u0436\u0431\u0430\u0442\u0430 \u0437\u0430 \u043e\u043f\u0448\u0442\u0438 \u0438 \u0437\u0430\u0435\u0434\u043d\u0438\u0447\u043a\u0438 \u0440\u0430\u0431\u043e\u0442\u0438 \u043d\u0430 \u0412\u043b\u0430\u0434\u0430\u0442\u0430 \u043d\u0430 \u0420\u0435\u043f\u0443\u0431\u043b\u0438\u043a\u0430 \u0421\u0435\u0432\u0435\u0440\u043d\u0430 \u041c\u0430\u043a\u0435\u0434\u043e\u043d\u0438\u0458\u0430, \u0438\u0437\u0432\u0435\u0441\u0442\u0443\u0432\u0430 \u0434\u0435\u043a\u0430 \u043d\u0430 \u0434\u0435\u043d 25.04.2025 \u0433\u043e\u0434\u0438\u043d\u0430 \u043e\u0434 08:00 \u0434\u043e 12:00 \u0447\u0430\u0441\u043e\u0442 \u043d\u0435\u043c\u0430 \u0434\u0430 \u0438\u043c\u0430 \u0441\u0442\u0440\u0443\u0458\u0430 \u0432\u043e [&hellip;]<\/p>","protected":false},"author":1,"featured_media":0,"parent":10440,"menu_order":0,"comment_status":"closed","ping_status":"closed","template":"","meta":[],"_links":{"self":[{"href":"https:\/\/uvmk.gov.mk\/sq\/wp-json\/wp\/v2\/pages\/11754"}],"collection":[{"href":"https:\/\/uvmk.gov.mk\/sq\/wp-json\/wp\/v2\/pages"}],"about":[{"href":"https:\/\/uvmk.gov.mk\/sq\/wp-json\/wp\/v2\/types\/page"}],"author":[{"embeddable":true,"href":"https:\/\/uvmk.gov.mk\/sq\/wp-json\/wp\/v2\/users\/1"}],"replies":[{"embeddable":true,"href":"https:\/\/uvmk.gov.mk\/sq\/wp-json\/wp\/v2\/comments?post=11754"}],"version-history":[{"count":1,"href":"https:\/\/uvmk.gov.mk\/sq\/wp-json\/wp\/v2\/pages\/11754\/revisions"}],"predecessor-version":[{"id":11755,"href":"https:\/\/uvmk.gov.mk\/sq\/wp-json\/wp\/v2\/pages\/11754\/revisions\/11755"}],"up":[{"embeddable":true,"href":"https:\/\/uvmk.gov.mk\/sq\/wp-json\/wp\/v2\/pages\/10440"}],"wp:attachment":[{"href":"https:\/\/uvmk.gov.mk\/sq\/wp-json\/wp\/v2\/media?parent=11754"}],"curies":[{"name":"wp","href":"https:\/\/api.w.org\/{rel}","templated":true}]}}